{"id":1105,"date":"2014-10-29T22:40:36","date_gmt":"2014-10-30T03:40:36","guid":{"rendered":"http:\/\/geneticatricolor.com\/home\/?post_type=product&#038;p=1105"},"modified":"2025-07-24T07:33:32","modified_gmt":"2025-07-24T12:33:32","slug":"c-a-sansaogyr","status":"publish","type":"product","link":"https:\/\/geneticatricolor.com\/home\/tienda\/venta-de-semen\/razas-lecheras-tropico\/semen-gyr\/c-a-sansaogyr\/","title":{"rendered":"C.A. SANSAO"},"content":{"rendered":"<p>Por su impresionante producci\u00f3n de leche, C.A.Sansao alcanz\u00f3 una posici\u00f3n dentro del mejor 10% de todos los reproductores de la raza Gyr La muy buena precocidad de sus hijas le permiti\u00f3 ocupar la posici\u00f3n 24 en el ranking para edad al primer parto con -51 d\u00edas con una confiabilidad del 99%. Ocup\u00f3 la posici\u00f3n 1 en el ranking para producci\u00f3n de grasa en la que sus hijas en promedio produjeron alrededor de 34 kg de grasa por lactancia por encima del promedio de la raza. Sus hijas en promedio produjeron alrededor de 20 kg por encima del promedio de la raza, lo que le permiti\u00f3 ocupar el puesto KCA472. Transmite potencial para leche, sumado al fenotipo com mucha fuerza lechera, armonia y equil\u00edbrio. Sus hijas poseen una excelente capacidad corporal, fuerza lechera evidenciada en la producci\u00f3n de leche en Gir Lechero y Gyrolando. Padre de recordistas de producci\u00f3n y de Grandes Campeonas Nacionales en Brasil y Colombia. Por su impresionante producci\u00f3n de leche, C.A.Sansao alcanz\u00f3 una posici\u00f3n dentro del mejor 10% de todos los reproductores de la raza Gyr La muy buena precocidad de sus hijas le permiti\u00f3 ocupar la posici\u00f3n 24 en el ranking para edad al primer parto con -51 d\u00edas con una confiabilidad del 99%. Ocup\u00f3 la posici\u00f3n 1 en el ranking para producci\u00f3n de grasa en la que sus hijas en promedio produjeron alrededor de 34 kg de grasa por lactancia por encima del promedio de la raza.<\/p>\n<p>Sus hijas en promedio produjeron alrededor de 20 kg por encima del promedio de la raza, lo que le permiti\u00f3 ocupar el puesto KCA472. Adicionalmente, se ubica en la posici\u00f3n 2\u00b0 en el ranking de produccion de solidos totales con un PTAST de 79 y una confiabilidad de 97%. Gracias a su excelente producci\u00f3n de leche, edad al primer parto y cantidad de solidos totales, C.A.Sansao se ubic\u00f3 en la posici\u00f3n 2\u00b0 en el ranking de la ABCGIL en el a\u00f1o 2020 para IPGL (Indice de Producci\u00f3n del Gyr Lechero) en el cual se evaluaron hijas en mas de 677 reba\u00f1os evaluados. Su descendencia tiene un excelente temperamento, raz\u00f3n por la cual se ubic\u00f3 40 en el top 10% para manejo de la raza Gyr.<\/p>\n<p>\u00danico raceador en la hist\u00f3ria 10 veces l\u00edder del Ranking PNMGL ABCGIL\/EMBRAPA y 9 veces en el ranking de ABCZ\/UNESP.<\/p>\n","protected":false},"excerpt":{"rendered":"<p>Por su impresionante producci\u00f3n de leche, C.A.Sansao alcanz\u00f3 una posici\u00f3n dentro del mejor 10% de todos los reproductores de la raza Gyr La muy buena precocidad de sus hijas le [&hellip;]<\/p>\n","protected":false},"author":1,"featured_media":18326,"comment_status":"open","ping_status":"closed","template":"","meta":{"_acf_changed":false,"inline_featured_image":false,"_monsterinsights_skip_tracking":false,"_monsterinsights_sitenote_active":false,"_monsterinsights_sitenote_note":"","_monsterinsights_sitenote_category":0,"site-sidebar-layout":"default","site-content-layout":"","ast-site-content-layout":"default","site-content-style":"default","site-sidebar-style":"default","ast-global-header-display":"","ast-banner-title-visibility":"","ast-main-header-display":"","ast-hfb-above-header-display":"","ast-hfb-below-header-display":"","ast-hfb-mobile-header-display":"","site-post-title":"","ast-breadcrumbs-content":"","ast-featured-img":"","footer-sml-layout":"","ast-disable-related-posts":"","theme-transparent-header-meta":"","adv-header-id-meta":"","stick-header-meta":"","header-above-stick-meta":"","header-main-stick-meta":"","header-below-stick-meta":"","astra-migrate-meta-layouts":"default","ast-page-background-enabled":"default","ast-page-background-meta":{"desktop":{"background-color":"var(--ast-global-color-4)","background-image":"","background-repeat":"repeat","background-position":"center center","background-size":"auto","background-attachment":"scroll","background-type":"","background-media":"","overlay-type":"","overlay-color":"","overlay-opacity":"","overlay-gradient":""},"tablet":{"background-color":"","background-image":"","background-repeat":"repeat","background-position":"center center","background-size":"auto","background-attachment":"scroll","background-type":"","background-media":"","overlay-type":"","overlay-color":"","overlay-opacity":"","overlay-gradient":""},"mobile":{"background-color":"","background-image":"","background-repeat":"repeat","background-position":"center center","background-size":"auto","background-attachment":"scroll","background-type":"","background-media":"","overlay-type":"","overlay-color":"","overlay-opacity":"","overlay-gradient":""}},"ast-content-background-meta":{"desktop":{"background-color":"var(--ast-global-color-5)","background-image":"","background-repeat":"repeat","background-position":"center center","background-size":"auto","background-attachment":"scroll","background-type":"","background-media":"","overlay-type":"","overlay-color":"","overlay-opacity":"","overlay-gradient":""},"tablet":{"background-color":"var(--ast-global-color-5)","background-image":"","background-repeat":"repeat","background-position":"center center","background-size":"auto","background-attachment":"scroll","background-type":"","background-media":"","overlay-type":"","overlay-color":"","overlay-opacity":"","overlay-gradient":""},"mobile":{"background-color":"var(--ast-global-color-5)","background-image":"","background-repeat":"repeat","background-position":"center center","background-size":"auto","background-attachment":"scroll","background-type":"","background-media":"","overlay-type":"","overlay-color":"","overlay-opacity":"","overlay-gradient":""}},"jetpack_publicize_message":"","jetpack_publicize_feature_enabled":true,"jetpack_social_post_already_shared":false,"jetpack_social_options":{"image_generator_settings":{"template":"highway","default_image_id":0,"font":"","enabled":false},"version":2}},"product_brand":[],"product_cat":[50],"product_tag":[398],"class_list":{"0":"post-1105","1":"product","2":"type-product","3":"status-publish","4":"has-post-thumbnail","6":"product_cat-semen-gyr","7":"product_tag-gyr-brasilero","8":"desktop-align-left","9":"tablet-align-left","10":"mobile-align-left","12":"first","13":"instock","14":"shipping-taxable","15":"product-type-simple"},"acf":{"laboratorio":"","principio_activo":"","indicaciones":"","concentracion":"","dosis_y_modo_de_empleo":"","precauciones":"","tiempo_de_retiro":"","via_de_administracion1":[]},"jetpack_publicize_connections":[],"jetpack_sharing_enabled":true,"_links":{"self":[{"href":"https:\/\/geneticatricolor.com\/home\/wp-json\/wp\/v2\/product\/1105","targetHints":{"allow":["GET"]}}],"collection":[{"href":"https:\/\/geneticatricolor.com\/home\/wp-json\/wp\/v2\/product"}],"about":[{"href":"https:\/\/geneticatricolor.com\/home\/wp-json\/wp\/v2\/types\/product"}],"author":[{"embeddable":true,"href":"https:\/\/geneticatricolor.com\/home\/wp-json\/wp\/v2\/users\/1"}],"replies":[{"embeddable":true,"href":"https:\/\/geneticatricolor.com\/home\/wp-json\/wp\/v2\/comments?post=1105"}],"wp:featuredmedia":[{"embeddable":true,"href":"https:\/\/geneticatricolor.com\/home\/wp-json\/wp\/v2\/media\/18326"}],"wp:attachment":[{"href":"https:\/\/geneticatricolor.com\/home\/wp-json\/wp\/v2\/media?parent=1105"}],"wp:term":[{"taxonomy":"product_brand","embeddable":true,"href":"https:\/\/geneticatricolor.com\/home\/wp-json\/wp\/v2\/product_brand?post=1105"},{"taxonomy":"product_cat","embeddable":true,"href":"https:\/\/geneticatricolor.com\/home\/wp-json\/wp\/v2\/product_cat?post=1105"},{"taxonomy":"product_tag","embeddable":true,"href":"https:\/\/geneticatricolor.com\/home\/wp-json\/wp\/v2\/product_tag?post=1105"}],"curies":[{"name":"wp","href":"https:\/\/api.w.org\/{rel}","templated":true}]}}