{"id":1484,"date":"2015-05-12T12:10:55","date_gmt":"2015-05-12T17:10:55","guid":{"rendered":"http:\/\/geneticatricolor.com\/home\/?post_type=product&#038;p=1484"},"modified":"2025-07-24T07:33:40","modified_gmt":"2025-07-24T12:33:40","slug":"toronto-presley-126charolaise","status":"publish","type":"product","link":"https:\/\/geneticatricolor.com\/home\/tienda\/venta-de-semen\/semen-carne-especial\/semen-charolaise\/toronto-presley-126charolaise\/","title":{"rendered":"H.A. ARIA TORONTO PRESLEY 126"},"content":{"rendered":"<p><strong>H.A ARIA TORONTO PRESLEY 126<\/strong> <strong>T.E<\/strong>.<\/p>\n<p>Fecha de Nacimiento: 03\/01\/2013<\/p>\n<p>Registro: 01-M 000527<\/p>\n<p>N\u00famero: 126<\/p>\n<ul>\n<li>A los 13 meses fue declarado Campe\u00f3n Intermedio\u2013Malocas 2014. IMPAIR FR PRESLEY HA TORONTO HEP CHANEL MEDUSE JWK STETSON HVB POLET<\/li>\n<li>A su corta edad TORONTO ya ha dado de que hablar en las pistas, con apenas 13 meses se convirti\u00f3 en el Campe\u00f3n Intermedio de la Feria Expomalocas 2014.<\/li>\n<li>Toronto es la combinaci\u00f3n ideal entre fenotipo y gen\u00e9tica: A los 6 meses se desteto con 326 kg. A los 14 meses de edad se le congelo semen demostrando su precocidad y fertilidad. Hijo del reconocido toro franc\u00e9s PRESLEY destacado por su habilidad materna (117). Extraordinario fenotipo acompa\u00f1ado de una excelente gen\u00e9tica.<\/li>\n<\/ul>\n<p><strong> Gran Campe\u00f3n Nacional 2015.<\/strong><\/p>\n<p><strong>Campe\u00f3n de Sur Am\u00e9rica 2016.<\/strong><\/p>\n<p><strong>Gran Campe\u00f3n Nacional de la raza Charolais a\u00f1o 2019.<\/strong><\/p>\n<p>Es un toro de talla media, de extraordinaria longitud en lomos y ancas, fuerte de dorso y acompa\u00f1ado de una musculatura abundante por todo su cuerpo, que remata en un tren posterior extraordinario. Sus hijos tanto en cruzamiento como en Charolais puro han demostrado facilidad de nacimiento, excelentes ganancias de peso y musculatura acorde al sexo, hembras femeninas y machos muy masculinos. Comprobada habilidad materna. Hijos e hijas campeones.<\/p>\n","protected":false},"excerpt":{"rendered":"<p>H.A ARIA TORONTO PRESLEY 126 T.E. Fecha de Nacimiento: 03\/01\/2013 Registro: 01-M 000527 N\u00famero: 126 A los 13 meses fue declarado Campe\u00f3n Intermedio\u2013Malocas 2014. IMPAIR FR PRESLEY HA TORONTO HEP [&hellip;]<\/p>\n","protected":false},"author":1,"featured_media":72256,"comment_status":"open","ping_status":"closed","template":"","meta":{"_acf_changed":false,"inline_featured_image":false,"_monsterinsights_skip_tracking":false,"_monsterinsights_sitenote_active":false,"_monsterinsights_sitenote_note":"","_monsterinsights_sitenote_category":0,"site-sidebar-layout":"default","site-content-layout":"","ast-site-content-layout":"default","site-content-style":"default","site-sidebar-style":"default","ast-global-header-display":"","ast-banner-title-visibility":"","ast-main-header-display":"","ast-hfb-above-header-display":"","ast-hfb-below-header-display":"","ast-hfb-mobile-header-display":"","site-post-title":"","ast-breadcrumbs-content":"","ast-featured-img":"","footer-sml-layout":"","ast-disable-related-posts":"","theme-transparent-header-meta":"default","adv-header-id-meta":"","stick-header-meta":"","header-above-stick-meta":"","header-main-stick-meta":"","header-below-stick-meta":"","astra-migrate-meta-layouts":"set","ast-page-background-enabled":"default","ast-page-background-meta":{"desktop":{"background-color":"var(--ast-global-color-4)","background-image":"","background-repeat":"repeat","background-position":"center center","background-size":"auto","background-attachment":"scroll","background-type":"","background-media":"","overlay-type":"","overlay-color":"","overlay-opacity":"","overlay-gradient":""},"tablet":{"background-color":"","background-image":"","background-repeat":"repeat","background-position":"center center","background-size":"auto","background-attachment":"scroll","background-type":"","background-media":"","overlay-type":"","overlay-color":"","overlay-opacity":"","overlay-gradient":""},"mobile":{"background-color":"","background-image":"","background-repeat":"repeat","background-position":"center center","background-size":"auto","background-attachment":"scroll","background-type":"","background-media":"","overlay-type":"","overlay-color":"","overlay-opacity":"","overlay-gradient":""}},"ast-content-background-meta":{"desktop":{"background-color":"var(--ast-global-color-5)","background-image":"","background-repeat":"repeat","background-position":"center center","background-size":"auto","background-attachment":"scroll","background-type":"","background-media":"","overlay-type":"","overlay-color":"","overlay-opacity":"","overlay-gradient":""},"tablet":{"background-color":"var(--ast-global-color-5)","background-image":"","background-repeat":"repeat","background-position":"center center","background-size":"auto","background-attachment":"scroll","background-type":"","background-media":"","overlay-type":"","overlay-color":"","overlay-opacity":"","overlay-gradient":""},"mobile":{"background-color":"var(--ast-global-color-5)","background-image":"","background-repeat":"repeat","background-position":"center center","background-size":"auto","background-attachment":"scroll","background-type":"","background-media":"","overlay-type":"","overlay-color":"","overlay-opacity":"","overlay-gradient":""}},"jetpack_publicize_message":"","jetpack_publicize_feature_enabled":true,"jetpack_social_post_already_shared":false,"jetpack_social_options":{"image_generator_settings":{"template":"highway","default_image_id":0,"font":"","enabled":false},"version":2}},"product_brand":[],"product_cat":[49],"product_tag":[427],"class_list":{"0":"post-1484","1":"product","2":"type-product","3":"status-publish","4":"has-post-thumbnail","6":"product_cat-semen-charolaise","7":"product_tag-charolaise-colombiano","8":"desktop-align-left","9":"tablet-align-left","10":"mobile-align-left","12":"first","13":"instock","14":"shipping-taxable","15":"product-type-simple"},"acf":{"laboratorio":"","principio_activo":"","indicaciones":"","concentracion":"","dosis_y_modo_de_empleo":"","precauciones":"","tiempo_de_retiro":"","via_de_administracion1":[]},"jetpack_publicize_connections":[],"jetpack_sharing_enabled":true,"_links":{"self":[{"href":"https:\/\/geneticatricolor.com\/home\/wp-json\/wp\/v2\/product\/1484","targetHints":{"allow":["GET"]}}],"collection":[{"href":"https:\/\/geneticatricolor.com\/home\/wp-json\/wp\/v2\/product"}],"about":[{"href":"https:\/\/geneticatricolor.com\/home\/wp-json\/wp\/v2\/types\/product"}],"author":[{"embeddable":true,"href":"https:\/\/geneticatricolor.com\/home\/wp-json\/wp\/v2\/users\/1"}],"replies":[{"embeddable":true,"href":"https:\/\/geneticatricolor.com\/home\/wp-json\/wp\/v2\/comments?post=1484"}],"wp:featuredmedia":[{"embeddable":true,"href":"https:\/\/geneticatricolor.com\/home\/wp-json\/wp\/v2\/media\/72256"}],"wp:attachment":[{"href":"https:\/\/geneticatricolor.com\/home\/wp-json\/wp\/v2\/media?parent=1484"}],"wp:term":[{"taxonomy":"product_brand","embeddable":true,"href":"https:\/\/geneticatricolor.com\/home\/wp-json\/wp\/v2\/product_brand?post=1484"},{"taxonomy":"product_cat","embeddable":true,"href":"https:\/\/geneticatricolor.com\/home\/wp-json\/wp\/v2\/product_cat?post=1484"},{"taxonomy":"product_tag","embeddable":true,"href":"https:\/\/geneticatricolor.com\/home\/wp-json\/wp\/v2\/product_tag?post=1484"}],"curies":[{"name":"wp","href":"https:\/\/api.w.org\/{rel}","templated":true}]}}