{"id":16696,"date":"2020-04-03T01:20:34","date_gmt":"2020-04-03T06:20:34","guid":{"rendered":"http:\/\/geneticatricolor.com\/home\/producto\/3x-sophisticated-80-3brahman-rojo\/"},"modified":"2025-07-24T07:39:14","modified_gmt":"2025-07-24T12:39:14","slug":"3x-sophisticated-80-3brahman-rojo","status":"publish","type":"product","link":"https:\/\/geneticatricolor.com\/home\/tienda\/venta-de-semen\/semen-carne-tropico\/semen-brahmanrojo\/3x-sophisticated-80-3brahman-rojo\/","title":{"rendered":"3X SOPHISTICATED MILLIONAIRE 80\/3"},"content":{"rendered":"<p>+Sophisticated Millionaire 80\/3 es uno de los toros de Brahman rojo m\u00e1s reconocidos que ha definido la raza Brahman. Es un toro que te gustar\u00e1 por su excepcional estructura, longitud de cuerpo, correcci\u00f3n, hueso y elevaci\u00f3n. El 80\/3 domin\u00f3 el ring de exhibici\u00f3n de Brahman con cientos de campeones en todo el mundo.<\/p>\n<p>Su progenie le ha ganado el derecho a ser llamado l\u00edder de raza. Sus hijas son impresionantes en t\u00e9rminos de feminidad, fertilidad y angulosidad. Ha producido una alineaci\u00f3n de campeones en los Estados Unidos e internacionalmente. Ha producido tantos campeones de espect\u00e1culos, si no m\u00e1s, que cualquier otro Brahman rojo, incluidos muchos campeonatos nacionales e internacionales de grandes y toros. + Sofisticado Millonario 80\/3 ha producido 9 descendientes del Registro de Renombre y actualmente es el toro # 4 en el Registro de Renombre y el toro Brahman rojo # 1 en el ranking de todos los tiempos.<\/p>\n<p>+ Sofisticado Millionaire 80\/3 debe usarse en hembras de complexi\u00f3n media que tienen m\u00fasculo. Puede contar con \u00e9l para agregar hueso y tama\u00f1o, junto con los rasgos maternos de feminidad, fertilidad, maternidad y capacidad de orde\u00f1o.<\/p>\n<p>Logros:<\/p>\n<p>American Brahman Breeders Association # 1 Registro de Red Bull de renombre<br \/>\nSe ubica en el 10% superior de la raza para WW, YW, Milk &amp; Docility<br \/>\nPadre de hembras y toros campeones nacionales e internacionales<br \/>\nPadre de varios campeones mundiales<\/p>\n","protected":false},"excerpt":{"rendered":"<p>+Sophisticated Millionaire 80\/3 es uno de los toros de Brahman rojo m\u00e1s reconocidos que ha definido la raza Brahman. Es un toro que te gustar\u00e1 por su excepcional estructura, longitud [&hellip;]<\/p>\n","protected":false},"author":1,"featured_media":56029,"comment_status":"open","ping_status":"closed","template":"","meta":{"_acf_changed":false,"inline_featured_image":false,"_monsterinsights_skip_tracking":false,"_monsterinsights_sitenote_active":false,"_monsterinsights_sitenote_note":"","_monsterinsights_sitenote_category":0,"site-sidebar-layout":"default","site-content-layout":"","ast-site-content-layout":"default","site-content-style":"default","site-sidebar-style":"default","ast-global-header-display":"","ast-banner-title-visibility":"","ast-main-header-display":"","ast-hfb-above-header-display":"","ast-hfb-below-header-display":"","ast-hfb-mobile-header-display":"","site-post-title":"","ast-breadcrumbs-content":"","ast-featured-img":"","footer-sml-layout":"","ast-disable-related-posts":"","theme-transparent-header-meta":"","adv-header-id-meta":"","stick-header-meta":"","header-above-stick-meta":"","header-main-stick-meta":"","header-below-stick-meta":"","astra-migrate-meta-layouts":"default","ast-page-background-enabled":"default","ast-page-background-meta":{"desktop":{"background-color":"var(--ast-global-color-4)","background-image":"","background-repeat":"repeat","background-position":"center center","background-size":"auto","background-attachment":"scroll","background-type":"","background-media":"","overlay-type":"","overlay-color":"","overlay-opacity":"","overlay-gradient":""},"tablet":{"background-color":"","background-image":"","background-repeat":"repeat","background-position":"center center","background-size":"auto","background-attachment":"scroll","background-type":"","background-media":"","overlay-type":"","overlay-color":"","overlay-opacity":"","overlay-gradient":""},"mobile":{"background-color":"","background-image":"","background-repeat":"repeat","background-position":"center center","background-size":"auto","background-attachment":"scroll","background-type":"","background-media":"","overlay-type":"","overlay-color":"","overlay-opacity":"","overlay-gradient":""}},"ast-content-background-meta":{"desktop":{"background-color":"var(--ast-global-color-5)","background-image":"","background-repeat":"repeat","background-position":"center center","background-size":"auto","background-attachment":"scroll","background-type":"","background-media":"","overlay-type":"","overlay-color":"","overlay-opacity":"","overlay-gradient":""},"tablet":{"background-color":"var(--ast-global-color-5)","background-image":"","background-repeat":"repeat","background-position":"center center","background-size":"auto","background-attachment":"scroll","background-type":"","background-media":"","overlay-type":"","overlay-color":"","overlay-opacity":"","overlay-gradient":""},"mobile":{"background-color":"var(--ast-global-color-5)","background-image":"","background-repeat":"repeat","background-position":"center center","background-size":"auto","background-attachment":"scroll","background-type":"","background-media":"","overlay-type":"","overlay-color":"","overlay-opacity":"","overlay-gradient":""}},"jetpack_publicize_message":"","jetpack_publicize_feature_enabled":true,"jetpack_social_post_already_shared":false,"jetpack_social_options":{"image_generator_settings":{"template":"highway","default_image_id":0,"font":"","enabled":false},"version":2}},"product_brand":[],"product_cat":[84],"product_tag":[421],"class_list":{"0":"post-16696","1":"product","2":"type-product","3":"status-publish","4":"has-post-thumbnail","6":"product_cat-semen-brahmanrojo","7":"product_tag-brahman-rojo-americano","8":"desktop-align-left","9":"tablet-align-left","10":"mobile-align-left","12":"first","13":"instock","14":"shipping-taxable","15":"product-type-simple"},"acf":{"laboratorio":"","principio_activo":"","indicaciones":"","concentracion":"","dosis_y_modo_de_empleo":"","precauciones":"","tiempo_de_retiro":"","via_de_administracion1":[]},"jetpack_publicize_connections":[],"jetpack_sharing_enabled":true,"_links":{"self":[{"href":"https:\/\/geneticatricolor.com\/home\/wp-json\/wp\/v2\/product\/16696","targetHints":{"allow":["GET"]}}],"collection":[{"href":"https:\/\/geneticatricolor.com\/home\/wp-json\/wp\/v2\/product"}],"about":[{"href":"https:\/\/geneticatricolor.com\/home\/wp-json\/wp\/v2\/types\/product"}],"author":[{"embeddable":true,"href":"https:\/\/geneticatricolor.com\/home\/wp-json\/wp\/v2\/users\/1"}],"replies":[{"embeddable":true,"href":"https:\/\/geneticatricolor.com\/home\/wp-json\/wp\/v2\/comments?post=16696"}],"wp:featuredmedia":[{"embeddable":true,"href":"https:\/\/geneticatricolor.com\/home\/wp-json\/wp\/v2\/media\/56029"}],"wp:attachment":[{"href":"https:\/\/geneticatricolor.com\/home\/wp-json\/wp\/v2\/media?parent=16696"}],"wp:term":[{"taxonomy":"product_brand","embeddable":true,"href":"https:\/\/geneticatricolor.com\/home\/wp-json\/wp\/v2\/product_brand?post=16696"},{"taxonomy":"product_cat","embeddable":true,"href":"https:\/\/geneticatricolor.com\/home\/wp-json\/wp\/v2\/product_cat?post=16696"},{"taxonomy":"product_tag","embeddable":true,"href":"https:\/\/geneticatricolor.com\/home\/wp-json\/wp\/v2\/product_tag?post=16696"}],"curies":[{"name":"wp","href":"https:\/\/api.w.org\/{rel}","templated":true}]}}