{"id":24014,"date":"2020-09-01T16:26:01","date_gmt":"2020-09-01T21:26:01","guid":{"rendered":"https:\/\/geneticatricolor.com\/home\/?post_type=product&#038;p=24014"},"modified":"2025-07-24T07:42:24","modified_gmt":"2025-07-24T12:42:24","slug":"rotglut-1026simmcebu-5-8-sim-3-8-gyr","status":"publish","type":"product","link":"https:\/\/geneticatricolor.com\/home\/tienda\/venta-de-semen\/razas-lecheras-tropico\/simmgyr\/rotglut-1026simmcebu-5-8-sim-3-8-gyr\/","title":{"rendered":"HS MONSE\u00d1OR 1210"},"content":{"rendered":"<p data-start=\"40\" data-end=\"333\">El toro <strong>HS MONSE\u00d1OR<\/strong> 1210 es un ejemplar de la raza SimmGyr, una raza sint\u00e9tica que resulta del cruce entre Simmental y Gyr. Esta combinaci\u00f3n busca aprovechar las fortalezas de ambas razas: la alta producci\u00f3n de leche y carne de la Simmental, y la rusticidad y adaptabilidad al tr\u00f3pico del Gyr.<\/p>\n<p data-start=\"74\" data-end=\"477\">&#8220;Este toro presenta un excelente fenotipo, con una gran cobertura muscular y una notable cantidad de pigmento. Su pedigree destaca por una importante cantidad de leche, lo que resalta a\u00fan m\u00e1s su potencial gen\u00e9tico. Adem\u00e1s, cuenta con un gran soporte gen\u00e9tico que respalda su calidad. Su temperamento es excelente, lo que lo convierte en un animal manejable y apto para diversos sistemas de producci\u00f3n.&#8221;<\/p>\n<p data-start=\"335\" data-end=\"384\"><strong data-start=\"335\" data-end=\"384\">Caracter\u00edsticas generales de la raza SimmGyr:<\/strong><\/p>\n<ul data-start=\"386\" data-end=\"1068\">\n<li data-start=\"386\" data-end=\"556\">\n<p data-start=\"388\" data-end=\"556\"><strong data-start=\"388\" data-end=\"407\">Doble prop\u00f3sito<\/strong>: Los ejemplares SimmGyr est\u00e1n dise\u00f1ados para ser productivos tanto en la producci\u00f3n de carne como de leche, ofreciendo versatilidad a los ganaderos.<\/p>\n<\/li>\n<li data-start=\"558\" data-end=\"709\">\n<p data-start=\"560\" data-end=\"709\"><strong data-start=\"560\" data-end=\"577\">Adaptabilidad<\/strong>: La raza muestra una excelente adaptaci\u00f3n a climas c\u00e1lidos y condiciones de tr\u00f3pico bajo, gracias a la influencia gen\u00e9tica del Gyr.<\/p>\n<\/li>\n<li data-start=\"711\" data-end=\"902\">\n<p data-start=\"713\" data-end=\"902\"><strong data-start=\"713\" data-end=\"727\">Rusticidad<\/strong>: Los SimmGyr son conocidos por su resistencia a enfermedades y par\u00e1sitos, lo que reduce la necesidad de tratamientos veterinarios y mejora la sostenibilidad de la producci\u00f3n.<\/p>\n<\/li>\n<li data-start=\"904\" data-end=\"1068\">\n<p data-start=\"906\" data-end=\"1068\"><strong data-start=\"906\" data-end=\"929\">Calidad de la leche<\/strong>: A pesar de su rusticidad, mantienen una buena calidad de leche, con s\u00f3lidos totales que pueden alcanzar 4.5% de grasa y 3.5% de prote\u00edna.<\/p>\n<\/li>\n<\/ul>\n","protected":false},"excerpt":{"rendered":"<p>El toro HS MONSE\u00d1OR 1210 es un ejemplar de la raza SimmGyr, una raza sint\u00e9tica que resulta del cruce entre Simmental y Gyr. Esta combinaci\u00f3n busca aprovechar las fortalezas de [&hellip;]<\/p>\n","protected":false},"author":1,"featured_media":24165,"comment_status":"open","ping_status":"closed","template":"","meta":{"_acf_changed":false,"inline_featured_image":false,"_monsterinsights_skip_tracking":false,"_monsterinsights_sitenote_active":false,"_monsterinsights_sitenote_note":"","_monsterinsights_sitenote_category":0,"site-sidebar-layout":"default","site-content-layout":"","ast-site-content-layout":"default","site-content-style":"default","site-sidebar-style":"default","ast-global-header-display":"","ast-banner-title-visibility":"","ast-main-header-display":"","ast-hfb-above-header-display":"","ast-hfb-below-header-display":"","ast-hfb-mobile-header-display":"","site-post-title":"","ast-breadcrumbs-content":"","ast-featured-img":"","footer-sml-layout":"","ast-disable-related-posts":"","theme-transparent-header-meta":"default","adv-header-id-meta":"","stick-header-meta":"","header-above-stick-meta":"","header-main-stick-meta":"","header-below-stick-meta":"","astra-migrate-meta-layouts":"set","ast-page-background-enabled":"default","ast-page-background-meta":{"desktop":{"background-color":"var(--ast-global-color-4)","background-image":"","background-repeat":"repeat","background-position":"center center","background-size":"auto","background-attachment":"scroll","background-type":"","background-media":"","overlay-type":"","overlay-color":"","overlay-opacity":"","overlay-gradient":""},"tablet":{"background-color":"","background-image":"","background-repeat":"repeat","background-position":"center center","background-size":"auto","background-attachment":"scroll","background-type":"","background-media":"","overlay-type":"","overlay-color":"","overlay-opacity":"","overlay-gradient":""},"mobile":{"background-color":"","background-image":"","background-repeat":"repeat","background-position":"center center","background-size":"auto","background-attachment":"scroll","background-type":"","background-media":"","overlay-type":"","overlay-color":"","overlay-opacity":"","overlay-gradient":""}},"ast-content-background-meta":{"desktop":{"background-color":"var(--ast-global-color-5)","background-image":"","background-repeat":"repeat","background-position":"center center","background-size":"auto","background-attachment":"scroll","background-type":"","background-media":"","overlay-type":"","overlay-color":"","overlay-opacity":"","overlay-gradient":""},"tablet":{"background-color":"var(--ast-global-color-5)","background-image":"","background-repeat":"repeat","background-position":"center center","background-size":"auto","background-attachment":"scroll","background-type":"","background-media":"","overlay-type":"","overlay-color":"","overlay-opacity":"","overlay-gradient":""},"mobile":{"background-color":"var(--ast-global-color-5)","background-image":"","background-repeat":"repeat","background-position":"center center","background-size":"auto","background-attachment":"scroll","background-type":"","background-media":"","overlay-type":"","overlay-color":"","overlay-opacity":"","overlay-gradient":""}},"jetpack_publicize_message":"","jetpack_publicize_feature_enabled":true,"jetpack_social_post_already_shared":true,"jetpack_social_options":{"image_generator_settings":{"template":"highway","default_image_id":0,"font":"","enabled":false},"version":2}},"product_brand":[],"product_cat":[745],"product_tag":[742],"class_list":{"0":"post-24014","1":"product","2":"type-product","3":"status-publish","4":"has-post-thumbnail","6":"product_cat-simmgyr","7":"product_tag-simmgyr","8":"desktop-align-left","9":"tablet-align-left","10":"mobile-align-left","12":"first","13":"instock","14":"shipping-taxable","15":"product-type-simple"},"acf":{"laboratorio":"","principio_activo":"","indicaciones":"","concentracion":"","dosis_y_modo_de_empleo":"","precauciones":"","tiempo_de_retiro":"","via_de_administracion1":[]},"jetpack_publicize_connections":[],"jetpack_sharing_enabled":true,"_links":{"self":[{"href":"https:\/\/geneticatricolor.com\/home\/wp-json\/wp\/v2\/product\/24014","targetHints":{"allow":["GET"]}}],"collection":[{"href":"https:\/\/geneticatricolor.com\/home\/wp-json\/wp\/v2\/product"}],"about":[{"href":"https:\/\/geneticatricolor.com\/home\/wp-json\/wp\/v2\/types\/product"}],"author":[{"embeddable":true,"href":"https:\/\/geneticatricolor.com\/home\/wp-json\/wp\/v2\/users\/1"}],"replies":[{"embeddable":true,"href":"https:\/\/geneticatricolor.com\/home\/wp-json\/wp\/v2\/comments?post=24014"}],"wp:featuredmedia":[{"embeddable":true,"href":"https:\/\/geneticatricolor.com\/home\/wp-json\/wp\/v2\/media\/24165"}],"wp:attachment":[{"href":"https:\/\/geneticatricolor.com\/home\/wp-json\/wp\/v2\/media?parent=24014"}],"wp:term":[{"taxonomy":"product_brand","embeddable":true,"href":"https:\/\/geneticatricolor.com\/home\/wp-json\/wp\/v2\/product_brand?post=24014"},{"taxonomy":"product_cat","embeddable":true,"href":"https:\/\/geneticatricolor.com\/home\/wp-json\/wp\/v2\/product_cat?post=24014"},{"taxonomy":"product_tag","embeddable":true,"href":"https:\/\/geneticatricolor.com\/home\/wp-json\/wp\/v2\/product_tag?post=24014"}],"curies":[{"name":"wp","href":"https:\/\/api.w.org\/{rel}","templated":true}]}}