{"id":2409,"date":"2016-05-26T13:59:09","date_gmt":"2016-05-26T18:59:09","guid":{"rendered":"http:\/\/geneticatricolor.com\/home\/?post_type=product&#038;p=2409"},"modified":"2025-07-24T07:33:53","modified_gmt":"2025-07-24T12:33:53","slug":"vaidoso-gyr","status":"publish","type":"product","link":"https:\/\/geneticatricolor.com\/home\/tienda\/venta-de-semen\/razas-lecheras-tropico\/semen-gyr\/vaidoso-gyr\/","title":{"rendered":"VAIDOSO DA SILVANIA"},"content":{"rendered":"<p>Uno de los mejores toros para facilidad de orde\u00f1o. TOP 5 Alta para longitud corpor\u00e1l, diametro de pezones, temperamento y \u00e1ngulo de pezu\u00f1as. Hijas con mucha leche destacandose en diversas pruebas de leche a pasto.<br \/>\nPor su impresionante producci\u00f3n de leche, Vaidoso Da Silvania alcanz\u00f3 una posici\u00f3n dentro del mejor 10% de todos los reproductores de la raza Gyr Gracias a su excelente producci\u00f3n de leche, edad al primer parto y cantidad de solidos totales, Vaidoso Da Silvania\u00b0 en el ranking de la ABCGIL en el a\u00f1o 2020 para IPGL (Indice de Producci\u00f3n del Gyr Lechero) en el cual se evaluaron hijas en mas de 366 reba\u00f1os evaluados.<\/p>\n<p>Destacado en componente de cuerpo encontrandose en el top 10% de la raza en la posici\u00f3n 5 del ranking de la ABCGIL en el 2020. Su descendencia tiene un excelente temperamento, raz\u00f3n por la cual se ubic\u00f3 3 en el top 10% para manejo de la raza Gyr.&#8221;<\/p>\n","protected":false},"excerpt":{"rendered":"<p>Uno de los mejores toros para facilidad de orde\u00f1o. TOP 5 Alta para longitud corpor\u00e1l, diametro de pezones, temperamento y \u00e1ngulo de pezu\u00f1as. Hijas con mucha leche destacandose en diversas [&hellip;]<\/p>\n","protected":false},"author":2,"featured_media":56082,"comment_status":"open","ping_status":"closed","template":"","meta":{"_acf_changed":false,"inline_featured_image":false,"_monsterinsights_skip_tracking":false,"_monsterinsights_sitenote_active":false,"_monsterinsights_sitenote_note":"","_monsterinsights_sitenote_category":0,"site-sidebar-layout":"default","site-content-layout":"","ast-site-content-layout":"default","site-content-style":"default","site-sidebar-style":"default","ast-global-header-display":"","ast-banner-title-visibility":"","ast-main-header-display":"","ast-hfb-above-header-display":"","ast-hfb-below-header-display":"","ast-hfb-mobile-header-display":"","site-post-title":"","ast-breadcrumbs-content":"","ast-featured-img":"","footer-sml-layout":"","ast-disable-related-posts":"","theme-transparent-header-meta":"","adv-header-id-meta":"","stick-header-meta":"","header-above-stick-meta":"","header-main-stick-meta":"","header-below-stick-meta":"","astra-migrate-meta-layouts":"default","ast-page-background-enabled":"default","ast-page-background-meta":{"desktop":{"background-color":"var(--ast-global-color-4)","background-image":"","background-repeat":"repeat","background-position":"center center","background-size":"auto","background-attachment":"scroll","background-type":"","background-media":"","overlay-type":"","overlay-color":"","overlay-opacity":"","overlay-gradient":""},"tablet":{"background-color":"","background-image":"","background-repeat":"repeat","background-position":"center center","background-size":"auto","background-attachment":"scroll","background-type":"","background-media":"","overlay-type":"","overlay-color":"","overlay-opacity":"","overlay-gradient":""},"mobile":{"background-color":"","background-image":"","background-repeat":"repeat","background-position":"center center","background-size":"auto","background-attachment":"scroll","background-type":"","background-media":"","overlay-type":"","overlay-color":"","overlay-opacity":"","overlay-gradient":""}},"ast-content-background-meta":{"desktop":{"background-color":"var(--ast-global-color-5)","background-image":"","background-repeat":"repeat","background-position":"center center","background-size":"auto","background-attachment":"scroll","background-type":"","background-media":"","overlay-type":"","overlay-color":"","overlay-opacity":"","overlay-gradient":""},"tablet":{"background-color":"var(--ast-global-color-5)","background-image":"","background-repeat":"repeat","background-position":"center center","background-size":"auto","background-attachment":"scroll","background-type":"","background-media":"","overlay-type":"","overlay-color":"","overlay-opacity":"","overlay-gradient":""},"mobile":{"background-color":"var(--ast-global-color-5)","background-image":"","background-repeat":"repeat","background-position":"center center","background-size":"auto","background-attachment":"scroll","background-type":"","background-media":"","overlay-type":"","overlay-color":"","overlay-opacity":"","overlay-gradient":""}},"jetpack_publicize_message":"","jetpack_publicize_feature_enabled":true,"jetpack_social_post_already_shared":false,"jetpack_social_options":{"image_generator_settings":{"template":"highway","default_image_id":0,"font":"","enabled":false},"version":2}},"product_brand":[],"product_cat":[50],"product_tag":[398],"class_list":{"0":"post-2409","1":"product","2":"type-product","3":"status-publish","4":"has-post-thumbnail","6":"product_cat-semen-gyr","7":"product_tag-gyr-brasilero","8":"desktop-align-left","9":"tablet-align-left","10":"mobile-align-left","12":"first","13":"instock","14":"featured","15":"shipping-taxable","16":"product-type-simple"},"acf":{"laboratorio":"","principio_activo":"","indicaciones":"","concentracion":"","dosis_y_modo_de_empleo":"","precauciones":"","tiempo_de_retiro":"","via_de_administracion1":[]},"jetpack_publicize_connections":[],"jetpack_sharing_enabled":true,"_links":{"self":[{"href":"https:\/\/geneticatricolor.com\/home\/wp-json\/wp\/v2\/product\/2409","targetHints":{"allow":["GET"]}}],"collection":[{"href":"https:\/\/geneticatricolor.com\/home\/wp-json\/wp\/v2\/product"}],"about":[{"href":"https:\/\/geneticatricolor.com\/home\/wp-json\/wp\/v2\/types\/product"}],"author":[{"embeddable":true,"href":"https:\/\/geneticatricolor.com\/home\/wp-json\/wp\/v2\/users\/2"}],"replies":[{"embeddable":true,"href":"https:\/\/geneticatricolor.com\/home\/wp-json\/wp\/v2\/comments?post=2409"}],"wp:featuredmedia":[{"embeddable":true,"href":"https:\/\/geneticatricolor.com\/home\/wp-json\/wp\/v2\/media\/56082"}],"wp:attachment":[{"href":"https:\/\/geneticatricolor.com\/home\/wp-json\/wp\/v2\/media?parent=2409"}],"wp:term":[{"taxonomy":"product_brand","embeddable":true,"href":"https:\/\/geneticatricolor.com\/home\/wp-json\/wp\/v2\/product_brand?post=2409"},{"taxonomy":"product_cat","embeddable":true,"href":"https:\/\/geneticatricolor.com\/home\/wp-json\/wp\/v2\/product_cat?post=2409"},{"taxonomy":"product_tag","embeddable":true,"href":"https:\/\/geneticatricolor.com\/home\/wp-json\/wp\/v2\/product_tag?post=2409"}],"curies":[{"name":"wp","href":"https:\/\/api.w.org\/{rel}","templated":true}]}}