{"id":4650,"date":"2018-03-15T17:47:02","date_gmt":"2018-03-15T22:47:02","guid":{"rendered":"http:\/\/geneticatricolor.com\/home\/?post_type=product&#038;p=4650"},"modified":"2025-07-24T07:35:17","modified_gmt":"2025-07-24T12:35:17","slug":"masfinca-6362-infocusangus-negro","status":"publish","type":"product","link":"https:\/\/geneticatricolor.com\/home\/tienda\/venta-de-semen\/semen-carne-especial\/semen-angusnegro\/masfinca-6362-infocusangus-negro\/","title":{"rendered":"MASFINCA 6362 INFOCUS"},"content":{"rendered":"<p>MASFINCA 6362 INFOCUS<\/p>\n<p>Un toro que nos brinda musculatura sobresaliente, profundidad, fortaleza dorsal y balance. Su Padre: Mytty In Focus Es uno de los pocos toros de la raza que combina facilidad de parto con alto crecimiento y 1% en indice de destete. In Focus es el padre No 1 en cantidad de hijas y el 2 en hijas de mayor calificaci\u00f3n . Produce terneros anchos, profundos, de excelentes aplomos, gran circunferencia escrotal y muy d\u00f3ciles. Sus descendientes moderados enmarcados nacen peque\u00f1os y crecen constantemente hasta la madurez, sus hijos se destacan en las ventas de las principales caba\u00f1as en EEUU y los cat\u00e1logos de toda la industria<\/p>\n","protected":false},"excerpt":{"rendered":"<p>MASFINCA 6362 INFOCUS Un toro que nos brinda musculatura sobresaliente, profundidad, fortaleza dorsal y balance. Su Padre: Mytty In Focus Es uno de los pocos toros de la raza que [&hellip;]<\/p>\n","protected":false},"author":1,"featured_media":18888,"comment_status":"open","ping_status":"closed","template":"","meta":{"_acf_changed":false,"inline_featured_image":false,"_monsterinsights_skip_tracking":false,"_monsterinsights_sitenote_active":false,"_monsterinsights_sitenote_note":"","_monsterinsights_sitenote_category":0,"_ti_tpc_template_sync":false,"_ti_tpc_template_id":"","jetpack_publicize_message":"","jetpack_publicize_feature_enabled":true,"jetpack_social_post_already_shared":false,"jetpack_social_options":{"image_generator_settings":{"template":"highway","enabled":false},"version":2}},"product_brand":[],"product_cat":[44],"product_tag":[410],"class_list":{"0":"post-4650","1":"product","2":"type-product","3":"status-publish","4":"has-post-thumbnail","6":"product_cat-semen-angusnegro","7":"product_tag-angus-negro-colombiano","9":"first","10":"instock","11":"shipping-taxable","12":"product-type-simple"},"jetpack_publicize_connections":[],"acf":{"laboratorio":"","principio_activo":"","indicaciones":"","concentracion":"","dosis_y_modo_de_empleo":"","precauciones":"","tiempo_de_retiro":"","via_de_administracion1":[]},"aioseo_notices":[],"jetpack_sharing_enabled":true,"_links":{"self":[{"href":"https:\/\/geneticatricolor.com\/home\/wp-json\/wp\/v2\/product\/4650","targetHints":{"allow":["GET"]}}],"collection":[{"href":"https:\/\/geneticatricolor.com\/home\/wp-json\/wp\/v2\/product"}],"about":[{"href":"https:\/\/geneticatricolor.com\/home\/wp-json\/wp\/v2\/types\/product"}],"author":[{"embeddable":true,"href":"https:\/\/geneticatricolor.com\/home\/wp-json\/wp\/v2\/users\/1"}],"replies":[{"embeddable":true,"href":"https:\/\/geneticatricolor.com\/home\/wp-json\/wp\/v2\/comments?post=4650"}],"wp:featuredmedia":[{"embeddable":true,"href":"https:\/\/geneticatricolor.com\/home\/wp-json\/wp\/v2\/media\/18888"}],"wp:attachment":[{"href":"https:\/\/geneticatricolor.com\/home\/wp-json\/wp\/v2\/media?parent=4650"}],"wp:term":[{"taxonomy":"product_brand","embeddable":true,"href":"https:\/\/geneticatricolor.com\/home\/wp-json\/wp\/v2\/product_brand?post=4650"},{"taxonomy":"product_cat","embeddable":true,"href":"https:\/\/geneticatricolor.com\/home\/wp-json\/wp\/v2\/product_cat?post=4650"},{"taxonomy":"product_tag","embeddable":true,"href":"https:\/\/geneticatricolor.com\/home\/wp-json\/wp\/v2\/product_tag?post=4650"}],"curies":[{"name":"wp","href":"https:\/\/api.w.org\/{rel}","templated":true}]}}