{"id":4799,"date":"2018-03-16T19:49:40","date_gmt":"2018-03-17T00:49:40","guid":{"rendered":"http:\/\/geneticatricolor.com\/home\/?post_type=product&#038;p=4799"},"modified":"2025-07-24T07:35:38","modified_gmt":"2025-07-24T12:35:38","slug":"jogral-gyr","status":"publish","type":"product","link":"https:\/\/geneticatricolor.com\/home\/tienda\/venta-de-semen\/razas-lecheras-tropico\/semen-gyr\/jogral-gyr\/","title":{"rendered":"JOGRAL FIV DE BRAS."},"content":{"rendered":"<p>Este toro se perfila como uno de los mas relevantes para producci\u00f3n de leche pues en su primera prueba entr\u00f3 directamente al selecto top 10% de la raza ubicandose en la posici\u00f3n 1 entre los toros nuevos y como si fuera poco, ocup\u00f3 la 2\u00b0 posici\u00f3n entre todos los toros de la raza Por su impresionante producci\u00f3n de leche, Jogral Fiv De Bras. alcanz\u00f3 la envidiable 2\u00b0 posici\u00f3n dentro del mejor 10% de todos los reproductores de la raza Gyr. Hijo de Supra-Sumo y Surpresa, y nieto de Luz\u00edada, donadora incomparable. Madre con una de las mejores valores en leche (2.205 kg) de la Fazenda Bras\u00edlia, Gran Campeona concurso lechero y Mejor Ubre Expozebu\/05 y Recordista del concurso lechero con una m\u00e9dia de 47 kg en Expozebu\/07.<\/p>\n<p>Es heterozigoto AB para Beta lacto-globulina e A2A2 y para Beta-case\u00edna, con bajo coeficiente de parentesco m\u00e9dio, proporcionando elevada variabilidad gen\u00e9tica. Este toro se perfila como uno de los mas relevantes para producci\u00f3n de leche pues en su primera prueba entr\u00f3 directamente al selecto top 10% de la raza ubicandose en la posici\u00f3n 1 entre los toros nuevos y como si fuera poco, ocup\u00f3 la 2\u00b0 posici\u00f3n entre todos los toros de la raza Por su impresionante producci\u00f3n de leche, Jogral Fiv De Bras. alcanz\u00f3 la envidiable 2\u00b0 posici\u00f3n dentro del mejor 10% de todos los reproductores de la raza Gyr.<\/p>\n","protected":false},"excerpt":{"rendered":"<p>Este toro se perfila como uno de los mas relevantes para producci\u00f3n de leche pues en su primera prueba entr\u00f3 directamente al selecto top 10% de la raza ubicandose en [&hellip;]<\/p>\n","protected":false},"author":8,"featured_media":72349,"comment_status":"open","ping_status":"closed","template":"","meta":{"_acf_changed":false,"inline_featured_image":false,"_monsterinsights_skip_tracking":false,"_monsterinsights_sitenote_active":false,"_monsterinsights_sitenote_note":"","_monsterinsights_sitenote_category":0,"site-sidebar-layout":"default","site-content-layout":"","ast-site-content-layout":"default","site-content-style":"default","site-sidebar-style":"default","ast-global-header-display":"","ast-banner-title-visibility":"","ast-main-header-display":"","ast-hfb-above-header-display":"","ast-hfb-below-header-display":"","ast-hfb-mobile-header-display":"","site-post-title":"","ast-breadcrumbs-content":"","ast-featured-img":"","footer-sml-layout":"","ast-disable-related-posts":"","theme-transparent-header-meta":"default","adv-header-id-meta":"","stick-header-meta":"","header-above-stick-meta":"","header-main-stick-meta":"","header-below-stick-meta":"","astra-migrate-meta-layouts":"set","ast-page-background-enabled":"default","ast-page-background-meta":{"desktop":{"background-color":"var(--ast-global-color-4)","background-image":"","background-repeat":"repeat","background-position":"center center","background-size":"auto","background-attachment":"scroll","background-type":"","background-media":"","overlay-type":"","overlay-color":"","overlay-opacity":"","overlay-gradient":""},"tablet":{"background-color":"","background-image":"","background-repeat":"repeat","background-position":"center center","background-size":"auto","background-attachment":"scroll","background-type":"","background-media":"","overlay-type":"","overlay-color":"","overlay-opacity":"","overlay-gradient":""},"mobile":{"background-color":"","background-image":"","background-repeat":"repeat","background-position":"center center","background-size":"auto","background-attachment":"scroll","background-type":"","background-media":"","overlay-type":"","overlay-color":"","overlay-opacity":"","overlay-gradient":""}},"ast-content-background-meta":{"desktop":{"background-color":"var(--ast-global-color-5)","background-image":"","background-repeat":"repeat","background-position":"center center","background-size":"auto","background-attachment":"scroll","background-type":"","background-media":"","overlay-type":"","overlay-color":"","overlay-opacity":"","overlay-gradient":""},"tablet":{"background-color":"var(--ast-global-color-5)","background-image":"","background-repeat":"repeat","background-position":"center center","background-size":"auto","background-attachment":"scroll","background-type":"","background-media":"","overlay-type":"","overlay-color":"","overlay-opacity":"","overlay-gradient":""},"mobile":{"background-color":"var(--ast-global-color-5)","background-image":"","background-repeat":"repeat","background-position":"center center","background-size":"auto","background-attachment":"scroll","background-type":"","background-media":"","overlay-type":"","overlay-color":"","overlay-opacity":"","overlay-gradient":""}},"jetpack_publicize_message":"","jetpack_publicize_feature_enabled":true,"jetpack_social_post_already_shared":false,"jetpack_social_options":{"image_generator_settings":{"template":"highway","default_image_id":0,"font":"","enabled":false},"version":2}},"product_brand":[],"product_cat":[50],"product_tag":[398],"class_list":{"0":"post-4799","1":"product","2":"type-product","3":"status-publish","4":"has-post-thumbnail","6":"product_cat-semen-gyr","7":"product_tag-gyr-brasilero","8":"desktop-align-left","9":"tablet-align-left","10":"mobile-align-left","12":"first","13":"instock","14":"shipping-taxable","15":"product-type-simple"},"acf":{"laboratorio":"","principio_activo":"","indicaciones":"","concentracion":"","dosis_y_modo_de_empleo":"","precauciones":"","tiempo_de_retiro":"","via_de_administracion1":[]},"jetpack_publicize_connections":[],"jetpack_sharing_enabled":true,"_links":{"self":[{"href":"https:\/\/geneticatricolor.com\/home\/wp-json\/wp\/v2\/product\/4799","targetHints":{"allow":["GET"]}}],"collection":[{"href":"https:\/\/geneticatricolor.com\/home\/wp-json\/wp\/v2\/product"}],"about":[{"href":"https:\/\/geneticatricolor.com\/home\/wp-json\/wp\/v2\/types\/product"}],"author":[{"embeddable":true,"href":"https:\/\/geneticatricolor.com\/home\/wp-json\/wp\/v2\/users\/8"}],"replies":[{"embeddable":true,"href":"https:\/\/geneticatricolor.com\/home\/wp-json\/wp\/v2\/comments?post=4799"}],"wp:featuredmedia":[{"embeddable":true,"href":"https:\/\/geneticatricolor.com\/home\/wp-json\/wp\/v2\/media\/72349"}],"wp:attachment":[{"href":"https:\/\/geneticatricolor.com\/home\/wp-json\/wp\/v2\/media?parent=4799"}],"wp:term":[{"taxonomy":"product_brand","embeddable":true,"href":"https:\/\/geneticatricolor.com\/home\/wp-json\/wp\/v2\/product_brand?post=4799"},{"taxonomy":"product_cat","embeddable":true,"href":"https:\/\/geneticatricolor.com\/home\/wp-json\/wp\/v2\/product_cat?post=4799"},{"taxonomy":"product_tag","embeddable":true,"href":"https:\/\/geneticatricolor.com\/home\/wp-json\/wp\/v2\/product_tag?post=4799"}],"curies":[{"name":"wp","href":"https:\/\/api.w.org\/{rel}","templated":true}]}}