{"id":52778,"date":"2020-12-09T03:41:45","date_gmt":"2020-12-09T08:41:45","guid":{"rendered":"https:\/\/geneticatricolor.com\/home\/producto\/mr-h-maddox-manso-684\/"},"modified":"2025-07-24T07:43:03","modified_gmt":"2025-07-24T12:43:03","slug":"mr-h-maddox-manso-684","status":"publish","type":"product","link":"https:\/\/geneticatricolor.com\/home\/tienda\/venta-de-semen\/semen-carne-tropico\/semen-brahmangris\/mr-h-maddox-manso-684\/","title":{"rendered":"MR H MADDOX MANSO 684"},"content":{"rendered":"<p><strong>Mr H Maddox Manso 684.<\/strong> Ha sido uno de los sementales m\u00e1s populares y probados de los \u00faltimos 15 a\u00f1os debido al \u00e9xito de su descendencia en EEUU y en el extranjero. En su primera cosecha de terneros engendr\u00f3 una Hembra Campeona Internacional y sigui\u00f3 en 2015 y 2021 con hijos nombrados con el m\u00e1s alto honor de exposici\u00f3n. Tambi\u00e9n se debe notar que +Maddox ha sido reconocido con t\u00edtulos de Campe\u00f3n Nacional e Internacional, lo cual es una indicaci\u00f3n de la calidad consistente que engendra. +Mr H Maddox Manso 684 ha sido reconocido como uno de los sementales m\u00e1s influyentes de la raza debido a la casi 750 progenie registrada en el ABBA que incluye innumerables sementales y madres de impacto. Maddox no s\u00f3lo ha sido reconocido como &#8220;Semental de Campeones&#8221; sino que tambi\u00e9n es conocido como uno de los toros l\u00edderes en calidad de canal en la raza clasific\u00e1ndose en el 2% superior en EPD de Marmoleado y en el 25% en \u00c1rea de Costilla.<\/p>\n<p><strong>Campeonatos<\/strong>:<\/p>\n<p>2012 Gran Campe\u00f3n Internacional Get of Sire<br \/>\n2013 Gran Campe\u00f3n Nacional Get of Sire<br \/>\nToro Gran Campe\u00f3n Internacional 2015<br \/>\nToro Gran Campe\u00f3n Expica 2016<br \/>\nToro Gran Campe\u00f3n Reserva Expica 2016<br \/>\nToro Gran Campe\u00f3n Internacional 2021<\/p>\n","protected":false},"excerpt":{"rendered":"<p>Mr H Maddox Manso 684. Ha sido uno de los sementales m\u00e1s populares y probados de los \u00faltimos 15 a\u00f1os debido al \u00e9xito de su descendencia en EEUU y en [&hellip;]<\/p>\n","protected":false},"author":93,"featured_media":72008,"comment_status":"open","ping_status":"closed","template":"","meta":{"_acf_changed":false,"inline_featured_image":false,"_monsterinsights_skip_tracking":false,"_monsterinsights_sitenote_active":false,"_monsterinsights_sitenote_note":"","_monsterinsights_sitenote_category":0,"site-sidebar-layout":"default","site-content-layout":"","ast-site-content-layout":"default","site-content-style":"default","site-sidebar-style":"default","ast-global-header-display":"","ast-banner-title-visibility":"","ast-main-header-display":"","ast-hfb-above-header-display":"","ast-hfb-below-header-display":"","ast-hfb-mobile-header-display":"","site-post-title":"","ast-breadcrumbs-content":"","ast-featured-img":"","footer-sml-layout":"","ast-disable-related-posts":"","theme-transparent-header-meta":"default","adv-header-id-meta":"","stick-header-meta":"","header-above-stick-meta":"","header-main-stick-meta":"","header-below-stick-meta":"","astra-migrate-meta-layouts":"set","ast-page-background-enabled":"default","ast-page-background-meta":{"desktop":{"background-color":"var(--ast-global-color-4)","background-image":"","background-repeat":"repeat","background-position":"center center","background-size":"auto","background-attachment":"scroll","background-type":"","background-media":"","overlay-type":"","overlay-color":"","overlay-opacity":"","overlay-gradient":""},"tablet":{"background-color":"","background-image":"","background-repeat":"repeat","background-position":"center center","background-size":"auto","background-attachment":"scroll","background-type":"","background-media":"","overlay-type":"","overlay-color":"","overlay-opacity":"","overlay-gradient":""},"mobile":{"background-color":"","background-image":"","background-repeat":"repeat","background-position":"center center","background-size":"auto","background-attachment":"scroll","background-type":"","background-media":"","overlay-type":"","overlay-color":"","overlay-opacity":"","overlay-gradient":""}},"ast-content-background-meta":{"desktop":{"background-color":"var(--ast-global-color-5)","background-image":"","background-repeat":"repeat","background-position":"center center","background-size":"auto","background-attachment":"scroll","background-type":"","background-media":"","overlay-type":"","overlay-color":"","overlay-opacity":"","overlay-gradient":""},"tablet":{"background-color":"var(--ast-global-color-5)","background-image":"","background-repeat":"repeat","background-position":"center center","background-size":"auto","background-attachment":"scroll","background-type":"","background-media":"","overlay-type":"","overlay-color":"","overlay-opacity":"","overlay-gradient":""},"mobile":{"background-color":"var(--ast-global-color-5)","background-image":"","background-repeat":"repeat","background-position":"center center","background-size":"auto","background-attachment":"scroll","background-type":"","background-media":"","overlay-type":"","overlay-color":"","overlay-opacity":"","overlay-gradient":""}},"jetpack_publicize_message":"","jetpack_publicize_feature_enabled":true,"jetpack_social_post_already_shared":true,"jetpack_social_options":{"image_generator_settings":{"template":"highway","default_image_id":0,"font":"","enabled":false},"version":2}},"product_brand":[],"product_cat":[83],"product_tag":[],"class_list":{"0":"post-52778","1":"product","2":"type-product","3":"status-publish","4":"has-post-thumbnail","6":"product_cat-semen-brahmangris","7":"desktop-align-left","8":"tablet-align-left","9":"mobile-align-left","11":"first","12":"instock","13":"shipping-taxable","14":"product-type-simple"},"acf":{"laboratorio":"","principio_activo":"","indicaciones":"","concentracion":"","dosis_y_modo_de_empleo":"","precauciones":"","tiempo_de_retiro":"","via_de_administracion1":[]},"jetpack_publicize_connections":[],"jetpack_sharing_enabled":true,"_links":{"self":[{"href":"https:\/\/geneticatricolor.com\/home\/wp-json\/wp\/v2\/product\/52778","targetHints":{"allow":["GET"]}}],"collection":[{"href":"https:\/\/geneticatricolor.com\/home\/wp-json\/wp\/v2\/product"}],"about":[{"href":"https:\/\/geneticatricolor.com\/home\/wp-json\/wp\/v2\/types\/product"}],"author":[{"embeddable":true,"href":"https:\/\/geneticatricolor.com\/home\/wp-json\/wp\/v2\/users\/93"}],"replies":[{"embeddable":true,"href":"https:\/\/geneticatricolor.com\/home\/wp-json\/wp\/v2\/comments?post=52778"}],"wp:featuredmedia":[{"embeddable":true,"href":"https:\/\/geneticatricolor.com\/home\/wp-json\/wp\/v2\/media\/72008"}],"wp:attachment":[{"href":"https:\/\/geneticatricolor.com\/home\/wp-json\/wp\/v2\/media?parent=52778"}],"wp:term":[{"taxonomy":"product_brand","embeddable":true,"href":"https:\/\/geneticatricolor.com\/home\/wp-json\/wp\/v2\/product_brand?post=52778"},{"taxonomy":"product_cat","embeddable":true,"href":"https:\/\/geneticatricolor.com\/home\/wp-json\/wp\/v2\/product_cat?post=52778"},{"taxonomy":"product_tag","embeddable":true,"href":"https:\/\/geneticatricolor.com\/home\/wp-json\/wp\/v2\/product_tag?post=52778"}],"curies":[{"name":"wp","href":"https:\/\/api.w.org\/{rel}","templated":true}]}}