{"id":52812,"date":"2020-12-09T03:42:01","date_gmt":"2020-12-09T08:42:01","guid":{"rendered":"https:\/\/geneticatricolor.com\/home\/producto\/ccl-te-667-05-adriano\/"},"modified":"2025-07-24T07:43:18","modified_gmt":"2025-07-24T12:43:18","slug":"ccl-te-667-05-adriano","status":"publish","type":"product","link":"https:\/\/geneticatricolor.com\/home\/tienda\/venta-de-semen\/semen-dualp\/semen-guzerat\/semen-guzerat-tl\/ccl-te-667-05-adriano\/","title":{"rendered":"CCL TE 667\/05 ADRIANO"},"content":{"rendered":"<p>Hijo del toro mas importante de la raza y doble proposito probado. Nacio el 31\/10\/2015. Con un numero de crias registradas ante Asoceb\u00fa con un N\u00famero de 15.<\/p>\n<ul>\n<li>Su padre ABAETE S es el Guzer\u00e1 doble prop\u00f3sito #1, positivo a leche +252 L (puesto 47 entre 367) y positivo a carne, \u00edndice ABCZ + 24.38 (puesto #1 entre 500) y el toro m\u00e1s influyente de la raza.<\/li>\n<li>Su madre CCL OLIVA 13-50 (Oleo Taboquinha) es una donadora TOP en Cebuinos Carne y Leche con un peso adulto de 650 kg, de talla media, extraordinario volumen corporal y pico de producci\u00f3n de leche de 31 lts\/d\u00eda en su 4\u00ba parto, ganadora del torneo lechero vaca adulta Monter\u00eda 2018.<\/li>\n<li>Su hermana materna CCL NOA 290-13 (Nepal JF) es una hembra \u00e9lite de la raza a nivel mundial y es la matriz n\u00famero 1 de Cebuinos Carne y Leche.<\/li>\n<li>Dos veces vaca del a\u00f1o en Colombia 2016 y 2017, ganadora del torneo lechero Vaca Joven Puerto Boyac\u00e1 2016, Vaca Joven Monter\u00eda 2016, Vaca Adulta Monter\u00eda 2017.\n<div class=\"xdj266r x11i5rnm xat24cr x1mh8g0r x1vvkbs\">\n<div dir=\"auto\"><\/div>\n<div dir=\"auto\"><strong>\u00bfC\u00f3mo se escoge un reproductor GUZERA Elite? Para nosotros tiene que reunir 5 cualidades.<\/strong><\/div>\n<div dir=\"auto\"><\/div>\n<\/div>\n<div class=\"x11i5rnm xat24cr x1mh8g0r x1vvkbs xtlvy1s\">\n<div dir=\"auto\">1. <strong>FERTIL<\/strong>, a sus 27 meses congel\u00f3 cerca de 600 dosis\u00a0de semen en 2 colectas sin preparaci\u00f3n, protocolos ni medicamentos de ninguna clase (Siendo un macho de pista). Adem\u00e1s de estar padreando el lote de las Novillas de la 1 ra prueba nacional de desempe\u00f1o para Novillas Guzera.<\/div>\n<\/div>\n<div class=\"x11i5rnm xat24cr x1mh8g0r x1vvkbs xtlvy1s\">\n<div dir=\"auto\">2. <strong>LECHERO<\/strong>, producciones de leche controladas de su Abuela (Tradicion 525-4 (Aladim S), de su madre CCL Oliva.<\/div>\n<\/div>\n<div class=\"x11i5rnm xat24cr x1mh8g0r x1vvkbs xtlvy1s\">\n<div dir=\"auto\">3. <strong>PESADO<\/strong>, con 27 meses y 790 kg a r\u00e9gimen de media pensi\u00f3n, tiene una ganancia de peso vida de 942 gr\/d\u00eda.<\/div>\n<\/div>\n<div class=\"x11i5rnm xat24cr x1mh8g0r x1vvkbs xtlvy1s\">\n<div dir=\"auto\">4. <strong>MANSO<\/strong>, excelente temperamento y docilidad.<\/div>\n<\/div>\n<div class=\"x11i5rnm xat24cr x1mh8g0r x1vvkbs xtlvy1s\">\n<div dir=\"auto\">5. <strong>BONITO<\/strong>, gran caracterizaci\u00f3n racial, masculinidad, casta, amplitud, conformaci\u00f3n, musculatura, aplomos y prepucio\/ombligo. Por esto Adriano es un reproductor <strong>GUZERA \u00c9LITE<\/strong>.<\/div>\n<\/div>\n<\/li>\n<\/ul>\n","protected":false},"excerpt":{"rendered":"<p>Hijo del toro mas importante de la raza y doble proposito probado. Nacio el 31\/10\/2015. Con un numero de crias registradas ante Asoceb\u00fa con un N\u00famero de 15. Su padre [&hellip;]<\/p>\n","protected":false},"author":1,"featured_media":56027,"comment_status":"open","ping_status":"closed","template":"","meta":{"_acf_changed":false,"inline_featured_image":false,"_monsterinsights_skip_tracking":false,"_monsterinsights_sitenote_active":false,"_monsterinsights_sitenote_note":"","_monsterinsights_sitenote_category":0,"site-sidebar-layout":"default","site-content-layout":"","ast-site-content-layout":"default","site-content-style":"default","site-sidebar-style":"default","ast-global-header-display":"","ast-banner-title-visibility":"","ast-main-header-display":"","ast-hfb-above-header-display":"","ast-hfb-below-header-display":"","ast-hfb-mobile-header-display":"","site-post-title":"","ast-breadcrumbs-content":"","ast-featured-img":"","footer-sml-layout":"","ast-disable-related-posts":"","theme-transparent-header-meta":"default","adv-header-id-meta":"","stick-header-meta":"","header-above-stick-meta":"","header-main-stick-meta":"","header-below-stick-meta":"","astra-migrate-meta-layouts":"set","ast-page-background-enabled":"default","ast-page-background-meta":{"desktop":{"background-color":"var(--ast-global-color-4)","background-image":"","background-repeat":"repeat","background-position":"center center","background-size":"auto","background-attachment":"scroll","background-type":"","background-media":"","overlay-type":"","overlay-color":"","overlay-opacity":"","overlay-gradient":""},"tablet":{"background-color":"","background-image":"","background-repeat":"repeat","background-position":"center center","background-size":"auto","background-attachment":"scroll","background-type":"","background-media":"","overlay-type":"","overlay-color":"","overlay-opacity":"","overlay-gradient":""},"mobile":{"background-color":"","background-image":"","background-repeat":"repeat","background-position":"center center","background-size":"auto","background-attachment":"scroll","background-type":"","background-media":"","overlay-type":"","overlay-color":"","overlay-opacity":"","overlay-gradient":""}},"ast-content-background-meta":{"desktop":{"background-color":"var(--ast-global-color-5)","background-image":"","background-repeat":"repeat","background-position":"center center","background-size":"auto","background-attachment":"scroll","background-type":"","background-media":"","overlay-type":"","overlay-color":"","overlay-opacity":"","overlay-gradient":""},"tablet":{"background-color":"var(--ast-global-color-5)","background-image":"","background-repeat":"repeat","background-position":"center center","background-size":"auto","background-attachment":"scroll","background-type":"","background-media":"","overlay-type":"","overlay-color":"","overlay-opacity":"","overlay-gradient":""},"mobile":{"background-color":"var(--ast-global-color-5)","background-image":"","background-repeat":"repeat","background-position":"center center","background-size":"auto","background-attachment":"scroll","background-type":"","background-media":"","overlay-type":"","overlay-color":"","overlay-opacity":"","overlay-gradient":""}},"jetpack_publicize_message":"","jetpack_publicize_feature_enabled":true,"jetpack_social_post_already_shared":true,"jetpack_social_options":{"image_generator_settings":{"template":"highway","default_image_id":0,"font":"","enabled":false},"version":2}},"product_brand":[],"product_cat":[355,278],"product_tag":[],"class_list":{"0":"post-52812","1":"product","2":"type-product","3":"status-publish","4":"has-post-thumbnail","6":"product_cat-semen-guzerat-leche","7":"product_cat-semen-guzerat-tl","8":"desktop-align-left","9":"tablet-align-left","10":"mobile-align-left","12":"first","13":"instock","14":"shipping-taxable","15":"product-type-simple"},"acf":{"laboratorio":"","principio_activo":"","indicaciones":"","concentracion":"","dosis_y_modo_de_empleo":"","precauciones":"","tiempo_de_retiro":"","via_de_administracion1":[]},"jetpack_publicize_connections":[],"jetpack_sharing_enabled":true,"_links":{"self":[{"href":"https:\/\/geneticatricolor.com\/home\/wp-json\/wp\/v2\/product\/52812","targetHints":{"allow":["GET"]}}],"collection":[{"href":"https:\/\/geneticatricolor.com\/home\/wp-json\/wp\/v2\/product"}],"about":[{"href":"https:\/\/geneticatricolor.com\/home\/wp-json\/wp\/v2\/types\/product"}],"author":[{"embeddable":true,"href":"https:\/\/geneticatricolor.com\/home\/wp-json\/wp\/v2\/users\/1"}],"replies":[{"embeddable":true,"href":"https:\/\/geneticatricolor.com\/home\/wp-json\/wp\/v2\/comments?post=52812"}],"wp:featuredmedia":[{"embeddable":true,"href":"https:\/\/geneticatricolor.com\/home\/wp-json\/wp\/v2\/media\/56027"}],"wp:attachment":[{"href":"https:\/\/geneticatricolor.com\/home\/wp-json\/wp\/v2\/media?parent=52812"}],"wp:term":[{"taxonomy":"product_brand","embeddable":true,"href":"https:\/\/geneticatricolor.com\/home\/wp-json\/wp\/v2\/product_brand?post=52812"},{"taxonomy":"product_cat","embeddable":true,"href":"https:\/\/geneticatricolor.com\/home\/wp-json\/wp\/v2\/product_cat?post=52812"},{"taxonomy":"product_tag","embeddable":true,"href":"https:\/\/geneticatricolor.com\/home\/wp-json\/wp\/v2\/product_tag?post=52812"}],"curies":[{"name":"wp","href":"https:\/\/api.w.org\/{rel}","templated":true}]}}