{"id":52819,"date":"2020-12-09T03:42:05","date_gmt":"2020-12-09T08:42:05","guid":{"rendered":"https:\/\/geneticatricolor.com\/home\/producto\/c-a-red-bull\/"},"modified":"2025-07-24T07:43:20","modified_gmt":"2025-07-24T12:43:20","slug":"c-a-red-bull","status":"publish","type":"product","link":"https:\/\/geneticatricolor.com\/home\/tienda\/venta-de-semen\/razas-lecheras-tropico\/semen-gyr\/c-a-red-bull\/","title":{"rendered":"C.A. RED BULL"},"content":{"rendered":"<p><strong>C.A. RED BULL<\/strong><\/p>\n<p>Un joven semental lechero Gir con un pedigr\u00ed muy lechero, basado en los principales criadores lecheros Gir de Brasil. <strong>C.A. Red Bull<\/strong> naci\u00f3 el quince de diciembre de 2017 con registro c\u00e1 2833\/11 el padre Gengis Khan de Brasilia registro RRP 6097 y la madre es Marisa t\u00e1 y Registro KCA 2162. Red Bull es criado y propiedad de Joaquim da Costa Noronha de Fazenda Terra Vermelha en Vargem Grande do Sul, S\u00e3o Paulo. El animal, que est\u00e1 siendo recogido en ABS pecplan, tiene excelentes modales buena estructura buena apertura de pecho excelente capacidad digestiva y respiratoria bien caracterizada cuello bien encajado autron l\u00ednea dorsal voluminosa lumbares bien encajadas. Ese pecho con excelente per\u00edmetro torar o o o grupa ligeramente alta y larga Django casi recto buena capa de carne en la paleta magra y en los cuartos traer costillas bien separadas y largas aparato reproductor un poco largo.<\/p>\n<p>Un joven semental para ser utilizado en la producci\u00f3n de girolando p\u00farpura y productiva en pura raza puede ser utilizado en el radar Jaguar jogral linaje entre otros y su Pedigree se compone de animales de renombre de las granjas Campo Alegre Bras\u00edlia Silv\u00e2nia calciol\u00e2ndia su padre Gengis Khan muy bien aprobado uno de los mejores hijos para descender la sanci\u00f3n muy utilizado en pura raza en su l\u00ednea materna si Marisa tiene una Matrona que tiene una lactancia de 6. 319 kg de leche y una capacidad de transmisi\u00f3n de 429 kg una hija del teatro de Silv\u00e2nia nacida Alessandra que tiene una lactaci\u00f3n de 7,358 kg de leche en 365 d\u00edas y y si Red Bull se predice que tiene una capacidad de transmisi\u00f3n de leche de PT a en abcz d642 kg y el cuarenta por ciento de fiabilidad sobre la base de su gen\u00e9tica materna paterna hermanas y la familia en general que siguen las pruebas de progenie por Embrapa y ABC Gil con resultados previstos para 2027 genotipado un dos por dos para la prote\u00edna de la leche beta-case\u00edna c\u00f3digo que indica la reducci\u00f3n de las alergias y una mejor gesti\u00f3n en el cuerpo.<\/p>\n","protected":false},"excerpt":{"rendered":"<p>C.A. RED BULL Un joven semental lechero Gir con un pedigr\u00ed muy lechero, basado en los principales criadores lecheros Gir de Brasil. C.A. Red Bull naci\u00f3 el quince de diciembre [&hellip;]<\/p>\n","protected":false},"author":1,"featured_media":72320,"comment_status":"open","ping_status":"closed","template":"","meta":{"_acf_changed":false,"inline_featured_image":false,"_monsterinsights_skip_tracking":false,"_monsterinsights_sitenote_active":false,"_monsterinsights_sitenote_note":"","_monsterinsights_sitenote_category":0,"site-sidebar-layout":"default","site-content-layout":"","ast-site-content-layout":"default","site-content-style":"default","site-sidebar-style":"default","ast-global-header-display":"","ast-banner-title-visibility":"","ast-main-header-display":"","ast-hfb-above-header-display":"","ast-hfb-below-header-display":"","ast-hfb-mobile-header-display":"","site-post-title":"","ast-breadcrumbs-content":"","ast-featured-img":"","footer-sml-layout":"","ast-disable-related-posts":"","theme-transparent-header-meta":"default","adv-header-id-meta":"","stick-header-meta":"","header-above-stick-meta":"","header-main-stick-meta":"","header-below-stick-meta":"","astra-migrate-meta-layouts":"set","ast-page-background-enabled":"default","ast-page-background-meta":{"desktop":{"background-color":"var(--ast-global-color-4)","background-image":"","background-repeat":"repeat","background-position":"center center","background-size":"auto","background-attachment":"scroll","background-type":"","background-media":"","overlay-type":"","overlay-color":"","overlay-opacity":"","overlay-gradient":""},"tablet":{"background-color":"","background-image":"","background-repeat":"repeat","background-position":"center center","background-size":"auto","background-attachment":"scroll","background-type":"","background-media":"","overlay-type":"","overlay-color":"","overlay-opacity":"","overlay-gradient":""},"mobile":{"background-color":"","background-image":"","background-repeat":"repeat","background-position":"center center","background-size":"auto","background-attachment":"scroll","background-type":"","background-media":"","overlay-type":"","overlay-color":"","overlay-opacity":"","overlay-gradient":""}},"ast-content-background-meta":{"desktop":{"background-color":"var(--ast-global-color-5)","background-image":"","background-repeat":"repeat","background-position":"center center","background-size":"auto","background-attachment":"scroll","background-type":"","background-media":"","overlay-type":"","overlay-color":"","overlay-opacity":"","overlay-gradient":""},"tablet":{"background-color":"var(--ast-global-color-5)","background-image":"","background-repeat":"repeat","background-position":"center center","background-size":"auto","background-attachment":"scroll","background-type":"","background-media":"","overlay-type":"","overlay-color":"","overlay-opacity":"","overlay-gradient":""},"mobile":{"background-color":"var(--ast-global-color-5)","background-image":"","background-repeat":"repeat","background-position":"center center","background-size":"auto","background-attachment":"scroll","background-type":"","background-media":"","overlay-type":"","overlay-color":"","overlay-opacity":"","overlay-gradient":""}},"jetpack_publicize_message":"","jetpack_publicize_feature_enabled":true,"jetpack_social_post_already_shared":true,"jetpack_social_options":{"image_generator_settings":{"template":"highway","default_image_id":0,"font":"","enabled":false},"version":2}},"product_brand":[],"product_cat":[50],"product_tag":[],"class_list":{"0":"post-52819","1":"product","2":"type-product","3":"status-publish","4":"has-post-thumbnail","6":"product_cat-semen-gyr","7":"desktop-align-left","8":"tablet-align-left","9":"mobile-align-left","11":"first","12":"instock","13":"shipping-taxable","14":"product-type-simple"},"acf":{"laboratorio":"","principio_activo":"","indicaciones":"","concentracion":"","dosis_y_modo_de_empleo":"","precauciones":"","tiempo_de_retiro":"","via_de_administracion1":[]},"jetpack_publicize_connections":[],"jetpack_sharing_enabled":true,"_links":{"self":[{"href":"https:\/\/geneticatricolor.com\/home\/wp-json\/wp\/v2\/product\/52819","targetHints":{"allow":["GET"]}}],"collection":[{"href":"https:\/\/geneticatricolor.com\/home\/wp-json\/wp\/v2\/product"}],"about":[{"href":"https:\/\/geneticatricolor.com\/home\/wp-json\/wp\/v2\/types\/product"}],"author":[{"embeddable":true,"href":"https:\/\/geneticatricolor.com\/home\/wp-json\/wp\/v2\/users\/1"}],"replies":[{"embeddable":true,"href":"https:\/\/geneticatricolor.com\/home\/wp-json\/wp\/v2\/comments?post=52819"}],"wp:featuredmedia":[{"embeddable":true,"href":"https:\/\/geneticatricolor.com\/home\/wp-json\/wp\/v2\/media\/72320"}],"wp:attachment":[{"href":"https:\/\/geneticatricolor.com\/home\/wp-json\/wp\/v2\/media?parent=52819"}],"wp:term":[{"taxonomy":"product_brand","embeddable":true,"href":"https:\/\/geneticatricolor.com\/home\/wp-json\/wp\/v2\/product_brand?post=52819"},{"taxonomy":"product_cat","embeddable":true,"href":"https:\/\/geneticatricolor.com\/home\/wp-json\/wp\/v2\/product_cat?post=52819"},{"taxonomy":"product_tag","embeddable":true,"href":"https:\/\/geneticatricolor.com\/home\/wp-json\/wp\/v2\/product_tag?post=52819"}],"curies":[{"name":"wp","href":"https:\/\/api.w.org\/{rel}","templated":true}]}}