{"id":54143,"date":"2021-06-07T15:58:56","date_gmt":"2021-06-07T20:58:56","guid":{"rendered":"https:\/\/geneticatricolor.com\/home\/producto\/jdh-dr-muggre-manso-551-4\/"},"modified":"2025-07-24T07:44:01","modified_gmt":"2025-07-24T12:44:01","slug":"jdh-dr-muggre-manso-551-4","status":"publish","type":"product","link":"https:\/\/geneticatricolor.com\/home\/tienda\/venta-de-semen\/semen-carne-tropico\/semen-brahmangris\/jdh-dr-muggre-manso-551-4\/","title":{"rendered":"JDH DR MUGGRE MANSO 551\/4"},"content":{"rendered":"<p><strong>JDH DR MUGGRE MANSO T.E 551\/4<\/strong> .<\/p>\n<p>Toro Americano padre sobresaliente de la raza Brahman en Colombia, con un gran respaldo gen\u00e9tico \u00a0al ser hijo de una de las principales vacas \u00a0de la divisi\u00f3n Forgason del famoso rancho Hudgins, vaca madre de importantes animales para la raza como el JDH Mr Manso 449\/1 . Toro ampliamente utilizado en Colombia que transmit\u00eda muy buena habilidad materna a sus hijas, JDH 551\/4 es un toro con muy buenas masas musculares, longitud corporal, pigmento y estructura.<\/p>\n<p>Su padre <strong>JDH Mr Ranger Manso 586\/0<\/strong> obtuvo varios campeonatos en diferentes feria de Estados Unidos . Evaluaci\u00f3n gen\u00e9tica de ASOCEB\u00da : -Positivo para peso al destete. -Positivo \u00a0peso \u00a0a los 12 meses. -Positivo en habilidad materna -Positivo \u00a0en \u00cdndice gen\u00e9tico \u00a0de toro. JDH 551\/4 es una muy buena opci\u00f3n para aquellos ganaderos que buscan toros americanos\u00a0accesibles para ser trabajados en programas de inseminaci\u00f3n artificial a tiempo fijo, no solo por la consistencia en su producci\u00f3n si no tambi\u00e9n por la calidad de su semen.<\/p>\n","protected":false},"excerpt":{"rendered":"<p>JDH DR MUGGRE MANSO T.E 551\/4 . Toro Americano padre sobresaliente de la raza Brahman en Colombia, con un gran respaldo gen\u00e9tico \u00a0al ser hijo de una de las principales [&hellip;]<\/p>\n","protected":false},"author":93,"featured_media":0,"comment_status":"open","ping_status":"closed","template":"","meta":{"_acf_changed":false,"inline_featured_image":false,"_monsterinsights_skip_tracking":false,"_monsterinsights_sitenote_active":false,"_monsterinsights_sitenote_note":"","_monsterinsights_sitenote_category":0,"site-sidebar-layout":"default","site-content-layout":"default","ast-site-content-layout":"default","site-content-style":"default","site-sidebar-style":"default","ast-global-header-display":"","ast-banner-title-visibility":"","ast-main-header-display":"","ast-hfb-above-header-display":"","ast-hfb-below-header-display":"","ast-hfb-mobile-header-display":"","site-post-title":"","ast-breadcrumbs-content":"","ast-featured-img":"","footer-sml-layout":"","ast-disable-related-posts":"","theme-transparent-header-meta":"default","adv-header-id-meta":"","stick-header-meta":"","header-above-stick-meta":"","header-main-stick-meta":"","header-below-stick-meta":"","astra-migrate-meta-layouts":"set","ast-page-background-enabled":"default","ast-page-background-meta":{"desktop":{"background-color":"var(--ast-global-color-4)","background-image":"","background-repeat":"repeat","background-position":"center center","background-size":"auto","background-attachment":"scroll","background-type":"","background-media":"","overlay-type":"","overlay-color":"","overlay-opacity":"","overlay-gradient":""},"tablet":{"background-color":"","background-image":"","background-repeat":"repeat","background-position":"center center","background-size":"auto","background-attachment":"scroll","background-type":"","background-media":"","overlay-type":"","overlay-color":"","overlay-opacity":"","overlay-gradient":""},"mobile":{"background-color":"","background-image":"","background-repeat":"repeat","background-position":"center center","background-size":"auto","background-attachment":"scroll","background-type":"","background-media":"","overlay-type":"","overlay-color":"","overlay-opacity":"","overlay-gradient":""}},"ast-content-background-meta":{"desktop":{"background-color":"var(--ast-global-color-5)","background-image":"","background-repeat":"repeat","background-position":"center center","background-size":"auto","background-attachment":"scroll","background-type":"","background-media":"","overlay-type":"","overlay-color":"","overlay-opacity":"","overlay-gradient":""},"tablet":{"background-color":"var(--ast-global-color-5)","background-image":"","background-repeat":"repeat","background-position":"center center","background-size":"auto","background-attachment":"scroll","background-type":"","background-media":"","overlay-type":"","overlay-color":"","overlay-opacity":"","overlay-gradient":""},"mobile":{"background-color":"var(--ast-global-color-5)","background-image":"","background-repeat":"repeat","background-position":"center center","background-size":"auto","background-attachment":"scroll","background-type":"","background-media":"","overlay-type":"","overlay-color":"","overlay-opacity":"","overlay-gradient":""}},"jetpack_publicize_message":"","jetpack_publicize_feature_enabled":true,"jetpack_social_post_already_shared":true,"jetpack_social_options":{"image_generator_settings":{"template":"highway","default_image_id":0,"font":"","enabled":false},"version":2}},"product_brand":[],"product_cat":[83],"product_tag":[],"class_list":{"0":"post-54143","1":"product","2":"type-product","3":"status-publish","5":"product_cat-semen-brahmangris","6":"desktop-align-left","7":"tablet-align-left","8":"mobile-align-left","10":"first","11":"instock","12":"shipping-taxable","13":"product-type-simple"},"acf":{"laboratorio":"","principio_activo":"","indicaciones":"","concentracion":"","dosis_y_modo_de_empleo":"","precauciones":"","tiempo_de_retiro":"","via_de_administracion1":[]},"jetpack_publicize_connections":[],"jetpack_sharing_enabled":true,"_links":{"self":[{"href":"https:\/\/geneticatricolor.com\/home\/wp-json\/wp\/v2\/product\/54143","targetHints":{"allow":["GET"]}}],"collection":[{"href":"https:\/\/geneticatricolor.com\/home\/wp-json\/wp\/v2\/product"}],"about":[{"href":"https:\/\/geneticatricolor.com\/home\/wp-json\/wp\/v2\/types\/product"}],"author":[{"embeddable":true,"href":"https:\/\/geneticatricolor.com\/home\/wp-json\/wp\/v2\/users\/93"}],"replies":[{"embeddable":true,"href":"https:\/\/geneticatricolor.com\/home\/wp-json\/wp\/v2\/comments?post=54143"}],"wp:attachment":[{"href":"https:\/\/geneticatricolor.com\/home\/wp-json\/wp\/v2\/media?parent=54143"}],"wp:term":[{"taxonomy":"product_brand","embeddable":true,"href":"https:\/\/geneticatricolor.com\/home\/wp-json\/wp\/v2\/product_brand?post=54143"},{"taxonomy":"product_cat","embeddable":true,"href":"https:\/\/geneticatricolor.com\/home\/wp-json\/wp\/v2\/product_cat?post=54143"},{"taxonomy":"product_tag","embeddable":true,"href":"https:\/\/geneticatricolor.com\/home\/wp-json\/wp\/v2\/product_tag?post=54143"}],"curies":[{"name":"wp","href":"https:\/\/api.w.org\/{rel}","templated":true}]}}