{"id":54148,"date":"2021-06-07T15:58:59","date_gmt":"2021-06-07T20:58:59","guid":{"rendered":"https:\/\/geneticatricolor.com\/home\/producto\/sj-amparo-agustin-t-e-123-24\/"},"modified":"2025-07-24T07:44:03","modified_gmt":"2025-07-24T12:44:03","slug":"sj-amparo-agustin-t-e-123-24","status":"publish","type":"product","link":"https:\/\/geneticatricolor.com\/home\/tienda\/venta-de-semen\/semen-carne-tropico\/semen-brahmangris\/sj-amparo-agustin-t-e-123-24\/","title":{"rendered":"SJ AMPARO AGUSTIN T.E. 123\/24"},"content":{"rendered":"<div class=\"xdj266r x11i5rnm xat24cr x1mh8g0r x1vvkbs x126k92a\">\n<div dir=\"auto\"><strong>SJ Amparo Agust\u00edn TE 123\/24\u00a0<\/strong><\/div>\n<div dir=\"auto\"><\/div>\n<\/div>\n<div class=\"x11i5rnm xat24cr x1mh8g0r x1vvkbs xtlvy1s x126k92a\">\n<div dir=\"auto\">Es un toro con datos de evaluaci\u00f3n gen\u00f3mica \u00a0en la cual es positivo en todas las caracter\u00edsticas de ganancia de peso y l\u00edder en nuestro \u00edndice de selecci\u00f3n y en edad al primer parto.<\/div>\n<div dir=\"auto\">En la exposici\u00f3n nacional 2016 entre los mejores animales de todos el pa\u00eds, SJB Agust\u00edn 123\/24 fue el animal con mayor \u00e1rea de ojo de lomo llegando a medir 131,7 cm2.<\/div>\n<div dir=\"auto\"><\/div>\n<\/div>\n<div class=\"x11i5rnm xat24cr x1mh8g0r x1vvkbs xtlvy1s x126k92a\">\n<div dir=\"auto\">Toro hijo de la famosa <strong>S JUAN BEDOUT MADISON COQUETA<\/strong> una de las vacas m\u00e1s emblem\u00e1ticas del brahman latinoamericano, al tener presencia en varios pa\u00edses y de la cual descienden m\u00e1s de 2000 animales entre hijos y nietos; dentro de los cuales se encuentran 40 donadoras de Embriones, grandes campeones nacionales vacas del a\u00f1o y una de las principales vacas en el listado de madres sobresaliente en Colombia.<\/div>\n<\/div>\n<div class=\"x11i5rnm xat24cr x1mh8g0r x1vvkbs xtlvy1s x126k92a\">\n<div dir=\"auto\">Por su lado paterno, es hijo del famoso <strong>JDH WELLINGTON MANSO<\/strong> uno de los toros cuya producci\u00f3n es la m\u00e1s correcta y equilibrada de Hudgins. L\u00edder en la evaluaci\u00f3n gen\u00e9tica ASOCEB\u00da 2020 en \u00e1rea de ojo de lomo (mayor musculatura), Habilidad materna y \u00edndice gen\u00e9tico de toro. Padre de la mejor descendencia de toros nacionales de los \u00faltimos a\u00f1os y de la actual gran campeona nacional y gran campeona de Agroexpo.<\/div>\n<\/div>\n","protected":false},"excerpt":{"rendered":"<p>SJ Amparo Agust\u00edn TE 123\/24\u00a0 Es un toro con datos de evaluaci\u00f3n gen\u00f3mica \u00a0en la cual es positivo en todas las caracter\u00edsticas de ganancia de peso y l\u00edder en nuestro [&hellip;]<\/p>\n","protected":false},"author":93,"featured_media":72070,"comment_status":"open","ping_status":"closed","template":"","meta":{"_acf_changed":false,"inline_featured_image":false,"_monsterinsights_skip_tracking":false,"_monsterinsights_sitenote_active":false,"_monsterinsights_sitenote_note":"","_monsterinsights_sitenote_category":0,"site-sidebar-layout":"default","site-content-layout":"","ast-site-content-layout":"default","site-content-style":"default","site-sidebar-style":"default","ast-global-header-display":"","ast-banner-title-visibility":"","ast-main-header-display":"","ast-hfb-above-header-display":"","ast-hfb-below-header-display":"","ast-hfb-mobile-header-display":"","site-post-title":"","ast-breadcrumbs-content":"","ast-featured-img":"","footer-sml-layout":"","ast-disable-related-posts":"","theme-transparent-header-meta":"default","adv-header-id-meta":"","stick-header-meta":"","header-above-stick-meta":"","header-main-stick-meta":"","header-below-stick-meta":"","astra-migrate-meta-layouts":"set","ast-page-background-enabled":"default","ast-page-background-meta":{"desktop":{"background-color":"var(--ast-global-color-4)","background-image":"","background-repeat":"repeat","background-position":"center center","background-size":"auto","background-attachment":"scroll","background-type":"","background-media":"","overlay-type":"","overlay-color":"","overlay-opacity":"","overlay-gradient":""},"tablet":{"background-color":"","background-image":"","background-repeat":"repeat","background-position":"center center","background-size":"auto","background-attachment":"scroll","background-type":"","background-media":"","overlay-type":"","overlay-color":"","overlay-opacity":"","overlay-gradient":""},"mobile":{"background-color":"","background-image":"","background-repeat":"repeat","background-position":"center center","background-size":"auto","background-attachment":"scroll","background-type":"","background-media":"","overlay-type":"","overlay-color":"","overlay-opacity":"","overlay-gradient":""}},"ast-content-background-meta":{"desktop":{"background-color":"var(--ast-global-color-5)","background-image":"","background-repeat":"repeat","background-position":"center center","background-size":"auto","background-attachment":"scroll","background-type":"","background-media":"","overlay-type":"","overlay-color":"","overlay-opacity":"","overlay-gradient":""},"tablet":{"background-color":"var(--ast-global-color-5)","background-image":"","background-repeat":"repeat","background-position":"center center","background-size":"auto","background-attachment":"scroll","background-type":"","background-media":"","overlay-type":"","overlay-color":"","overlay-opacity":"","overlay-gradient":""},"mobile":{"background-color":"var(--ast-global-color-5)","background-image":"","background-repeat":"repeat","background-position":"center center","background-size":"auto","background-attachment":"scroll","background-type":"","background-media":"","overlay-type":"","overlay-color":"","overlay-opacity":"","overlay-gradient":""}},"jetpack_publicize_message":"","jetpack_publicize_feature_enabled":true,"jetpack_social_post_already_shared":true,"jetpack_social_options":{"image_generator_settings":{"template":"highway","default_image_id":0,"font":"","enabled":false},"version":2}},"product_brand":[],"product_cat":[83],"product_tag":[],"class_list":{"0":"post-54148","1":"product","2":"type-product","3":"status-publish","4":"has-post-thumbnail","6":"product_cat-semen-brahmangris","7":"desktop-align-left","8":"tablet-align-left","9":"mobile-align-left","11":"first","12":"instock","13":"shipping-taxable","14":"product-type-simple"},"acf":{"laboratorio":"","principio_activo":"","indicaciones":"","concentracion":"","dosis_y_modo_de_empleo":"","precauciones":"","tiempo_de_retiro":"","via_de_administracion1":[]},"jetpack_publicize_connections":[],"jetpack_sharing_enabled":true,"_links":{"self":[{"href":"https:\/\/geneticatricolor.com\/home\/wp-json\/wp\/v2\/product\/54148","targetHints":{"allow":["GET"]}}],"collection":[{"href":"https:\/\/geneticatricolor.com\/home\/wp-json\/wp\/v2\/product"}],"about":[{"href":"https:\/\/geneticatricolor.com\/home\/wp-json\/wp\/v2\/types\/product"}],"author":[{"embeddable":true,"href":"https:\/\/geneticatricolor.com\/home\/wp-json\/wp\/v2\/users\/93"}],"replies":[{"embeddable":true,"href":"https:\/\/geneticatricolor.com\/home\/wp-json\/wp\/v2\/comments?post=54148"}],"wp:featuredmedia":[{"embeddable":true,"href":"https:\/\/geneticatricolor.com\/home\/wp-json\/wp\/v2\/media\/72070"}],"wp:attachment":[{"href":"https:\/\/geneticatricolor.com\/home\/wp-json\/wp\/v2\/media?parent=54148"}],"wp:term":[{"taxonomy":"product_brand","embeddable":true,"href":"https:\/\/geneticatricolor.com\/home\/wp-json\/wp\/v2\/product_brand?post=54148"},{"taxonomy":"product_cat","embeddable":true,"href":"https:\/\/geneticatricolor.com\/home\/wp-json\/wp\/v2\/product_cat?post=54148"},{"taxonomy":"product_tag","embeddable":true,"href":"https:\/\/geneticatricolor.com\/home\/wp-json\/wp\/v2\/product_tag?post=54148"}],"curies":[{"name":"wp","href":"https:\/\/api.w.org\/{rel}","templated":true}]}}