{"id":54150,"date":"2021-06-07T15:58:59","date_gmt":"2021-06-07T20:58:59","guid":{"rendered":"https:\/\/geneticatricolor.com\/home\/producto\/sj-bedouth-alex-519-95\/"},"modified":"2025-07-24T07:44:04","modified_gmt":"2025-07-24T12:44:04","slug":"sj-bedouth-alex-519-95","status":"publish","type":"product","link":"https:\/\/geneticatricolor.com\/home\/tienda\/venta-de-semen\/semen-carne-tropico\/semen-brahmangris\/sj-bedouth-alex-519-95\/","title":{"rendered":"SJ BEDOUTH ALEX 519\/95"},"content":{"rendered":"<p>Toro con muy buena cobertura muscular, arco de costilla y<br \/>\n caracterizaci\u00f3n racial. Ganador de varios grandes campeonatos<br \/>\n alrededor del pa\u00eds<br \/>\n Producto de una 5ta generaci\u00f3n de vacas probadas en su<br \/>\n producci\u00f3n y desempe\u00f1o, vacas todas donadoras de embriones en<br \/>\n Hda San Juan De Bedouth.<br \/>\n Cuenta con informaci\u00f3n gen\u00f3mica al ser l\u00edder en nuestro hato en \u00e1rea<br \/>\n de ojo de lomo, edad al primer parto y en el \u00edndice de valores<br \/>\n gen\u00e9ticos para todas las caracter\u00edsticas evaluadas de ganancia de<br \/>\n peso (4, 7, 12 y 18 meses) al ser positivo en todas ellas.<br \/>\n Su padre JDH Wellington 527 es un toro que est\u00e1 marcando la<br \/>\n historia del Brahman en la uniformidad de su producci\u00f3n, es positivo<br \/>\n en todos los par\u00e1metros de la evaluaci\u00f3n gen\u00e9tica de Asocebu y es<br \/>\n l\u00edder en el \u00e1rea de ojo de lomo.<\/p>\n","protected":false},"excerpt":{"rendered":"<p>Toro con muy buena cobertura muscular, arco de costilla y caracterizaci\u00f3n racial. Ganador de varios grandes campeonatos alrededor del pa\u00eds Producto de una 5ta generaci\u00f3n de vacas probadas en su [&hellip;]<\/p>\n","protected":false},"author":93,"featured_media":0,"comment_status":"open","ping_status":"closed","template":"","meta":{"_acf_changed":false,"inline_featured_image":false,"_monsterinsights_skip_tracking":false,"_monsterinsights_sitenote_active":false,"_monsterinsights_sitenote_note":"","_monsterinsights_sitenote_category":0,"site-sidebar-layout":"default","site-content-layout":"","ast-site-content-layout":"default","site-content-style":"default","site-sidebar-style":"default","ast-global-header-display":"","ast-banner-title-visibility":"","ast-main-header-display":"","ast-hfb-above-header-display":"","ast-hfb-below-header-display":"","ast-hfb-mobile-header-display":"","site-post-title":"","ast-breadcrumbs-content":"","ast-featured-img":"","footer-sml-layout":"","ast-disable-related-posts":"","theme-transparent-header-meta":"","adv-header-id-meta":"","stick-header-meta":"","header-above-stick-meta":"","header-main-stick-meta":"","header-below-stick-meta":"","astra-migrate-meta-layouts":"default","ast-page-background-enabled":"default","ast-page-background-meta":{"desktop":{"background-color":"var(--ast-global-color-4)","background-image":"","background-repeat":"repeat","background-position":"center center","background-size":"auto","background-attachment":"scroll","background-type":"","background-media":"","overlay-type":"","overlay-color":"","overlay-opacity":"","overlay-gradient":""},"tablet":{"background-color":"","background-image":"","background-repeat":"repeat","background-position":"center center","background-size":"auto","background-attachment":"scroll","background-type":"","background-media":"","overlay-type":"","overlay-color":"","overlay-opacity":"","overlay-gradient":""},"mobile":{"background-color":"","background-image":"","background-repeat":"repeat","background-position":"center center","background-size":"auto","background-attachment":"scroll","background-type":"","background-media":"","overlay-type":"","overlay-color":"","overlay-opacity":"","overlay-gradient":""}},"ast-content-background-meta":{"desktop":{"background-color":"var(--ast-global-color-5)","background-image":"","background-repeat":"repeat","background-position":"center center","background-size":"auto","background-attachment":"scroll","background-type":"","background-media":"","overlay-type":"","overlay-color":"","overlay-opacity":"","overlay-gradient":""},"tablet":{"background-color":"var(--ast-global-color-5)","background-image":"","background-repeat":"repeat","background-position":"center center","background-size":"auto","background-attachment":"scroll","background-type":"","background-media":"","overlay-type":"","overlay-color":"","overlay-opacity":"","overlay-gradient":""},"mobile":{"background-color":"var(--ast-global-color-5)","background-image":"","background-repeat":"repeat","background-position":"center center","background-size":"auto","background-attachment":"scroll","background-type":"","background-media":"","overlay-type":"","overlay-color":"","overlay-opacity":"","overlay-gradient":""}},"jetpack_publicize_message":"","jetpack_publicize_feature_enabled":true,"jetpack_social_post_already_shared":true,"jetpack_social_options":{"image_generator_settings":{"template":"highway","default_image_id":0,"font":"","enabled":false},"version":2}},"product_brand":[],"product_cat":[83],"product_tag":[],"class_list":{"0":"post-54150","1":"product","2":"type-product","3":"status-publish","5":"product_cat-semen-brahmangris","6":"desktop-align-left","7":"tablet-align-left","8":"mobile-align-left","10":"first","11":"instock","12":"shipping-taxable","13":"product-type-simple"},"acf":{"laboratorio":"","principio_activo":"","indicaciones":"","concentracion":"","dosis_y_modo_de_empleo":"","precauciones":"","tiempo_de_retiro":"","via_de_administracion1":[]},"jetpack_publicize_connections":[],"jetpack_sharing_enabled":true,"_links":{"self":[{"href":"https:\/\/geneticatricolor.com\/home\/wp-json\/wp\/v2\/product\/54150","targetHints":{"allow":["GET"]}}],"collection":[{"href":"https:\/\/geneticatricolor.com\/home\/wp-json\/wp\/v2\/product"}],"about":[{"href":"https:\/\/geneticatricolor.com\/home\/wp-json\/wp\/v2\/types\/product"}],"author":[{"embeddable":true,"href":"https:\/\/geneticatricolor.com\/home\/wp-json\/wp\/v2\/users\/93"}],"replies":[{"embeddable":true,"href":"https:\/\/geneticatricolor.com\/home\/wp-json\/wp\/v2\/comments?post=54150"}],"wp:attachment":[{"href":"https:\/\/geneticatricolor.com\/home\/wp-json\/wp\/v2\/media?parent=54150"}],"wp:term":[{"taxonomy":"product_brand","embeddable":true,"href":"https:\/\/geneticatricolor.com\/home\/wp-json\/wp\/v2\/product_brand?post=54150"},{"taxonomy":"product_cat","embeddable":true,"href":"https:\/\/geneticatricolor.com\/home\/wp-json\/wp\/v2\/product_cat?post=54150"},{"taxonomy":"product_tag","embeddable":true,"href":"https:\/\/geneticatricolor.com\/home\/wp-json\/wp\/v2\/product_tag?post=54150"}],"curies":[{"name":"wp","href":"https:\/\/api.w.org\/{rel}","templated":true}]}}