{"id":54177,"date":"2021-06-07T15:59:10","date_gmt":"2021-06-07T20:59:10","guid":{"rendered":"https:\/\/geneticatricolor.com\/home\/producto\/sj-bedouth-patrimonio-vendaval-t-e-960-98\/"},"modified":"2025-07-29T06:06:46","modified_gmt":"2025-07-29T11:06:46","slug":"sj-bedouth-patrimonio-vendaval-t-e-960-98","status":"publish","type":"product","link":"https:\/\/geneticatricolor.com\/home\/tienda\/venta-de-semen\/semen-carne-tropico\/semen-brahmanrojo\/sj-bedouth-patrimonio-vendaval-t-e-960-98\/","title":{"rendered":"SJ BEDOUTH PATRIMONIO VENDAVAL T.E. 960\/98"},"content":{"rendered":"<p>Campe\u00f3n de la 74 Feria Nacional CebuVillavicencio 2021<br \/>\nToro de muy buena musculatura, nivelaci\u00f3n de dorso y capacidad corporal; con un gran desempe\u00f1o en su ganancia de peso y fertilidad con un gran respaldo gen\u00e9tico.<\/p>\n<p>Evaluaci\u00f3n gen\u00e9tica: Toro que se encuentra dentro del 3,6 % de nuestra base de datos de m\u00e1s de 39 mil animales evaluados siendo l\u00edder en: Peso a los 12 meses, Peso a los 18 meses, Peso a los 24 meses, Habilidad materna al destete, Edad al primer parto, \u00cdndice gen\u00e9tico SJBedouth.<\/p>\n<p>Datos productivos: Peso ajustado de destete: 372 kg, Peso a sus 42 meses al salir para la nacional Ceb\u00fa: 1065 kg, \u00c1rea de ojo de lomo: 134,5cm2 lo que se traduce en musculatura (la mayor AOL en exposici\u00f3n nacional y en nuestro hato).<\/p>\n","protected":false},"excerpt":{"rendered":"<p>Campe\u00f3n de la 74 Feria Nacional CebuVillavicencio 2021 Toro de muy buena musculatura, nivelaci\u00f3n de dorso y capacidad corporal; con un gran desempe\u00f1o en su ganancia de peso y fertilidad [&hellip;]<\/p>\n","protected":false},"author":1,"featured_media":74107,"comment_status":"open","ping_status":"closed","template":"","meta":{"_acf_changed":false,"inline_featured_image":false,"_monsterinsights_skip_tracking":false,"_monsterinsights_sitenote_active":false,"_monsterinsights_sitenote_note":"","_monsterinsights_sitenote_category":0,"site-sidebar-layout":"default","site-content-layout":"default","ast-site-content-layout":"default","site-content-style":"default","site-sidebar-style":"default","ast-global-header-display":"","ast-banner-title-visibility":"","ast-main-header-display":"","ast-hfb-above-header-display":"","ast-hfb-below-header-display":"","ast-hfb-mobile-header-display":"","site-post-title":"","ast-breadcrumbs-content":"","ast-featured-img":"","footer-sml-layout":"","ast-disable-related-posts":"","theme-transparent-header-meta":"default","adv-header-id-meta":"","stick-header-meta":"","header-above-stick-meta":"","header-main-stick-meta":"","header-below-stick-meta":"","astra-migrate-meta-layouts":"set","ast-page-background-enabled":"default","ast-page-background-meta":{"desktop":{"background-color":"var(--ast-global-color-4)","background-image":"","background-repeat":"repeat","background-position":"center center","background-size":"auto","background-attachment":"scroll","background-type":"","background-media":"","overlay-type":"","overlay-color":"","overlay-opacity":"","overlay-gradient":""},"tablet":{"background-color":"","background-image":"","background-repeat":"repeat","background-position":"center center","background-size":"auto","background-attachment":"scroll","background-type":"","background-media":"","overlay-type":"","overlay-color":"","overlay-opacity":"","overlay-gradient":""},"mobile":{"background-color":"","background-image":"","background-repeat":"repeat","background-position":"center center","background-size":"auto","background-attachment":"scroll","background-type":"","background-media":"","overlay-type":"","overlay-color":"","overlay-opacity":"","overlay-gradient":""}},"ast-content-background-meta":{"desktop":{"background-color":"var(--ast-global-color-5)","background-image":"","background-repeat":"repeat","background-position":"center center","background-size":"auto","background-attachment":"scroll","background-type":"","background-media":"","overlay-type":"","overlay-color":"","overlay-opacity":"","overlay-gradient":""},"tablet":{"background-color":"var(--ast-global-color-5)","background-image":"","background-repeat":"repeat","background-position":"center center","background-size":"auto","background-attachment":"scroll","background-type":"","background-media":"","overlay-type":"","overlay-color":"","overlay-opacity":"","overlay-gradient":""},"mobile":{"background-color":"var(--ast-global-color-5)","background-image":"","background-repeat":"repeat","background-position":"center center","background-size":"auto","background-attachment":"scroll","background-type":"","background-media":"","overlay-type":"","overlay-color":"","overlay-opacity":"","overlay-gradient":""}},"jetpack_publicize_message":"","jetpack_publicize_feature_enabled":true,"jetpack_social_post_already_shared":true,"jetpack_social_options":{"image_generator_settings":{"template":"highway","default_image_id":0,"font":"","enabled":false},"version":2}},"product_brand":[],"product_cat":[84],"product_tag":[],"class_list":{"0":"post-54177","1":"product","2":"type-product","3":"status-publish","4":"has-post-thumbnail","6":"product_cat-semen-brahmanrojo","7":"desktop-align-left","8":"tablet-align-left","9":"mobile-align-left","11":"first","12":"instock","13":"shipping-taxable","14":"product-type-simple"},"acf":{"laboratorio":"","principio_activo":"","indicaciones":"","concentracion":"","dosis_y_modo_de_empleo":"","precauciones":"","tiempo_de_retiro":"","via_de_administracion1":[]},"jetpack_publicize_connections":[],"jetpack_sharing_enabled":true,"_links":{"self":[{"href":"https:\/\/geneticatricolor.com\/home\/wp-json\/wp\/v2\/product\/54177","targetHints":{"allow":["GET"]}}],"collection":[{"href":"https:\/\/geneticatricolor.com\/home\/wp-json\/wp\/v2\/product"}],"about":[{"href":"https:\/\/geneticatricolor.com\/home\/wp-json\/wp\/v2\/types\/product"}],"author":[{"embeddable":true,"href":"https:\/\/geneticatricolor.com\/home\/wp-json\/wp\/v2\/users\/1"}],"replies":[{"embeddable":true,"href":"https:\/\/geneticatricolor.com\/home\/wp-json\/wp\/v2\/comments?post=54177"}],"wp:featuredmedia":[{"embeddable":true,"href":"https:\/\/geneticatricolor.com\/home\/wp-json\/wp\/v2\/media\/74107"}],"wp:attachment":[{"href":"https:\/\/geneticatricolor.com\/home\/wp-json\/wp\/v2\/media?parent=54177"}],"wp:term":[{"taxonomy":"product_brand","embeddable":true,"href":"https:\/\/geneticatricolor.com\/home\/wp-json\/wp\/v2\/product_brand?post=54177"},{"taxonomy":"product_cat","embeddable":true,"href":"https:\/\/geneticatricolor.com\/home\/wp-json\/wp\/v2\/product_cat?post=54177"},{"taxonomy":"product_tag","embeddable":true,"href":"https:\/\/geneticatricolor.com\/home\/wp-json\/wp\/v2\/product_tag?post=54177"}],"curies":[{"name":"wp","href":"https:\/\/api.w.org\/{rel}","templated":true}]}}