{"id":54255,"date":"2021-06-07T15:59:35","date_gmt":"2021-06-07T20:59:35","guid":{"rendered":"https:\/\/geneticatricolor.com\/home\/producto\/manolo-pp\/"},"modified":"2025-07-24T07:45:01","modified_gmt":"2025-07-24T12:45:01","slug":"manolo-pp","status":"publish","type":"product","link":"https:\/\/geneticatricolor.com\/home\/tienda\/venta-de-semen\/semen-dualp\/simmental-fleckvieh\/simmental-fleckvieh-doble-proposito\/manolo-pp\/","title":{"rendered":"MANOLO PP*"},"content":{"rendered":"<p>MANOLO Pp* 10.856830 &#8211; un sue\u00f1o de toro Fleckvieh &#8211; sin cuernos, progenie probada, tipo superior y excelentes cifras de aptitud. Excelente tipo de doble prop\u00f3sito y apto para novillas<\/p>\n<p>MANOLO Pp &#8211; la mejor opci\u00f3n para la conformaci\u00f3n, la aptitud y el doble prop\u00f3sito en la raza Fleckvieh<\/p>\n<p>En las pruebas de abril de 2021, 2.500 hijas aseguran este brillante rendimiento con sus resultados de producci\u00f3n de leche, as\u00ed como 479 en conformaci\u00f3n. 788 lactaciones completadas ya confirman la voluntad de rendimiento (+876kg \u00edndice-leche) y la persistencia (108) de sus hijas. En cuanto a la conformaci\u00f3n, el toro Fleckvieh MANOLO Pp* no deja nada que desear, y deja vacas Fleckvieh con una enorme base (134) y una ubre fuerte (117), con tendencia a los deseados pezones m\u00e1s largos y gruesos, lo que tambi\u00e9n lo hace interesante para su uso en explotaciones de AMS. Esto, en combinaci\u00f3n con los excelentes rasgos de aptitud, como la salud de la ubre (122) y la fertilidad, es decisivo para el aumento de la vida \u00fatil (123). MANOLO Pp* es la prueba viviente de que la facilidad de parto y la excelente disposici\u00f3n de tipo y estructura no son siempre excluyentes. Adem\u00e1s, inspira una muy buena vitalidad de los terneros y no muestra ninguna debilidad en la fertilidad de las hijas. Por lo tanto, no es de extra\u00f1ar que sea uno de los toros m\u00e1s demandados en uso. Considerando la escasa orde\u00f1abilidad, MANOLO Pp* tendr\u00e1 una influencia duradera en el programa de cr\u00eda de Fleckvieh polled. \u00bfQui\u00e9n puede seguir el ritmo de nuestro especialista en doble prop\u00f3sito MANOLO Pp*? Sus hijas son como su padre en el excelente tipo de doble prop\u00f3sito y se mueven sobre una base muy fina y tampoco muestran debilidades en t\u00e9rminos de fertilidad de las hijas.<\/p>\n","protected":false},"excerpt":{"rendered":"<p>MANOLO Pp* 10.856830 &#8211; un sue\u00f1o de toro Fleckvieh &#8211; sin cuernos, progenie probada, tipo superior y excelentes cifras de aptitud. Excelente tipo de doble prop\u00f3sito y apto para novillas [&hellip;]<\/p>\n","protected":false},"author":1,"featured_media":65854,"comment_status":"open","ping_status":"closed","template":"","meta":{"_acf_changed":false,"inline_featured_image":false,"_monsterinsights_skip_tracking":false,"_monsterinsights_sitenote_active":false,"_monsterinsights_sitenote_note":"","_monsterinsights_sitenote_category":0,"site-sidebar-layout":"default","site-content-layout":"","ast-site-content-layout":"default","site-content-style":"default","site-sidebar-style":"default","ast-global-header-display":"","ast-banner-title-visibility":"","ast-main-header-display":"","ast-hfb-above-header-display":"","ast-hfb-below-header-display":"","ast-hfb-mobile-header-display":"","site-post-title":"","ast-breadcrumbs-content":"","ast-featured-img":"","footer-sml-layout":"","ast-disable-related-posts":"","theme-transparent-header-meta":"","adv-header-id-meta":"","stick-header-meta":"","header-above-stick-meta":"","header-main-stick-meta":"","header-below-stick-meta":"","astra-migrate-meta-layouts":"default","ast-page-background-enabled":"default","ast-page-background-meta":{"desktop":{"background-color":"var(--ast-global-color-4)","background-image":"","background-repeat":"repeat","background-position":"center center","background-size":"auto","background-attachment":"scroll","background-type":"","background-media":"","overlay-type":"","overlay-color":"","overlay-opacity":"","overlay-gradient":""},"tablet":{"background-color":"","background-image":"","background-repeat":"repeat","background-position":"center center","background-size":"auto","background-attachment":"scroll","background-type":"","background-media":"","overlay-type":"","overlay-color":"","overlay-opacity":"","overlay-gradient":""},"mobile":{"background-color":"","background-image":"","background-repeat":"repeat","background-position":"center center","background-size":"auto","background-attachment":"scroll","background-type":"","background-media":"","overlay-type":"","overlay-color":"","overlay-opacity":"","overlay-gradient":""}},"ast-content-background-meta":{"desktop":{"background-color":"var(--ast-global-color-5)","background-image":"","background-repeat":"repeat","background-position":"center center","background-size":"auto","background-attachment":"scroll","background-type":"","background-media":"","overlay-type":"","overlay-color":"","overlay-opacity":"","overlay-gradient":""},"tablet":{"background-color":"var(--ast-global-color-5)","background-image":"","background-repeat":"repeat","background-position":"center center","background-size":"auto","background-attachment":"scroll","background-type":"","background-media":"","overlay-type":"","overlay-color":"","overlay-opacity":"","overlay-gradient":""},"mobile":{"background-color":"var(--ast-global-color-5)","background-image":"","background-repeat":"repeat","background-position":"center center","background-size":"auto","background-attachment":"scroll","background-type":"","background-media":"","overlay-type":"","overlay-color":"","overlay-opacity":"","overlay-gradient":""}},"jetpack_publicize_message":"","jetpack_publicize_feature_enabled":true,"jetpack_social_post_already_shared":true,"jetpack_social_options":{"image_generator_settings":{"template":"highway","default_image_id":0,"font":"","enabled":false},"version":2}},"product_brand":[],"product_cat":[602,804],"product_tag":[],"class_list":{"0":"post-54255","1":"product","2":"type-product","3":"status-publish","4":"has-post-thumbnail","6":"product_cat-simmental-fleckvieh-doble-proposito","7":"product_cat-simmental-fleckvieh-lechero-razas-lecheras-especializadas","8":"desktop-align-left","9":"tablet-align-left","10":"mobile-align-left","12":"first","13":"instock","14":"shipping-taxable","15":"product-type-simple"},"acf":{"laboratorio":"","principio_activo":"","indicaciones":"","concentracion":"","dosis_y_modo_de_empleo":"","precauciones":"","tiempo_de_retiro":"","via_de_administracion1":[]},"jetpack_publicize_connections":[],"jetpack_sharing_enabled":true,"_links":{"self":[{"href":"https:\/\/geneticatricolor.com\/home\/wp-json\/wp\/v2\/product\/54255","targetHints":{"allow":["GET"]}}],"collection":[{"href":"https:\/\/geneticatricolor.com\/home\/wp-json\/wp\/v2\/product"}],"about":[{"href":"https:\/\/geneticatricolor.com\/home\/wp-json\/wp\/v2\/types\/product"}],"author":[{"embeddable":true,"href":"https:\/\/geneticatricolor.com\/home\/wp-json\/wp\/v2\/users\/1"}],"replies":[{"embeddable":true,"href":"https:\/\/geneticatricolor.com\/home\/wp-json\/wp\/v2\/comments?post=54255"}],"wp:featuredmedia":[{"embeddable":true,"href":"https:\/\/geneticatricolor.com\/home\/wp-json\/wp\/v2\/media\/65854"}],"wp:attachment":[{"href":"https:\/\/geneticatricolor.com\/home\/wp-json\/wp\/v2\/media?parent=54255"}],"wp:term":[{"taxonomy":"product_brand","embeddable":true,"href":"https:\/\/geneticatricolor.com\/home\/wp-json\/wp\/v2\/product_brand?post=54255"},{"taxonomy":"product_cat","embeddable":true,"href":"https:\/\/geneticatricolor.com\/home\/wp-json\/wp\/v2\/product_cat?post=54255"},{"taxonomy":"product_tag","embeddable":true,"href":"https:\/\/geneticatricolor.com\/home\/wp-json\/wp\/v2\/product_tag?post=54255"}],"curies":[{"name":"wp","href":"https:\/\/api.w.org\/{rel}","templated":true}]}}