{"id":5972,"date":"2018-07-09T21:03:54","date_gmt":"2018-07-10T02:03:54","guid":{"rendered":"http:\/\/geneticatricolor.com\/home\/?post_type=product&#038;p=5972"},"modified":"2024-09-10T10:53:16","modified_gmt":"2024-09-10T15:53:16","slug":"xc-20-signature-series","status":"publish","type":"product","link":"https:\/\/geneticatricolor.com\/home\/tienda\/implementos-ganaderos\/tanques-termos\/tanques-alm\/xc-20-signature-series\/","title":{"rendered":"MVE XC 20"},"content":{"rendered":"<p>Los tanques de la serie XC se fabrican a un nivel de excelencia de clase mundial. Se puede confiar en que estas unidades livianas y duraderas funcionen en los entornos m\u00e1s exigentes. La Serie XC est\u00e1 dise\u00f1ada para el usuario que requiere almacenamiento de gran capacidad y bajo consumo de nitr\u00f3geno l\u00edquido en un termo conveniente y liviano.<\/p>\n<p>&nbsp;<\/p>\n<p><span style=\"text-decoration: underline;\"><strong>CAPACIDAD M\u00c1XIMA<\/strong><\/span><\/p>\n<ul>\n<li>N\u00famero de canastillas: 6<\/li>\n<li>Capacidad (pajillas 0,5 ml) 10\/Gobelet: 720<\/li>\n<li>Capacidad (pajillas 0,5 ml) (1 Piso a granel): 1,122<\/li>\n<li>Capacidad (viales 1.2 &amp; 2.0 ml) (6\/cane): 252<\/li>\n<\/ul>\n<p><span style=\"text-decoration: underline;\"><strong>RENDIMIENTO<\/strong><\/span><\/p>\n<ul>\n<li>Capacidad de nitr\u00f3geno l\u00edquido (litros): 20.5<\/li>\n<li>Tasa de evaporaci\u00f3n est\u00e1tica (litros\/d\u00eda)*: \u00a00.09<\/li>\n<li>Tiempo de mantenimiento est\u00e1tico (d\u00edas)*: \u00a0227<\/li>\n<li>Duraci\u00f3n de trabajo (d\u00edas) **: 142<\/li>\n<\/ul>\n<p><span style=\"text-decoration: underline;\"><strong>DIMENSIONES<br \/>\n<\/strong> <\/span><\/p>\n<ul>\n<li>Apertura en el cuello (mm): 55<\/li>\n<li>Altura total (mm): 648<\/li>\n<li>Di\u00e1metro Externo (mm): 368<\/li>\n<li>Altura de las canastillas (mm): 279<\/li>\n<li>Di\u00e1metro de las canastillas (mm): 41,9<\/li>\n<li>Peso Vac\u00edo (kg): 9,75<\/li>\n<li>Peso lleno (kg): 26<\/li>\n<\/ul>\n<div id=\"gt-res-content\">\n<h6 id=\"gt-res-dir-ctr\" class=\"trans-verified-button-small\" dir=\"ltr\"><span id=\"result_box\" class=\"\" lang=\"es\"><span class=\"\">*La tasa de evaporaci\u00f3n est\u00e1tica y el tiempo de retenci\u00f3n est\u00e1tico son nominales.<\/span> <span class=\"\">La tasa real y el tiempo de retenci\u00f3n se ver\u00e1n afectados por el uso del contenedor, las condiciones atmosf\u00e9ricas y las tolerancias de fabricaci\u00f3n.<\/span><br \/>\n** Duraci\u00f3n de trabajo es una referencia arbitraria, para estimar el rendimiento del contenedor en condiciones normales de operaci\u00f3n en almacenamiento de l\u00edquidos. El tiempo de trabajo real puede variar debido a las condiciones atmosf\u00e9ricas actuales, el historial del contenedor, las tolerancias de fabricaci\u00f3n y los patrones de uso.<\/span><\/h6>\n<\/div>\n","protected":false},"excerpt":{"rendered":"<p>Los tanques de la serie XC se fabrican a un nivel de excelencia de clase mundial. Se puede confiar en que estas unidades livianas y duraderas funcionen en los entornos [&hellip;]<\/p>\n","protected":false},"author":1,"featured_media":22514,"comment_status":"open","ping_status":"closed","template":"","meta":{"_acf_changed":false,"inline_featured_image":false,"_monsterinsights_skip_tracking":false,"_monsterinsights_sitenote_active":false,"_monsterinsights_sitenote_note":"","_monsterinsights_sitenote_category":0,"site-sidebar-layout":"default","site-content-layout":"","ast-site-content-layout":"default","site-content-style":"default","site-sidebar-style":"default","ast-global-header-display":"","ast-banner-title-visibility":"","ast-main-header-display":"","ast-hfb-above-header-display":"","ast-hfb-below-header-display":"","ast-hfb-mobile-header-display":"","site-post-title":"","ast-breadcrumbs-content":"","ast-featured-img":"","footer-sml-layout":"","ast-disable-related-posts":"","theme-transparent-header-meta":"","adv-header-id-meta":"","stick-header-meta":"","header-above-stick-meta":"","header-main-stick-meta":"","header-below-stick-meta":"","astra-migrate-meta-layouts":"default","ast-page-background-enabled":"default","ast-page-background-meta":{"desktop":{"background-color":"var(--ast-global-color-4)","background-image":"","background-repeat":"repeat","background-position":"center center","background-size":"auto","background-attachment":"scroll","background-type":"","background-media":"","overlay-type":"","overlay-color":"","overlay-opacity":"","overlay-gradient":""},"tablet":{"background-color":"","background-image":"","background-repeat":"repeat","background-position":"center center","background-size":"auto","background-attachment":"scroll","background-type":"","background-media":"","overlay-type":"","overlay-color":"","overlay-opacity":"","overlay-gradient":""},"mobile":{"background-color":"","background-image":"","background-repeat":"repeat","background-position":"center center","background-size":"auto","background-attachment":"scroll","background-type":"","background-media":"","overlay-type":"","overlay-color":"","overlay-opacity":"","overlay-gradient":""}},"ast-content-background-meta":{"desktop":{"background-color":"var(--ast-global-color-5)","background-image":"","background-repeat":"repeat","background-position":"center center","background-size":"auto","background-attachment":"scroll","background-type":"","background-media":"","overlay-type":"","overlay-color":"","overlay-opacity":"","overlay-gradient":""},"tablet":{"background-color":"var(--ast-global-color-5)","background-image":"","background-repeat":"repeat","background-position":"center center","background-size":"auto","background-attachment":"scroll","background-type":"","background-media":"","overlay-type":"","overlay-color":"","overlay-opacity":"","overlay-gradient":""},"mobile":{"background-color":"var(--ast-global-color-5)","background-image":"","background-repeat":"repeat","background-position":"center center","background-size":"auto","background-attachment":"scroll","background-type":"","background-media":"","overlay-type":"","overlay-color":"","overlay-opacity":"","overlay-gradient":""}},"jetpack_publicize_message":"","jetpack_publicize_feature_enabled":true,"jetpack_social_post_already_shared":false,"jetpack_social_options":{"image_generator_settings":{"template":"highway","default_image_id":0,"font":"","enabled":false},"version":2}},"product_brand":[],"product_cat":[507],"product_tag":[],"class_list":{"0":"post-5972","1":"product","2":"type-product","3":"status-publish","4":"has-post-thumbnail","6":"product_cat-tanques-alm","7":"desktop-align-left","8":"tablet-align-left","9":"mobile-align-left","11":"first","12":"instock","13":"featured","14":"shipping-taxable","15":"product-type-simple"},"acf":{"laboratorio":"","principio_activo":"","indicaciones":"","concentracion":"","dosis_y_modo_de_empleo":"","precauciones":"","tiempo_de_retiro":"","via_de_administracion1":[]},"jetpack_publicize_connections":[],"jetpack_sharing_enabled":true,"_links":{"self":[{"href":"https:\/\/geneticatricolor.com\/home\/wp-json\/wp\/v2\/product\/5972","targetHints":{"allow":["GET"]}}],"collection":[{"href":"https:\/\/geneticatricolor.com\/home\/wp-json\/wp\/v2\/product"}],"about":[{"href":"https:\/\/geneticatricolor.com\/home\/wp-json\/wp\/v2\/types\/product"}],"author":[{"embeddable":true,"href":"https:\/\/geneticatricolor.com\/home\/wp-json\/wp\/v2\/users\/1"}],"replies":[{"embeddable":true,"href":"https:\/\/geneticatricolor.com\/home\/wp-json\/wp\/v2\/comments?post=5972"}],"wp:featuredmedia":[{"embeddable":true,"href":"https:\/\/geneticatricolor.com\/home\/wp-json\/wp\/v2\/media\/22514"}],"wp:attachment":[{"href":"https:\/\/geneticatricolor.com\/home\/wp-json\/wp\/v2\/media?parent=5972"}],"wp:term":[{"taxonomy":"product_brand","embeddable":true,"href":"https:\/\/geneticatricolor.com\/home\/wp-json\/wp\/v2\/product_brand?post=5972"},{"taxonomy":"product_cat","embeddable":true,"href":"https:\/\/geneticatricolor.com\/home\/wp-json\/wp\/v2\/product_cat?post=5972"},{"taxonomy":"product_tag","embeddable":true,"href":"https:\/\/geneticatricolor.com\/home\/wp-json\/wp\/v2\/product_tag?post=5972"}],"curies":[{"name":"wp","href":"https:\/\/api.w.org\/{rel}","templated":true}]}}