{"id":64244,"date":"2021-10-21T14:41:13","date_gmt":"2021-10-21T19:41:13","guid":{"rendered":"https:\/\/geneticatricolor.com\/home\/producto\/mr-uber-fazu-1143\/"},"modified":"2025-07-24T07:48:06","modified_gmt":"2025-07-24T12:48:06","slug":"mr-uber-fazu-1143","status":"publish","type":"product","link":"https:\/\/geneticatricolor.com\/home\/tienda\/venta-de-semen\/semen-carne-tropico\/semen-brahmangris\/mr-uber-fazu-1143\/","title":{"rendered":"MR. UBER FAZU 1143"},"content":{"rendered":"<p><strong>MR. UBER FAZU 1143<\/strong><\/p>\n<p>Un ejemplo perfecto de ello es <strong>Mr UBER Fazu 1143<\/strong>. CAMPE\u00d3N en la Prueba Colectiva de Eficiencia Alimenticia en FAZU\/ABCZ, habiendo destacado en la Prueba de Rendimiento y con excelente precocidad androl\u00f3gica.<br \/>\nToro de excelente rendimiento y conformaci\u00f3n. Hombros y patas correctas, tronco fuerte, musculatura larga y convexa.<br \/>\nFazu se destaca en las Evaluaciones Gen\u00e9ticas, siendo DECA 1 en PMGZ y Top 1% en ANCP. En las Evaluaciones Gen\u00f3micas se destaca en Peso, Per\u00edmetro Escrotal, Terminaci\u00f3n de Carcasa, Marmoleo y Eficiencia Alimenticia.<br \/>\nGran Campe\u00f3n Senior 2018 &#8211; ExpoZebu &#8211; Prueba de Campo<br \/>\nSu padre, JDH Mr Shannon Manso 185\/1, se destaca en Evaluaciones Gen\u00e9ticas en todo el mundo.<br \/>\nSu madre, Lady UBER POI 346 es una de las m\u00e1s importantes y probadas donantes de gen\u00e9tica UberBrahman para Conformaci\u00f3n y Rendimiento, con una excelente Evaluaci\u00f3n Gen\u00f3mica. Desciende del linaje m\u00e1s f\u00e9rtil del reba\u00f1o, con pedigree de los m\u00e1s importantes toros V8 y JDH.<br \/>\nToro contratado y con semen disponible.<\/p>\n","protected":false},"excerpt":{"rendered":"<p>MR. UBER FAZU 1143 Un ejemplo perfecto de ello es Mr UBER Fazu 1143. CAMPE\u00d3N en la Prueba Colectiva de Eficiencia Alimenticia en FAZU\/ABCZ, habiendo destacado en la Prueba de [&hellip;]<\/p>\n","protected":false},"author":1,"featured_media":72175,"comment_status":"open","ping_status":"closed","template":"","meta":{"_acf_changed":false,"inline_featured_image":false,"_monsterinsights_skip_tracking":false,"_monsterinsights_sitenote_active":false,"_monsterinsights_sitenote_note":"","_monsterinsights_sitenote_category":0,"site-sidebar-layout":"default","site-content-layout":"","ast-site-content-layout":"default","site-content-style":"default","site-sidebar-style":"default","ast-global-header-display":"","ast-banner-title-visibility":"","ast-main-header-display":"","ast-hfb-above-header-display":"","ast-hfb-below-header-display":"","ast-hfb-mobile-header-display":"","site-post-title":"","ast-breadcrumbs-content":"","ast-featured-img":"","footer-sml-layout":"","ast-disable-related-posts":"","theme-transparent-header-meta":"default","adv-header-id-meta":"","stick-header-meta":"","header-above-stick-meta":"","header-main-stick-meta":"","header-below-stick-meta":"","astra-migrate-meta-layouts":"set","ast-page-background-enabled":"default","ast-page-background-meta":{"desktop":{"background-color":"var(--ast-global-color-4)","background-image":"","background-repeat":"repeat","background-position":"center center","background-size":"auto","background-attachment":"scroll","background-type":"","background-media":"","overlay-type":"","overlay-color":"","overlay-opacity":"","overlay-gradient":""},"tablet":{"background-color":"","background-image":"","background-repeat":"repeat","background-position":"center center","background-size":"auto","background-attachment":"scroll","background-type":"","background-media":"","overlay-type":"","overlay-color":"","overlay-opacity":"","overlay-gradient":""},"mobile":{"background-color":"","background-image":"","background-repeat":"repeat","background-position":"center center","background-size":"auto","background-attachment":"scroll","background-type":"","background-media":"","overlay-type":"","overlay-color":"","overlay-opacity":"","overlay-gradient":""}},"ast-content-background-meta":{"desktop":{"background-color":"var(--ast-global-color-5)","background-image":"","background-repeat":"repeat","background-position":"center center","background-size":"auto","background-attachment":"scroll","background-type":"","background-media":"","overlay-type":"","overlay-color":"","overlay-opacity":"","overlay-gradient":""},"tablet":{"background-color":"var(--ast-global-color-5)","background-image":"","background-repeat":"repeat","background-position":"center center","background-size":"auto","background-attachment":"scroll","background-type":"","background-media":"","overlay-type":"","overlay-color":"","overlay-opacity":"","overlay-gradient":""},"mobile":{"background-color":"var(--ast-global-color-5)","background-image":"","background-repeat":"repeat","background-position":"center center","background-size":"auto","background-attachment":"scroll","background-type":"","background-media":"","overlay-type":"","overlay-color":"","overlay-opacity":"","overlay-gradient":""}},"jetpack_publicize_message":"","jetpack_publicize_feature_enabled":true,"jetpack_social_post_already_shared":false,"jetpack_social_options":{"image_generator_settings":{"template":"highway","default_image_id":0,"font":"","enabled":false},"version":2}},"product_brand":[],"product_cat":[83],"product_tag":[],"class_list":{"0":"post-64244","1":"product","2":"type-product","3":"status-publish","4":"has-post-thumbnail","6":"product_cat-semen-brahmangris","7":"desktop-align-left","8":"tablet-align-left","9":"mobile-align-left","11":"first","12":"instock","13":"shipping-taxable","14":"product-type-simple"},"acf":{"laboratorio":"","principio_activo":"","indicaciones":"","concentracion":"","dosis_y_modo_de_empleo":"","precauciones":"","tiempo_de_retiro":"","via_de_administracion1":[]},"jetpack_publicize_connections":[],"jetpack_sharing_enabled":true,"_links":{"self":[{"href":"https:\/\/geneticatricolor.com\/home\/wp-json\/wp\/v2\/product\/64244","targetHints":{"allow":["GET"]}}],"collection":[{"href":"https:\/\/geneticatricolor.com\/home\/wp-json\/wp\/v2\/product"}],"about":[{"href":"https:\/\/geneticatricolor.com\/home\/wp-json\/wp\/v2\/types\/product"}],"author":[{"embeddable":true,"href":"https:\/\/geneticatricolor.com\/home\/wp-json\/wp\/v2\/users\/1"}],"replies":[{"embeddable":true,"href":"https:\/\/geneticatricolor.com\/home\/wp-json\/wp\/v2\/comments?post=64244"}],"wp:featuredmedia":[{"embeddable":true,"href":"https:\/\/geneticatricolor.com\/home\/wp-json\/wp\/v2\/media\/72175"}],"wp:attachment":[{"href":"https:\/\/geneticatricolor.com\/home\/wp-json\/wp\/v2\/media?parent=64244"}],"wp:term":[{"taxonomy":"product_brand","embeddable":true,"href":"https:\/\/geneticatricolor.com\/home\/wp-json\/wp\/v2\/product_brand?post=64244"},{"taxonomy":"product_cat","embeddable":true,"href":"https:\/\/geneticatricolor.com\/home\/wp-json\/wp\/v2\/product_cat?post=64244"},{"taxonomy":"product_tag","embeddable":true,"href":"https:\/\/geneticatricolor.com\/home\/wp-json\/wp\/v2\/product_tag?post=64244"}],"curies":[{"name":"wp","href":"https:\/\/api.w.org\/{rel}","templated":true}]}}