{"id":64246,"date":"2021-10-21T14:41:14","date_gmt":"2021-10-21T19:41:14","guid":{"rendered":"https:\/\/geneticatricolor.com\/home\/producto\/mr-uber-tanque-1075\/"},"modified":"2025-07-24T07:48:07","modified_gmt":"2025-07-24T12:48:07","slug":"mr-uber-tanque-1075","status":"publish","type":"product","link":"https:\/\/geneticatricolor.com\/home\/tienda\/venta-de-semen\/semen-carne-tropico\/semen-brahmangris\/mr-uber-tanque-1075\/","title":{"rendered":"MR. UBER TANQUE 1075"},"content":{"rendered":"<p><strong>Mr UBER Tanque 1075.<\/strong><\/p>\n<p>Campe\u00f3n de la Prueba de Ganancia de Peso en Pastoreo y Campe\u00f3n de la Prueba de Eficiencia Alimentaria, adem\u00e1s de ser Elite en todas las caracter\u00edsticas de la canal.<\/p>\n<p>En las Evaluaciones Gen\u00e9ticas muestra excelentes resultados para peso a todas las edades, con gran \u00e9nfasis en peso al destete y caracter\u00edsticas relacionadas con la precocidad.<\/p>\n<p>Toro con alto rendimiento y precocidad; extremidades fuertes, mucho m\u00fasculo y excelente acabado.<\/p>\n<p>Tuvo una androlog\u00eda Precoz Positiva a los 15 meses.<\/p>\n<p>Su padre, Mosley Manso, es uno de los toros m\u00e1s importantes del reba\u00f1o de JDH Hudgins en la actualidad. Probado en la producci\u00f3n de Campeones de Exposici\u00f3n.<\/p>\n<p>Su madre, Lady UBER POI 196, es una de las donantes m\u00e1s importantes del reba\u00f1o UberBrahman. Madre y abuela de Campeones en Shows, Pruebas de Rendimiento y Pruebas de Eficiencia Alimentaria. Pertenece al linaje m\u00e1s f\u00e9rtil de la marca UBER.<\/p>\n<p>Mr UBER POI 1075 recibi\u00f3 el Gran Premio Res-Campe\u00f3n Senior en la Prueba de Campo en ExpoZebu &#8211; 2018.<\/p>\n","protected":false},"excerpt":{"rendered":"<p>Mr UBER Tanque 1075. Campe\u00f3n de la Prueba de Ganancia de Peso en Pastoreo y Campe\u00f3n de la Prueba de Eficiencia Alimentaria, adem\u00e1s de ser Elite en todas las caracter\u00edsticas [&hellip;]<\/p>\n","protected":false},"author":1,"featured_media":72193,"comment_status":"open","ping_status":"closed","template":"","meta":{"_acf_changed":false,"inline_featured_image":false,"_monsterinsights_skip_tracking":false,"_monsterinsights_sitenote_active":false,"_monsterinsights_sitenote_note":"","_monsterinsights_sitenote_category":0,"site-sidebar-layout":"default","site-content-layout":"","ast-site-content-layout":"default","site-content-style":"default","site-sidebar-style":"default","ast-global-header-display":"","ast-banner-title-visibility":"","ast-main-header-display":"","ast-hfb-above-header-display":"","ast-hfb-below-header-display":"","ast-hfb-mobile-header-display":"","site-post-title":"","ast-breadcrumbs-content":"","ast-featured-img":"","footer-sml-layout":"","ast-disable-related-posts":"","theme-transparent-header-meta":"default","adv-header-id-meta":"","stick-header-meta":"","header-above-stick-meta":"","header-main-stick-meta":"","header-below-stick-meta":"","astra-migrate-meta-layouts":"set","ast-page-background-enabled":"default","ast-page-background-meta":{"desktop":{"background-color":"var(--ast-global-color-4)","background-image":"","background-repeat":"repeat","background-position":"center center","background-size":"auto","background-attachment":"scroll","background-type":"","background-media":"","overlay-type":"","overlay-color":"","overlay-opacity":"","overlay-gradient":""},"tablet":{"background-color":"","background-image":"","background-repeat":"repeat","background-position":"center center","background-size":"auto","background-attachment":"scroll","background-type":"","background-media":"","overlay-type":"","overlay-color":"","overlay-opacity":"","overlay-gradient":""},"mobile":{"background-color":"","background-image":"","background-repeat":"repeat","background-position":"center center","background-size":"auto","background-attachment":"scroll","background-type":"","background-media":"","overlay-type":"","overlay-color":"","overlay-opacity":"","overlay-gradient":""}},"ast-content-background-meta":{"desktop":{"background-color":"var(--ast-global-color-5)","background-image":"","background-repeat":"repeat","background-position":"center center","background-size":"auto","background-attachment":"scroll","background-type":"","background-media":"","overlay-type":"","overlay-color":"","overlay-opacity":"","overlay-gradient":""},"tablet":{"background-color":"var(--ast-global-color-5)","background-image":"","background-repeat":"repeat","background-position":"center center","background-size":"auto","background-attachment":"scroll","background-type":"","background-media":"","overlay-type":"","overlay-color":"","overlay-opacity":"","overlay-gradient":""},"mobile":{"background-color":"var(--ast-global-color-5)","background-image":"","background-repeat":"repeat","background-position":"center center","background-size":"auto","background-attachment":"scroll","background-type":"","background-media":"","overlay-type":"","overlay-color":"","overlay-opacity":"","overlay-gradient":""}},"jetpack_publicize_message":"","jetpack_publicize_feature_enabled":true,"jetpack_social_post_already_shared":false,"jetpack_social_options":{"image_generator_settings":{"template":"highway","default_image_id":0,"font":"","enabled":false},"version":2}},"product_brand":[],"product_cat":[83],"product_tag":[],"class_list":{"0":"post-64246","1":"product","2":"type-product","3":"status-publish","4":"has-post-thumbnail","6":"product_cat-semen-brahmangris","7":"desktop-align-left","8":"tablet-align-left","9":"mobile-align-left","11":"first","12":"instock","13":"shipping-taxable","14":"product-type-simple"},"acf":{"laboratorio":"","principio_activo":"","indicaciones":"","concentracion":"","dosis_y_modo_de_empleo":"","precauciones":"","tiempo_de_retiro":"","via_de_administracion1":[]},"jetpack_publicize_connections":[],"jetpack_sharing_enabled":true,"_links":{"self":[{"href":"https:\/\/geneticatricolor.com\/home\/wp-json\/wp\/v2\/product\/64246","targetHints":{"allow":["GET"]}}],"collection":[{"href":"https:\/\/geneticatricolor.com\/home\/wp-json\/wp\/v2\/product"}],"about":[{"href":"https:\/\/geneticatricolor.com\/home\/wp-json\/wp\/v2\/types\/product"}],"author":[{"embeddable":true,"href":"https:\/\/geneticatricolor.com\/home\/wp-json\/wp\/v2\/users\/1"}],"replies":[{"embeddable":true,"href":"https:\/\/geneticatricolor.com\/home\/wp-json\/wp\/v2\/comments?post=64246"}],"wp:featuredmedia":[{"embeddable":true,"href":"https:\/\/geneticatricolor.com\/home\/wp-json\/wp\/v2\/media\/72193"}],"wp:attachment":[{"href":"https:\/\/geneticatricolor.com\/home\/wp-json\/wp\/v2\/media?parent=64246"}],"wp:term":[{"taxonomy":"product_brand","embeddable":true,"href":"https:\/\/geneticatricolor.com\/home\/wp-json\/wp\/v2\/product_brand?post=64246"},{"taxonomy":"product_cat","embeddable":true,"href":"https:\/\/geneticatricolor.com\/home\/wp-json\/wp\/v2\/product_cat?post=64246"},{"taxonomy":"product_tag","embeddable":true,"href":"https:\/\/geneticatricolor.com\/home\/wp-json\/wp\/v2\/product_tag?post=64246"}],"curies":[{"name":"wp","href":"https:\/\/api.w.org\/{rel}","templated":true}]}}