{"id":66207,"date":"2021-11-11T07:37:37","date_gmt":"2021-11-11T12:37:37","guid":{"rendered":"https:\/\/geneticatricolor.com\/home\/producto\/el-tesoro-chispa-t-e\/"},"modified":"2026-02-13T03:14:26","modified_gmt":"2026-02-13T08:14:26","slug":"el-tesoro-chispa-t-e","status":"publish","type":"product","link":"https:\/\/geneticatricolor.com\/home\/tienda\/donadoras-de-embriones\/donadoras-gyr\/el-tesoro-chispa-t-e\/","title":{"rendered":"EL TESORO CHISPA"},"content":{"rendered":"<h1>Informaci\u00f3n General<\/h1>\n<ul>\n<li><strong>Lactancia:<\/strong> Tiene una proyecci\u00f3n de 7964 litros en un periodo de 305 d\u00edas.<\/li>\n<li><strong>Pico de Producci\u00f3n Oficial:<\/strong> 39.65 litros.<\/li>\n<li><strong>N\u00famero de Lactancia:<\/strong> 4.<\/li>\n<li><strong>Clasificaci\u00f3n:<\/strong> B+87.<\/li>\n<\/ul>\n<h2>Caracter\u00edsticas<\/h2>\n<ul>\n<li style=\"list-style-type: none;\">\n<ul>\n<li><strong>Show:<\/strong> Identifica a las vacas que han ganado premios en exposiciones, destacando su calidad gen\u00e9tica.<\/li>\n<li><strong>Velocidad de orde\u00f1o:<\/strong> Vaca que se orde\u00f1a f\u00e1cilmente en corto tiempo siendo ideal para lecher\u00edas tropicales especializadas.<\/li>\n<li><strong>Beta-Cas\u00e9ina A2A2:<\/strong> Se\u00f1ala las vacas que producen una variante espec\u00edfica de beta-cas\u00e9ina, considerada m\u00e1s beneficiosa.<\/li>\n<li><strong>Fertilidad:<\/strong> Indica la capacidad de las vacas para concebir y tener cr\u00edas, evaluando su rendimiento reproductivo..<\/li>\n<li><strong>Prueba en Pastoreo:<\/strong> Refleja el desempe\u00f1o de las vacas en condiciones de pastoreo, evaluando su adaptaci\u00f3n y producci\u00f3n.<\/li>\n<li><strong>Madre Superior:<\/strong> Indica vacas que provienen de l\u00edneas gen\u00e9ticas destacadas, mejorando la calidad de la descendencia.<\/li>\n<\/ul>\n<\/li>\n<\/ul>\n<ul>\n<li style=\"list-style-type: none;\"><\/li>\n<\/ul>\n<h3>Premios y Reconocimientos<\/h3>\n<ul>\n<li>Gran Campeona Reservada y Mejor Ubre Joven Agroexpo 2019.<\/li>\n<li>Campeona Intermedia y Mejor Ubre Joven Tulu\u00e1 2019.<\/li>\n<li>1er Puesto 36 a 48 meses y Mejor Ubre Joven Nacional Girardot 2019.<\/li>\n<li>1er Puesto 48 a 60 meses. Puerto Berrio 2020.<\/li>\n<\/ul>\n","protected":false},"excerpt":{"rendered":"<p>Informaci\u00f3n General Lactancia: Tiene una proyecci\u00f3n de 7964 litros en un periodo de 305 d\u00edas. Pico de Producci\u00f3n Oficial: 39.65 litros. N\u00famero de Lactancia: 4. Clasificaci\u00f3n: B+87. Caracter\u00edsticas Show: Identifica [&hellip;]<\/p>\n","protected":false},"author":1,"featured_media":79028,"comment_status":"closed","ping_status":"closed","template":"","meta":{"_acf_changed":false,"inline_featured_image":false,"_monsterinsights_skip_tracking":false,"_monsterinsights_sitenote_active":false,"_monsterinsights_sitenote_note":"","_monsterinsights_sitenote_category":0,"site-sidebar-layout":"default","site-content-layout":"","ast-site-content-layout":"default","site-content-style":"default","site-sidebar-style":"default","ast-global-header-display":"","ast-banner-title-visibility":"","ast-main-header-display":"","ast-hfb-above-header-display":"","ast-hfb-below-header-display":"","ast-hfb-mobile-header-display":"","site-post-title":"","ast-breadcrumbs-content":"","ast-featured-img":"","footer-sml-layout":"","ast-disable-related-posts":"","theme-transparent-header-meta":"default","adv-header-id-meta":"","stick-header-meta":"","header-above-stick-meta":"","header-main-stick-meta":"","header-below-stick-meta":"","astra-migrate-meta-layouts":"set","ast-page-background-enabled":"default","ast-page-background-meta":{"desktop":{"background-color":"var(--ast-global-color-4)","background-image":"","background-repeat":"repeat","background-position":"center center","background-size":"auto","background-attachment":"scroll","background-type":"","background-media":"","overlay-type":"","overlay-color":"","overlay-opacity":"","overlay-gradient":""},"tablet":{"background-color":"","background-image":"","background-repeat":"repeat","background-position":"center center","background-size":"auto","background-attachment":"scroll","background-type":"","background-media":"","overlay-type":"","overlay-color":"","overlay-opacity":"","overlay-gradient":""},"mobile":{"background-color":"","background-image":"","background-repeat":"repeat","background-position":"center center","background-size":"auto","background-attachment":"scroll","background-type":"","background-media":"","overlay-type":"","overlay-color":"","overlay-opacity":"","overlay-gradient":""}},"ast-content-background-meta":{"desktop":{"background-color":"var(--ast-global-color-5)","background-image":"","background-repeat":"repeat","background-position":"center center","background-size":"auto","background-attachment":"scroll","background-type":"","background-media":"","overlay-type":"","overlay-color":"","overlay-opacity":"","overlay-gradient":""},"tablet":{"background-color":"var(--ast-global-color-5)","background-image":"","background-repeat":"repeat","background-position":"center center","background-size":"auto","background-attachment":"scroll","background-type":"","background-media":"","overlay-type":"","overlay-color":"","overlay-opacity":"","overlay-gradient":""},"mobile":{"background-color":"var(--ast-global-color-5)","background-image":"","background-repeat":"repeat","background-position":"center center","background-size":"auto","background-attachment":"scroll","background-type":"","background-media":"","overlay-type":"","overlay-color":"","overlay-opacity":"","overlay-gradient":""}},"jetpack_publicize_message":"","jetpack_publicize_feature_enabled":true,"jetpack_social_post_already_shared":true,"jetpack_social_options":{"image_generator_settings":{"template":"highway","default_image_id":0,"font":"","enabled":false},"version":2}},"product_brand":[],"product_cat":[772],"product_tag":[1139,1146,1141,1143,1140],"class_list":{"0":"post-66207","1":"product","2":"type-product","3":"status-publish","4":"has-post-thumbnail","6":"product_cat-donadoras-gyr","7":"product_tag-beta-caseina-a2a2","8":"product_tag-madre-superior","9":"product_tag-show","10":"product_tag-ubre-de-calidad","11":"product_tag-volumen-de-produccion","12":"pa_tipo-de-embrion-prenez-aspiracion","13":"pa_tipo-de-embrion-prenez-cria-viva","14":"pa_tipo-de-embrion-prenez-embrion-congelado","15":"pa_tipo-de-embrion-prenez-embriones-frescos","16":"pa_tipo-de-embrion-prenez-preneces-en-sus-receptoras","17":"pa_tipo-de-embrion-prenez-receptoras-prenadas","18":"desktop-align-left","19":"tablet-align-left","20":"mobile-align-left","22":"first","23":"instock","24":"shipping-taxable","25":"purchasable","26":"product-type-variable"},"acf":{"laboratorio":"","principio_activo":"","indicaciones":"","concentracion":"","dosis_y_modo_de_empleo":"","precauciones":"","tiempo_de_retiro":"","via_de_administracion1":[]},"jetpack_publicize_connections":[],"jetpack_sharing_enabled":true,"_links":{"self":[{"href":"https:\/\/geneticatricolor.com\/home\/wp-json\/wp\/v2\/product\/66207","targetHints":{"allow":["GET"]}}],"collection":[{"href":"https:\/\/geneticatricolor.com\/home\/wp-json\/wp\/v2\/product"}],"about":[{"href":"https:\/\/geneticatricolor.com\/home\/wp-json\/wp\/v2\/types\/product"}],"author":[{"embeddable":true,"href":"https:\/\/geneticatricolor.com\/home\/wp-json\/wp\/v2\/users\/1"}],"replies":[{"embeddable":true,"href":"https:\/\/geneticatricolor.com\/home\/wp-json\/wp\/v2\/comments?post=66207"}],"wp:featuredmedia":[{"embeddable":true,"href":"https:\/\/geneticatricolor.com\/home\/wp-json\/wp\/v2\/media\/79028"}],"wp:attachment":[{"href":"https:\/\/geneticatricolor.com\/home\/wp-json\/wp\/v2\/media?parent=66207"}],"wp:term":[{"taxonomy":"product_brand","embeddable":true,"href":"https:\/\/geneticatricolor.com\/home\/wp-json\/wp\/v2\/product_brand?post=66207"},{"taxonomy":"product_cat","embeddable":true,"href":"https:\/\/geneticatricolor.com\/home\/wp-json\/wp\/v2\/product_cat?post=66207"},{"taxonomy":"product_tag","embeddable":true,"href":"https:\/\/geneticatricolor.com\/home\/wp-json\/wp\/v2\/product_tag?post=66207"}],"curies":[{"name":"wp","href":"https:\/\/api.w.org\/{rel}","templated":true}]}}