{"id":66488,"date":"2022-01-05T18:42:21","date_gmt":"2022-01-05T23:42:21","guid":{"rendered":"https:\/\/geneticatricolor.com\/home\/producto\/la-cascada-boloncho\/"},"modified":"2025-07-29T06:11:17","modified_gmt":"2025-07-29T11:11:17","slug":"la-cascada-boloncho","status":"publish","type":"product","link":"https:\/\/geneticatricolor.com\/home\/tienda\/venta-de-semen\/semen-dualp\/semen-criollo\/blanco-orejinegro\/la-cascada-boloncho\/","title":{"rendered":"LA CASCADA BOLONCHO"},"content":{"rendered":"<p>Boloncho es un toro Blanco Orejinegro, con origen en una de las l\u00edneasm\u00e1s rusticas y primitivas, la linea Pacora.<br \/>\nMadre que logro en monta continua 330 dias iep, y 260 kg de ternerodestetado ajustados a 270 dias.<br \/>\nToro homocigoto al gen slick 5 con 1.<br \/>\n27 cm de alzada.<br \/>\nToro recomendado y altamente usado en sistemas de pastoreo total,efecto manada o pastoreo de ultra alta densidad.<br \/>\nAporta muchisima condicion corporal inherente, bajo frame, altismaingesta relativa y bajos requerimientos nutricionales.<br \/>\nHij@s de maduracion muy temprana, tanto en canal como sexual.<br \/>\n Hoy tiene hijos nacidos en 5 paises de Latinoam\u00e9rica.<br \/>\nToro recomendado por Johann ZietsmanToro de excelente desempe\u00f1o en pastoreo no selectivo, de m\u00ednimos requerimientos, excelente ingesta relativa y musculatura.<br \/>\n Hijas de bajo frame, alta ingesta relativa y sorprendente condici\u00f3n corporal inclusive en el post parto de su primer parto.<br \/>\n Sus hijos en cruce o puros, tiene tambi\u00e9n muy buena ingesta, condici\u00f3n corporal, bajo frame y gran proporci\u00f3n de su desarrollo a edad temprana.<br \/>\n Su hijos se destaca la ganancia peso a edades tempranas, en el 80% de las cr\u00edas<br \/>\nse transmite su biotipo: Bajo frame, alta ingesta y en gen en el 100% de estas.<\/p>\n","protected":false},"excerpt":{"rendered":"<p>Boloncho es un toro Blanco Orejinegro, con origen en una de las l\u00edneasm\u00e1s rusticas y primitivas, la linea Pacora. Madre que logro en monta continua 330 dias iep, y 260 [&hellip;]<\/p>\n","protected":false},"author":1,"featured_media":74096,"comment_status":"open","ping_status":"closed","template":"","meta":{"_acf_changed":false,"inline_featured_image":false,"_monsterinsights_skip_tracking":false,"_monsterinsights_sitenote_active":false,"_monsterinsights_sitenote_note":"","_monsterinsights_sitenote_category":0,"site-sidebar-layout":"default","site-content-layout":"","ast-site-content-layout":"default","site-content-style":"default","site-sidebar-style":"default","ast-global-header-display":"","ast-banner-title-visibility":"","ast-main-header-display":"","ast-hfb-above-header-display":"","ast-hfb-below-header-display":"","ast-hfb-mobile-header-display":"","site-post-title":"","ast-breadcrumbs-content":"","ast-featured-img":"","footer-sml-layout":"","ast-disable-related-posts":"","theme-transparent-header-meta":"default","adv-header-id-meta":"","stick-header-meta":"","header-above-stick-meta":"","header-main-stick-meta":"","header-below-stick-meta":"","astra-migrate-meta-layouts":"set","ast-page-background-enabled":"default","ast-page-background-meta":{"desktop":{"background-color":"var(--ast-global-color-4)","background-image":"","background-repeat":"repeat","background-position":"center center","background-size":"auto","background-attachment":"scroll","background-type":"","background-media":"","overlay-type":"","overlay-color":"","overlay-opacity":"","overlay-gradient":""},"tablet":{"background-color":"","background-image":"","background-repeat":"repeat","background-position":"center center","background-size":"auto","background-attachment":"scroll","background-type":"","background-media":"","overlay-type":"","overlay-color":"","overlay-opacity":"","overlay-gradient":""},"mobile":{"background-color":"","background-image":"","background-repeat":"repeat","background-position":"center center","background-size":"auto","background-attachment":"scroll","background-type":"","background-media":"","overlay-type":"","overlay-color":"","overlay-opacity":"","overlay-gradient":""}},"ast-content-background-meta":{"desktop":{"background-color":"var(--ast-global-color-5)","background-image":"","background-repeat":"repeat","background-position":"center center","background-size":"auto","background-attachment":"scroll","background-type":"","background-media":"","overlay-type":"","overlay-color":"","overlay-opacity":"","overlay-gradient":""},"tablet":{"background-color":"var(--ast-global-color-5)","background-image":"","background-repeat":"repeat","background-position":"center center","background-size":"auto","background-attachment":"scroll","background-type":"","background-media":"","overlay-type":"","overlay-color":"","overlay-opacity":"","overlay-gradient":""},"mobile":{"background-color":"var(--ast-global-color-5)","background-image":"","background-repeat":"repeat","background-position":"center center","background-size":"auto","background-attachment":"scroll","background-type":"","background-media":"","overlay-type":"","overlay-color":"","overlay-opacity":"","overlay-gradient":""}},"jetpack_publicize_message":"","jetpack_publicize_feature_enabled":true,"jetpack_social_post_already_shared":true,"jetpack_social_options":{"image_generator_settings":{"template":"highway","default_image_id":0,"font":"","enabled":false},"version":2}},"product_brand":[],"product_cat":[518],"product_tag":[1035],"class_list":{"0":"post-66488","1":"product","2":"type-product","3":"status-publish","4":"has-post-thumbnail","6":"product_cat-blanco-orejinegro","7":"product_tag-certificados-para-exportacion","8":"desktop-align-left","9":"tablet-align-left","10":"mobile-align-left","12":"first","13":"instock","14":"shipping-taxable","15":"product-type-simple"},"acf":{"laboratorio":"","principio_activo":"","indicaciones":"","concentracion":"","dosis_y_modo_de_empleo":"","precauciones":"","tiempo_de_retiro":"","via_de_administracion1":[]},"jetpack_publicize_connections":[],"jetpack_sharing_enabled":true,"_links":{"self":[{"href":"https:\/\/geneticatricolor.com\/home\/wp-json\/wp\/v2\/product\/66488","targetHints":{"allow":["GET"]}}],"collection":[{"href":"https:\/\/geneticatricolor.com\/home\/wp-json\/wp\/v2\/product"}],"about":[{"href":"https:\/\/geneticatricolor.com\/home\/wp-json\/wp\/v2\/types\/product"}],"author":[{"embeddable":true,"href":"https:\/\/geneticatricolor.com\/home\/wp-json\/wp\/v2\/users\/1"}],"replies":[{"embeddable":true,"href":"https:\/\/geneticatricolor.com\/home\/wp-json\/wp\/v2\/comments?post=66488"}],"wp:featuredmedia":[{"embeddable":true,"href":"https:\/\/geneticatricolor.com\/home\/wp-json\/wp\/v2\/media\/74096"}],"wp:attachment":[{"href":"https:\/\/geneticatricolor.com\/home\/wp-json\/wp\/v2\/media?parent=66488"}],"wp:term":[{"taxonomy":"product_brand","embeddable":true,"href":"https:\/\/geneticatricolor.com\/home\/wp-json\/wp\/v2\/product_brand?post=66488"},{"taxonomy":"product_cat","embeddable":true,"href":"https:\/\/geneticatricolor.com\/home\/wp-json\/wp\/v2\/product_cat?post=66488"},{"taxonomy":"product_tag","embeddable":true,"href":"https:\/\/geneticatricolor.com\/home\/wp-json\/wp\/v2\/product_tag?post=66488"}],"curies":[{"name":"wp","href":"https:\/\/api.w.org\/{rel}","templated":true}]}}