{"id":66500,"date":"2022-01-05T18:42:25","date_gmt":"2022-01-05T23:42:25","guid":{"rendered":"https:\/\/geneticatricolor.com\/home\/producto\/mr-v8-48-8-elvis\/"},"modified":"2025-07-24T07:49:18","modified_gmt":"2025-07-24T12:49:18","slug":"mr-v8-48-8-elvis","status":"publish","type":"product","link":"https:\/\/geneticatricolor.com\/home\/tienda\/venta-de-semen\/semen-carne-tropico\/semen-brahmangris\/mr-v8-48-8-elvis\/","title":{"rendered":"MR V8 48\/8 &#8220;ELVIS&#8221;"},"content":{"rendered":"<p><strong>MR V8 48\/8 &#8220;ELVIS&#8221;<\/strong><\/p>\n<p>N\u00famero de registro EEUU: 950680<br \/>\nFecha de Nacimiento: 13 de octubre de 2016<br \/>\nPadre: Sr. V8 458\/7 &#8220;Noble&#8221;<br \/>\nMadre: +Miss V8 137\/7 &#8220;Diva&#8221;<\/p>\n<p>Engendrado por Mr. V8 458\/7 &#8220;Noble&#8221;<br \/>\nLa madre es +Miss V8 137\/7 &#8220;Diva&#8221;, la hembra Gran Campeona Internacional Reserva 2011 y la hembra Gran Campeona Internacional 2012. Un poderoso semental que criar\u00e1 rojo sobre rojo y gris sobre gris.<\/p>\n<p><strong>Mr. V8 48\/8 &#8220;Elvis&#8221;<\/strong> &#8211; Inscrito en el Registro de Renombre. Desde el momento en que fue visto como un prometedor ternero destetado, Elvis capt\u00f3 la atenci\u00f3n de @triplehcattleco . &#8220;Fue un gran toro de exposici\u00f3n, pero ver a su progenie sobresalir en el ring de exposici\u00f3n ha sido la parte m\u00e1s emocionante para nosotros. Siempre ocupar\u00e1 un lugar especial aqu\u00ed en Triple H Cattle Co&#8221;. Este toro, c\u00e9lebre por su excepcional gen\u00e9tica, no s\u00f3lo ha sobresalido en el ruedo, sino que tambi\u00e9n ha engendrado progenie que contin\u00faa dominando en el ruedo, haci\u00e9ndose eco de su legado. Su inclusi\u00f3n en el Registro de Renombre es m\u00e1s que un elogio; es una celebraci\u00f3n de la duradera asociaci\u00f3n con @triplehcattleco@triplehcattleco y la marca indeleble que Elvis deja en la raza Brahman.<\/p>\n","protected":false},"excerpt":{"rendered":"<p>MR V8 48\/8 &#8220;ELVIS&#8221; N\u00famero de registro EEUU: 950680 Fecha de Nacimiento: 13 de octubre de 2016 Padre: Sr. V8 458\/7 &#8220;Noble&#8221; Madre: +Miss V8 137\/7 &#8220;Diva&#8221; Engendrado por Mr. [&hellip;]<\/p>\n","protected":false},"author":1,"featured_media":72142,"comment_status":"open","ping_status":"closed","template":"","meta":{"_acf_changed":false,"inline_featured_image":false,"_monsterinsights_skip_tracking":false,"_monsterinsights_sitenote_active":false,"_monsterinsights_sitenote_note":"","_monsterinsights_sitenote_category":0,"site-sidebar-layout":"default","site-content-layout":"","ast-site-content-layout":"default","site-content-style":"default","site-sidebar-style":"default","ast-global-header-display":"","ast-banner-title-visibility":"","ast-main-header-display":"","ast-hfb-above-header-display":"","ast-hfb-below-header-display":"","ast-hfb-mobile-header-display":"","site-post-title":"","ast-breadcrumbs-content":"","ast-featured-img":"","footer-sml-layout":"","ast-disable-related-posts":"","theme-transparent-header-meta":"default","adv-header-id-meta":"","stick-header-meta":"","header-above-stick-meta":"","header-main-stick-meta":"","header-below-stick-meta":"","astra-migrate-meta-layouts":"set","ast-page-background-enabled":"default","ast-page-background-meta":{"desktop":{"background-color":"var(--ast-global-color-4)","background-image":"","background-repeat":"repeat","background-position":"center center","background-size":"auto","background-attachment":"scroll","background-type":"","background-media":"","overlay-type":"","overlay-color":"","overlay-opacity":"","overlay-gradient":""},"tablet":{"background-color":"","background-image":"","background-repeat":"repeat","background-position":"center center","background-size":"auto","background-attachment":"scroll","background-type":"","background-media":"","overlay-type":"","overlay-color":"","overlay-opacity":"","overlay-gradient":""},"mobile":{"background-color":"","background-image":"","background-repeat":"repeat","background-position":"center center","background-size":"auto","background-attachment":"scroll","background-type":"","background-media":"","overlay-type":"","overlay-color":"","overlay-opacity":"","overlay-gradient":""}},"ast-content-background-meta":{"desktop":{"background-color":"var(--ast-global-color-5)","background-image":"","background-repeat":"repeat","background-position":"center center","background-size":"auto","background-attachment":"scroll","background-type":"","background-media":"","overlay-type":"","overlay-color":"","overlay-opacity":"","overlay-gradient":""},"tablet":{"background-color":"var(--ast-global-color-5)","background-image":"","background-repeat":"repeat","background-position":"center center","background-size":"auto","background-attachment":"scroll","background-type":"","background-media":"","overlay-type":"","overlay-color":"","overlay-opacity":"","overlay-gradient":""},"mobile":{"background-color":"var(--ast-global-color-5)","background-image":"","background-repeat":"repeat","background-position":"center center","background-size":"auto","background-attachment":"scroll","background-type":"","background-media":"","overlay-type":"","overlay-color":"","overlay-opacity":"","overlay-gradient":""}},"jetpack_publicize_message":"","jetpack_publicize_feature_enabled":true,"jetpack_social_post_already_shared":true,"jetpack_social_options":{"image_generator_settings":{"template":"highway","default_image_id":0,"font":"","enabled":false},"version":2}},"product_brand":[],"product_cat":[83],"product_tag":[],"class_list":{"0":"post-66500","1":"product","2":"type-product","3":"status-publish","4":"has-post-thumbnail","6":"product_cat-semen-brahmangris","7":"desktop-align-left","8":"tablet-align-left","9":"mobile-align-left","11":"first","12":"instock","13":"shipping-taxable","14":"product-type-simple"},"acf":{"laboratorio":"","principio_activo":"","indicaciones":"","concentracion":"","dosis_y_modo_de_empleo":"","precauciones":"","tiempo_de_retiro":"","via_de_administracion1":[]},"jetpack_publicize_connections":[],"jetpack_sharing_enabled":true,"_links":{"self":[{"href":"https:\/\/geneticatricolor.com\/home\/wp-json\/wp\/v2\/product\/66500","targetHints":{"allow":["GET"]}}],"collection":[{"href":"https:\/\/geneticatricolor.com\/home\/wp-json\/wp\/v2\/product"}],"about":[{"href":"https:\/\/geneticatricolor.com\/home\/wp-json\/wp\/v2\/types\/product"}],"author":[{"embeddable":true,"href":"https:\/\/geneticatricolor.com\/home\/wp-json\/wp\/v2\/users\/1"}],"replies":[{"embeddable":true,"href":"https:\/\/geneticatricolor.com\/home\/wp-json\/wp\/v2\/comments?post=66500"}],"wp:featuredmedia":[{"embeddable":true,"href":"https:\/\/geneticatricolor.com\/home\/wp-json\/wp\/v2\/media\/72142"}],"wp:attachment":[{"href":"https:\/\/geneticatricolor.com\/home\/wp-json\/wp\/v2\/media?parent=66500"}],"wp:term":[{"taxonomy":"product_brand","embeddable":true,"href":"https:\/\/geneticatricolor.com\/home\/wp-json\/wp\/v2\/product_brand?post=66500"},{"taxonomy":"product_cat","embeddable":true,"href":"https:\/\/geneticatricolor.com\/home\/wp-json\/wp\/v2\/product_cat?post=66500"},{"taxonomy":"product_tag","embeddable":true,"href":"https:\/\/geneticatricolor.com\/home\/wp-json\/wp\/v2\/product_tag?post=66500"}],"curies":[{"name":"wp","href":"https:\/\/api.w.org\/{rel}","templated":true}]}}