{"id":66514,"date":"2022-01-05T18:42:29","date_gmt":"2022-01-05T23:42:29","guid":{"rendered":"https:\/\/geneticatricolor.com\/home\/producto\/edelweiss\/"},"modified":"2025-07-24T07:49:26","modified_gmt":"2025-07-24T12:49:26","slug":"edelweiss","status":"publish","type":"product","link":"https:\/\/geneticatricolor.com\/home\/tienda\/venta-de-semen\/semen-leche-especial\/semen-holsteinnegro\/edelweiss\/","title":{"rendered":"EDELWEISS"},"content":{"rendered":"<p><strong>EDELWEISS<\/strong> &#8220;La flor de los sementales confirmado&#8221;<\/p>\n<p>PLANET X ROUMARE (B+83) X SATURN (TB85) X CONVOINCER (B+80) X<br \/>\nWELLS (TB85) X CLEITUS X MASCOT (TB85)<\/p>\n<p>Para los amantes del pedigr\u00ed, la madre de DOMBINATOR (Long Haven Bova Samara) es la madre de EDELWEISS, GINGO y FEUFOLLET, HOMOGENE&#8230; Esta cepa fue importada a Francia desde los Estados Unidos y sigue siendo muy utilizada en el programa de cr\u00eda XY CREATION. XY CREATION. Es la vaca Temp\u00eate TB85, abuela de EDELWEISS, origen de numerosos descendientes. VG 85 y VG86 en Ubre, produjo su segunda lactaci\u00f3n de referencia en 2006, 10 779 kg a 35,2 TB y 34,6 TA (TP 33,0). Cirrus, la madre de EDELWEISS, puntuada B+83, produjo lactaciones con una riqueza lechera soberbia. En 2\u00aa lactaci\u00f3n, 305 d\u00edas 8.901 kg de leche a46,8 TB y 40,0 TA (TP 38,1). La llegada de un gran n\u00famero de sus hijas le ha permitido mejorar sus \u00edndices y particularmente en los dos \u00edndices, patas y morfolog\u00eda general. Sus hijas son fuertes productoras de leche rica, sana y r\u00e1pida de orde\u00f1ar. EDELWEISS tambi\u00e9n puede utilizarse en novillas.<br \/>\n&#8211; Un toro confirmado muy consistente<br \/>\n&#8211; Excelente ratio de producci\u00f3n<br \/>\n&#8211; Puede usarse en novillas<\/p>\n<p>&nbsp;<\/p>\n","protected":false},"excerpt":{"rendered":"<p>EDELWEISS &#8220;La flor de los sementales confirmado&#8221; PLANET X ROUMARE (B+83) X SATURN (TB85) X CONVOINCER (B+80) X WELLS (TB85) X CLEITUS X MASCOT (TB85) Para los amantes del pedigr\u00ed, [&hellip;]<\/p>\n","protected":false},"author":1,"featured_media":73589,"comment_status":"open","ping_status":"closed","template":"","meta":{"_acf_changed":false,"inline_featured_image":false,"_monsterinsights_skip_tracking":false,"_monsterinsights_sitenote_active":false,"_monsterinsights_sitenote_note":"","_monsterinsights_sitenote_category":0,"site-sidebar-layout":"default","site-content-layout":"","ast-site-content-layout":"default","site-content-style":"default","site-sidebar-style":"default","ast-global-header-display":"","ast-banner-title-visibility":"","ast-main-header-display":"","ast-hfb-above-header-display":"","ast-hfb-below-header-display":"","ast-hfb-mobile-header-display":"","site-post-title":"","ast-breadcrumbs-content":"","ast-featured-img":"","footer-sml-layout":"","ast-disable-related-posts":"","theme-transparent-header-meta":"default","adv-header-id-meta":"","stick-header-meta":"","header-above-stick-meta":"","header-main-stick-meta":"","header-below-stick-meta":"","astra-migrate-meta-layouts":"set","ast-page-background-enabled":"default","ast-page-background-meta":{"desktop":{"background-color":"var(--ast-global-color-4)","background-image":"","background-repeat":"repeat","background-position":"center center","background-size":"auto","background-attachment":"scroll","background-type":"","background-media":"","overlay-type":"","overlay-color":"","overlay-opacity":"","overlay-gradient":""},"tablet":{"background-color":"","background-image":"","background-repeat":"repeat","background-position":"center center","background-size":"auto","background-attachment":"scroll","background-type":"","background-media":"","overlay-type":"","overlay-color":"","overlay-opacity":"","overlay-gradient":""},"mobile":{"background-color":"","background-image":"","background-repeat":"repeat","background-position":"center center","background-size":"auto","background-attachment":"scroll","background-type":"","background-media":"","overlay-type":"","overlay-color":"","overlay-opacity":"","overlay-gradient":""}},"ast-content-background-meta":{"desktop":{"background-color":"var(--ast-global-color-5)","background-image":"","background-repeat":"repeat","background-position":"center center","background-size":"auto","background-attachment":"scroll","background-type":"","background-media":"","overlay-type":"","overlay-color":"","overlay-opacity":"","overlay-gradient":""},"tablet":{"background-color":"var(--ast-global-color-5)","background-image":"","background-repeat":"repeat","background-position":"center center","background-size":"auto","background-attachment":"scroll","background-type":"","background-media":"","overlay-type":"","overlay-color":"","overlay-opacity":"","overlay-gradient":""},"mobile":{"background-color":"var(--ast-global-color-5)","background-image":"","background-repeat":"repeat","background-position":"center center","background-size":"auto","background-attachment":"scroll","background-type":"","background-media":"","overlay-type":"","overlay-color":"","overlay-opacity":"","overlay-gradient":""}},"jetpack_publicize_message":"","jetpack_publicize_feature_enabled":true,"jetpack_social_post_already_shared":true,"jetpack_social_options":{"image_generator_settings":{"template":"highway","default_image_id":0,"font":"","enabled":false},"version":2}},"product_brand":[],"product_cat":[192],"product_tag":[],"class_list":{"0":"post-66514","1":"product","2":"type-product","3":"status-publish","4":"has-post-thumbnail","6":"product_cat-semen-holsteinnegro","7":"desktop-align-left","8":"tablet-align-left","9":"mobile-align-left","11":"first","12":"instock","13":"shipping-taxable","14":"product-type-simple"},"acf":{"laboratorio":"","principio_activo":"","indicaciones":"","concentracion":"","dosis_y_modo_de_empleo":"","precauciones":"","tiempo_de_retiro":"","via_de_administracion1":[]},"jetpack_publicize_connections":[],"jetpack_sharing_enabled":true,"_links":{"self":[{"href":"https:\/\/geneticatricolor.com\/home\/wp-json\/wp\/v2\/product\/66514","targetHints":{"allow":["GET"]}}],"collection":[{"href":"https:\/\/geneticatricolor.com\/home\/wp-json\/wp\/v2\/product"}],"about":[{"href":"https:\/\/geneticatricolor.com\/home\/wp-json\/wp\/v2\/types\/product"}],"author":[{"embeddable":true,"href":"https:\/\/geneticatricolor.com\/home\/wp-json\/wp\/v2\/users\/1"}],"replies":[{"embeddable":true,"href":"https:\/\/geneticatricolor.com\/home\/wp-json\/wp\/v2\/comments?post=66514"}],"wp:featuredmedia":[{"embeddable":true,"href":"https:\/\/geneticatricolor.com\/home\/wp-json\/wp\/v2\/media\/73589"}],"wp:attachment":[{"href":"https:\/\/geneticatricolor.com\/home\/wp-json\/wp\/v2\/media?parent=66514"}],"wp:term":[{"taxonomy":"product_brand","embeddable":true,"href":"https:\/\/geneticatricolor.com\/home\/wp-json\/wp\/v2\/product_brand?post=66514"},{"taxonomy":"product_cat","embeddable":true,"href":"https:\/\/geneticatricolor.com\/home\/wp-json\/wp\/v2\/product_cat?post=66514"},{"taxonomy":"product_tag","embeddable":true,"href":"https:\/\/geneticatricolor.com\/home\/wp-json\/wp\/v2\/product_tag?post=66514"}],"curies":[{"name":"wp","href":"https:\/\/api.w.org\/{rel}","templated":true}]}}