{"id":66980,"date":"2022-02-08T13:44:37","date_gmt":"2022-02-08T18:44:37","guid":{"rendered":"https:\/\/geneticatricolor.com\/home\/?post_type=product&#038;p=66980"},"modified":"2025-03-17T13:13:53","modified_gmt":"2025-03-17T18:13:53","slug":"sincval","status":"publish","type":"product","link":"https:\/\/geneticatricolor.com\/home\/tienda\/farmacia-veterinaria\/hormonas-farmacia-veterinaria\/sincval\/","title":{"rendered":"SINCVAL (eCG)"},"content":{"rendered":"<p>En vacas, ovejas, cabras y cerdas para la inducci\u00f3n y sincronizaci\u00f3n del estro y la ovulaci\u00f3n.<\/p>\n","protected":false},"excerpt":{"rendered":"<p>En vacas, ovejas, cabras y cerdas para la inducci\u00f3n y sincronizaci\u00f3n del estro y la ovulaci\u00f3n.<\/p>\n","protected":false},"author":1,"featured_media":66981,"comment_status":"open","ping_status":"closed","template":"","meta":{"_acf_changed":false,"inline_featured_image":false,"_monsterinsights_skip_tracking":false,"_monsterinsights_sitenote_active":false,"_monsterinsights_sitenote_note":"","_monsterinsights_sitenote_category":0,"site-sidebar-layout":"default","site-content-layout":"","ast-site-content-layout":"default","site-content-style":"default","site-sidebar-style":"default","ast-global-header-display":"","ast-banner-title-visibility":"","ast-main-header-display":"","ast-hfb-above-header-display":"","ast-hfb-below-header-display":"","ast-hfb-mobile-header-display":"","site-post-title":"","ast-breadcrumbs-content":"","ast-featured-img":"","footer-sml-layout":"","ast-disable-related-posts":"","theme-transparent-header-meta":"default","adv-header-id-meta":"","stick-header-meta":"","header-above-stick-meta":"","header-main-stick-meta":"","header-below-stick-meta":"","astra-migrate-meta-layouts":"set","ast-page-background-enabled":"default","ast-page-background-meta":{"desktop":{"background-color":"var(--ast-global-color-4)","background-image":"","background-repeat":"repeat","background-position":"center center","background-size":"auto","background-attachment":"scroll","background-type":"","background-media":"","overlay-type":"","overlay-color":"","overlay-opacity":"","overlay-gradient":""},"tablet":{"background-color":"","background-image":"","background-repeat":"repeat","background-position":"center center","background-size":"auto","background-attachment":"scroll","background-type":"","background-media":"","overlay-type":"","overlay-color":"","overlay-opacity":"","overlay-gradient":""},"mobile":{"background-color":"","background-image":"","background-repeat":"repeat","background-position":"center center","background-size":"auto","background-attachment":"scroll","background-type":"","background-media":"","overlay-type":"","overlay-color":"","overlay-opacity":"","overlay-gradient":""}},"ast-content-background-meta":{"desktop":{"background-color":"var(--ast-global-color-5)","background-image":"","background-repeat":"repeat","background-position":"center center","background-size":"auto","background-attachment":"scroll","background-type":"","background-media":"","overlay-type":"","overlay-color":"","overlay-opacity":"","overlay-gradient":""},"tablet":{"background-color":"var(--ast-global-color-5)","background-image":"","background-repeat":"repeat","background-position":"center center","background-size":"auto","background-attachment":"scroll","background-type":"","background-media":"","overlay-type":"","overlay-color":"","overlay-opacity":"","overlay-gradient":""},"mobile":{"background-color":"var(--ast-global-color-5)","background-image":"","background-repeat":"repeat","background-position":"center center","background-size":"auto","background-attachment":"scroll","background-type":"","background-media":"","overlay-type":"","overlay-color":"","overlay-opacity":"","overlay-gradient":""}},"jetpack_publicize_message":"","jetpack_publicize_feature_enabled":true,"jetpack_social_post_already_shared":true,"jetpack_social_options":{"image_generator_settings":{"template":"highway","default_image_id":0,"font":"","enabled":false},"version":2}},"product_brand":[],"product_cat":[959],"product_tag":[],"class_list":{"0":"post-66980","1":"product","2":"type-product","3":"status-publish","4":"has-post-thumbnail","6":"product_cat-hormonas-farmacia-veterinaria","7":"desktop-align-left","8":"tablet-align-left","9":"mobile-align-left","11":"first","12":"instock","13":"shipping-taxable","14":"purchasable","15":"product-type-variable"},"acf":{"laboratorio":"Carval","principio_activo":"eCG (Gonadotropina corionica equina)","indicaciones":"<div class=\"beneficios-solu\">\r\n \\n<h2>Beneficios y caracter\u00edsticas:<\/h2>\r\n \\n&nbsp;\r\n \\n<ul>\r\n \\n <li>Mejora la eficiencia reproductiva cuando se aplica en postparto temprano.<\/li>\r\n \\n <li>Se reducen los d\u00edas abiertos.<\/li>\r\n \\n <li>Aumenta las tasas de ovulaci\u00f3n y de pre\u00f1ez de vacas no c\u00edclicas.<\/li>\r\n \\n <li>Utilizada en protocolos de IATF mejora la tasa de pre\u00f1ez en vacas con retraso en la ovulaci\u00f3n y mejora el desarrollo y la supervivencia embrionaria.<\/li>\r\n \\n <li>Se puede utilizar en protocolos de sincronizaci\u00f3n para receptoras de embriones.<\/li>\r\n \\n <li>Administrada d\u00edas despu\u00e9s de la ovulaci\u00f3n act\u00faa sobre las c\u00e9lulas luteales grandes, lo cual aumenta los niveles de progesterona durante la fase l\u00fateal despu\u00e9s de la inseminaci\u00f3n<\/li>\r\n \\n<\/ul>\r\n \\n<\/div>\r\n \\n<div class=\"indicaciones-solu bloque-azul\"><\/div>","concentracion":"500 UI x ml Fco x 10ml","dosis_y_modo_de_empleo":"<strong>Vacas y novillas: <\/strong> 1000-3000 UI<br>\r\n \r\n En IATF dosis a criterio del M\u00e9dico Veterinario\r\n \r\n <strong>Cerdas: <\/strong>500 \u2013 1000 UI; inducci\u00f3n del ciclo sexual e incremento del numero de lechones por camada (d\u00edas 1-2 despu\u00e9s del estro). Para celos silentes (d\u00eda 10 despu\u00e9s del destete).<br>\r\n \r\n <strong>Cerdas j\u00f3venes: <\/strong>anestro, celos silentes (8-10 meses de edad). Inducci\u00f3n del celo (6 meses de edad o 90 kg de peso vivo). Inseminar en primer celo despu\u00e9s del tratamiento. La inseminaci\u00f3n en el segundo celo resulta en camadas mas numerosas.<br>\r\n \r\n <strong>Ovejas y cabras: <\/strong>500 UI Indicado inmediatamente despu\u00e9s de retirar los dispositivos intravaginales.","precauciones":"","tiempo_de_retiro":"","via_de_administracion1":[""]},"jetpack_publicize_connections":[],"jetpack_sharing_enabled":true,"_links":{"self":[{"href":"https:\/\/geneticatricolor.com\/home\/wp-json\/wp\/v2\/product\/66980","targetHints":{"allow":["GET"]}}],"collection":[{"href":"https:\/\/geneticatricolor.com\/home\/wp-json\/wp\/v2\/product"}],"about":[{"href":"https:\/\/geneticatricolor.com\/home\/wp-json\/wp\/v2\/types\/product"}],"author":[{"embeddable":true,"href":"https:\/\/geneticatricolor.com\/home\/wp-json\/wp\/v2\/users\/1"}],"replies":[{"embeddable":true,"href":"https:\/\/geneticatricolor.com\/home\/wp-json\/wp\/v2\/comments?post=66980"}],"wp:featuredmedia":[{"embeddable":true,"href":"https:\/\/geneticatricolor.com\/home\/wp-json\/wp\/v2\/media\/66981"}],"wp:attachment":[{"href":"https:\/\/geneticatricolor.com\/home\/wp-json\/wp\/v2\/media?parent=66980"}],"wp:term":[{"taxonomy":"product_brand","embeddable":true,"href":"https:\/\/geneticatricolor.com\/home\/wp-json\/wp\/v2\/product_brand?post=66980"},{"taxonomy":"product_cat","embeddable":true,"href":"https:\/\/geneticatricolor.com\/home\/wp-json\/wp\/v2\/product_cat?post=66980"},{"taxonomy":"product_tag","embeddable":true,"href":"https:\/\/geneticatricolor.com\/home\/wp-json\/wp\/v2\/product_tag?post=66980"}],"curies":[{"name":"wp","href":"https:\/\/api.w.org\/{rel}","templated":true}]}}