{"id":67074,"date":"2022-02-08T22:26:02","date_gmt":"2022-02-09T03:26:02","guid":{"rendered":"https:\/\/geneticatricolor.com\/home\/?post_type=product&#038;p=67074"},"modified":"2025-03-17T14:15:10","modified_gmt":"2025-03-17T19:15:10","slug":"dextrogenol","status":"publish","type":"product","link":"https:\/\/geneticatricolor.com\/home\/tienda\/farmacia-veterinaria\/hormonas-farmacia-veterinaria\/dextrogenol\/","title":{"rendered":"DEXTROGENOL"},"content":{"rendered":"<p>Hormonal, Luteolitico<\/p>\n","protected":false},"excerpt":{"rendered":"<p>Hormonal, Luteolitico<\/p>\n","protected":false},"author":1,"featured_media":67075,"comment_status":"open","ping_status":"closed","template":"","meta":{"_acf_changed":false,"inline_featured_image":false,"_monsterinsights_skip_tracking":false,"_monsterinsights_sitenote_active":false,"_monsterinsights_sitenote_note":"","_monsterinsights_sitenote_category":0,"site-sidebar-layout":"default","site-content-layout":"","ast-site-content-layout":"default","site-content-style":"default","site-sidebar-style":"default","ast-global-header-display":"","ast-banner-title-visibility":"","ast-main-header-display":"","ast-hfb-above-header-display":"","ast-hfb-below-header-display":"","ast-hfb-mobile-header-display":"","site-post-title":"","ast-breadcrumbs-content":"","ast-featured-img":"","footer-sml-layout":"","ast-disable-related-posts":"","theme-transparent-header-meta":"default","adv-header-id-meta":"","stick-header-meta":"","header-above-stick-meta":"","header-main-stick-meta":"","header-below-stick-meta":"","astra-migrate-meta-layouts":"set","ast-page-background-enabled":"default","ast-page-background-meta":{"desktop":{"background-color":"var(--ast-global-color-4)","background-image":"","background-repeat":"repeat","background-position":"center center","background-size":"auto","background-attachment":"scroll","background-type":"","background-media":"","overlay-type":"","overlay-color":"","overlay-opacity":"","overlay-gradient":""},"tablet":{"background-color":"","background-image":"","background-repeat":"repeat","background-position":"center center","background-size":"auto","background-attachment":"scroll","background-type":"","background-media":"","overlay-type":"","overlay-color":"","overlay-opacity":"","overlay-gradient":""},"mobile":{"background-color":"","background-image":"","background-repeat":"repeat","background-position":"center center","background-size":"auto","background-attachment":"scroll","background-type":"","background-media":"","overlay-type":"","overlay-color":"","overlay-opacity":"","overlay-gradient":""}},"ast-content-background-meta":{"desktop":{"background-color":"var(--ast-global-color-5)","background-image":"","background-repeat":"repeat","background-position":"center center","background-size":"auto","background-attachment":"scroll","background-type":"","background-media":"","overlay-type":"","overlay-color":"","overlay-opacity":"","overlay-gradient":""},"tablet":{"background-color":"var(--ast-global-color-5)","background-image":"","background-repeat":"repeat","background-position":"center center","background-size":"auto","background-attachment":"scroll","background-type":"","background-media":"","overlay-type":"","overlay-color":"","overlay-opacity":"","overlay-gradient":""},"mobile":{"background-color":"var(--ast-global-color-5)","background-image":"","background-repeat":"repeat","background-position":"center center","background-size":"auto","background-attachment":"scroll","background-type":"","background-media":"","overlay-type":"","overlay-color":"","overlay-opacity":"","overlay-gradient":""}},"jetpack_publicize_message":"","jetpack_publicize_feature_enabled":true,"jetpack_social_post_already_shared":true,"jetpack_social_options":{"image_generator_settings":{"template":"highway","default_image_id":0,"font":"","enabled":false},"version":2}},"product_brand":[],"product_cat":[959],"product_tag":[],"class_list":{"0":"post-67074","1":"product","2":"type-product","3":"status-publish","4":"has-post-thumbnail","6":"product_cat-hormonas-farmacia-veterinaria","7":"desktop-align-left","8":"tablet-align-left","9":"mobile-align-left","11":"first","12":"instock","13":"shipping-taxable","14":"purchasable","15":"product-type-variable"},"acf":{"laboratorio":"","principio_activo":"Cloprostenol dextr\u00f3giro","indicaciones":"Produce lute\u00f3lisis anat\u00f3mica y funcional del cuerpo l\u00fateo.\r\n Protocolos de sincronizaci\u00f3n e Inducci\u00f3n del celo para la implementaci\u00f3n de inseminaci\u00f3n artificial.\r\n Sincronizaci\u00f3n de celo en hembras donantes y receptoras en programas de transferencia embrionaria.\r\n Inducci\u00f3n del parto en vacas, cerdas y yeguas.\r\n Tratamiento de cuerpo l\u00fateo persistente, quistes lute\u00ednicos, anestro post parto, celos silenciosos, pi\u00f3metras, interrupci\u00f3n de la gestaci\u00f3n (en la primera mitad de la gestaci\u00f3n), fetos momificados, retraso en la involuci\u00f3n uterina.\r\n ","concentracion":"Cloprostenol dextr\u00f3giro\u2026\u2026\u2026\u2026\u2026\u2026\u20267,5 mg","dosis_y_modo_de_empleo":"Administrar por v\u00eda intramuscular profunda.\r\n \r\n Vacas: 2 ml (0,150 mg de D-Cloprostenol).\r\n \r\n Cerdas y yeguas: 1 ml (0,075 mg de D-Cloprostenol).","precauciones":"","tiempo_de_retiro":"","via_de_administracion1":[""]},"jetpack_publicize_connections":[],"jetpack_sharing_enabled":true,"_links":{"self":[{"href":"https:\/\/geneticatricolor.com\/home\/wp-json\/wp\/v2\/product\/67074","targetHints":{"allow":["GET"]}}],"collection":[{"href":"https:\/\/geneticatricolor.com\/home\/wp-json\/wp\/v2\/product"}],"about":[{"href":"https:\/\/geneticatricolor.com\/home\/wp-json\/wp\/v2\/types\/product"}],"author":[{"embeddable":true,"href":"https:\/\/geneticatricolor.com\/home\/wp-json\/wp\/v2\/users\/1"}],"replies":[{"embeddable":true,"href":"https:\/\/geneticatricolor.com\/home\/wp-json\/wp\/v2\/comments?post=67074"}],"wp:featuredmedia":[{"embeddable":true,"href":"https:\/\/geneticatricolor.com\/home\/wp-json\/wp\/v2\/media\/67075"}],"wp:attachment":[{"href":"https:\/\/geneticatricolor.com\/home\/wp-json\/wp\/v2\/media?parent=67074"}],"wp:term":[{"taxonomy":"product_brand","embeddable":true,"href":"https:\/\/geneticatricolor.com\/home\/wp-json\/wp\/v2\/product_brand?post=67074"},{"taxonomy":"product_cat","embeddable":true,"href":"https:\/\/geneticatricolor.com\/home\/wp-json\/wp\/v2\/product_cat?post=67074"},{"taxonomy":"product_tag","embeddable":true,"href":"https:\/\/geneticatricolor.com\/home\/wp-json\/wp\/v2\/product_tag?post=67074"}],"curies":[{"name":"wp","href":"https:\/\/api.w.org\/{rel}","templated":true}]}}