{"id":67076,"date":"2022-02-08T22:44:19","date_gmt":"2022-02-09T03:44:19","guid":{"rendered":"https:\/\/geneticatricolor.com\/home\/?post_type=product&#038;p=67076"},"modified":"2025-03-17T13:13:37","modified_gmt":"2025-03-17T18:13:37","slug":"benzoato-de-estradiol","status":"publish","type":"product","link":"https:\/\/geneticatricolor.com\/home\/tienda\/farmacia-veterinaria\/hormonas-farmacia-veterinaria\/benzoato-de-estradiol\/","title":{"rendered":"BENZOATO DE ESTRADIOL"},"content":{"rendered":"<p>Complemento en la inducci\u00f3n y sincronizaci\u00f3n de celos con progest\u00e1genos en bovinos.<\/p>\n","protected":false},"excerpt":{"rendered":"<p>Complemento en la inducci\u00f3n y sincronizaci\u00f3n de celos con progest\u00e1genos en bovinos.<\/p>\n","protected":false},"author":1,"featured_media":67077,"comment_status":"open","ping_status":"closed","template":"","meta":{"_acf_changed":false,"inline_featured_image":false,"_monsterinsights_skip_tracking":false,"_monsterinsights_sitenote_active":false,"_monsterinsights_sitenote_note":"","_monsterinsights_sitenote_category":0,"site-sidebar-layout":"default","site-content-layout":"","ast-site-content-layout":"default","site-content-style":"default","site-sidebar-style":"default","ast-global-header-display":"","ast-banner-title-visibility":"","ast-main-header-display":"","ast-hfb-above-header-display":"","ast-hfb-below-header-display":"","ast-hfb-mobile-header-display":"","site-post-title":"","ast-breadcrumbs-content":"","ast-featured-img":"","footer-sml-layout":"","ast-disable-related-posts":"","theme-transparent-header-meta":"default","adv-header-id-meta":"","stick-header-meta":"","header-above-stick-meta":"","header-main-stick-meta":"","header-below-stick-meta":"","astra-migrate-meta-layouts":"set","ast-page-background-enabled":"default","ast-page-background-meta":{"desktop":{"background-color":"var(--ast-global-color-4)","background-image":"","background-repeat":"repeat","background-position":"center center","background-size":"auto","background-attachment":"scroll","background-type":"","background-media":"","overlay-type":"","overlay-color":"","overlay-opacity":"","overlay-gradient":""},"tablet":{"background-color":"","background-image":"","background-repeat":"repeat","background-position":"center center","background-size":"auto","background-attachment":"scroll","background-type":"","background-media":"","overlay-type":"","overlay-color":"","overlay-opacity":"","overlay-gradient":""},"mobile":{"background-color":"","background-image":"","background-repeat":"repeat","background-position":"center center","background-size":"auto","background-attachment":"scroll","background-type":"","background-media":"","overlay-type":"","overlay-color":"","overlay-opacity":"","overlay-gradient":""}},"ast-content-background-meta":{"desktop":{"background-color":"var(--ast-global-color-5)","background-image":"","background-repeat":"repeat","background-position":"center center","background-size":"auto","background-attachment":"scroll","background-type":"","background-media":"","overlay-type":"","overlay-color":"","overlay-opacity":"","overlay-gradient":""},"tablet":{"background-color":"var(--ast-global-color-5)","background-image":"","background-repeat":"repeat","background-position":"center center","background-size":"auto","background-attachment":"scroll","background-type":"","background-media":"","overlay-type":"","overlay-color":"","overlay-opacity":"","overlay-gradient":""},"mobile":{"background-color":"var(--ast-global-color-5)","background-image":"","background-repeat":"repeat","background-position":"center center","background-size":"auto","background-attachment":"scroll","background-type":"","background-media":"","overlay-type":"","overlay-color":"","overlay-opacity":"","overlay-gradient":""}},"jetpack_publicize_message":"","jetpack_publicize_feature_enabled":true,"jetpack_social_post_already_shared":true,"jetpack_social_options":{"image_generator_settings":{"template":"highway","default_image_id":0,"font":"","enabled":false},"version":2}},"product_brand":[],"product_cat":[959],"product_tag":[],"class_list":{"0":"post-67076","1":"product","2":"type-product","3":"status-publish","4":"has-post-thumbnail","6":"product_cat-hormonas-farmacia-veterinaria","7":"desktop-align-left","8":"tablet-align-left","9":"mobile-align-left","11":"first","12":"instock","13":"shipping-taxable","14":"purchasable","15":"product-type-simple"},"acf":{"laboratorio":"","principio_activo":"Benzoato de estradiol","indicaciones":"Complemento en la inducci\u00f3n y sincronizaci\u00f3n de celos con progest\u00e1genos en bovinos. Tratamiento de ovarios qu\u00edsticos. Celos silenciosos. Anestro post parto en bovinos.\r\n \\n<h2 id=\"frmula\" class=\"product-section\">F\u00f3rmula<\/h2>\r\n \\n<div class=\"wpb_text_column wpb_content_element \">\r\n \\n<div class=\"wpb_wrapper\">\r\n \\n\r\n \\nBenzoato de estradiol\u2026\u2026\u2026\u2026\u2026\u2026\u2026100 mg\r\n \\nExcipientes c.s.p\u2026\u2026\u2026\u2026\u2026\u2026\u2026\u2026\u2026.\u2026100 ml\r\n \\n\r\n \\n<\/div>\r\n \\n<\/div>","concentracion":"Benzoato de estradiol\u2026\u2026\u2026\u2026\u2026\u2026\u2026100 mg","dosis_y_modo_de_empleo":"En IATF: aplicar 2 ml por v\u00eda intramuscular el d\u00eda de la inserci\u00f3n del Dispocel y repetir 1 ml por v\u00eda intramuscular a las 24 horas de retirar el Dispocel.\r\n \r\n Para otros usos seg\u00fan criterio profesional.","precauciones":"","tiempo_de_retiro":"","via_de_administracion1":[""]},"jetpack_publicize_connections":[],"jetpack_sharing_enabled":true,"_links":{"self":[{"href":"https:\/\/geneticatricolor.com\/home\/wp-json\/wp\/v2\/product\/67076","targetHints":{"allow":["GET"]}}],"collection":[{"href":"https:\/\/geneticatricolor.com\/home\/wp-json\/wp\/v2\/product"}],"about":[{"href":"https:\/\/geneticatricolor.com\/home\/wp-json\/wp\/v2\/types\/product"}],"author":[{"embeddable":true,"href":"https:\/\/geneticatricolor.com\/home\/wp-json\/wp\/v2\/users\/1"}],"replies":[{"embeddable":true,"href":"https:\/\/geneticatricolor.com\/home\/wp-json\/wp\/v2\/comments?post=67076"}],"wp:featuredmedia":[{"embeddable":true,"href":"https:\/\/geneticatricolor.com\/home\/wp-json\/wp\/v2\/media\/67077"}],"wp:attachment":[{"href":"https:\/\/geneticatricolor.com\/home\/wp-json\/wp\/v2\/media?parent=67076"}],"wp:term":[{"taxonomy":"product_brand","embeddable":true,"href":"https:\/\/geneticatricolor.com\/home\/wp-json\/wp\/v2\/product_brand?post=67076"},{"taxonomy":"product_cat","embeddable":true,"href":"https:\/\/geneticatricolor.com\/home\/wp-json\/wp\/v2\/product_cat?post=67076"},{"taxonomy":"product_tag","embeddable":true,"href":"https:\/\/geneticatricolor.com\/home\/wp-json\/wp\/v2\/product_tag?post=67076"}],"curies":[{"name":"wp","href":"https:\/\/api.w.org\/{rel}","templated":true}]}}