{"id":67554,"date":"2022-03-10T12:50:53","date_gmt":"2022-03-10T17:50:53","guid":{"rendered":"https:\/\/geneticatricolor.com\/home\/tienda-gtc\/sin%20categor\u00eda\/atlas-1-328-2\/"},"modified":"2025-07-24T07:50:30","modified_gmt":"2025-07-24T12:50:30","slug":"atlas-1-328-2","status":"publish","type":"product","link":"https:\/\/geneticatricolor.com\/home\/tienda\/venta-de-semen\/semen-carne-tropico\/semen-brahmanrojo\/atlas-1-328-2\/","title":{"rendered":"DB ATLAS 1\/328"},"content":{"rendered":"<p><strong>DB ATLAS 1\/328<\/strong><\/p>\n<p>Nacimiento : 17\/03\/2016<\/p>\n<p>Registro USA: <a href=\"https:\/\/brahman.digitalbeef.com\/modules.php?op=modload&amp;name=_animal&amp;file=_animal&amp;animal_registration=951151\"><strong>ABBA #951151<\/strong><\/a><\/p>\n<p>Toro Gran Campe\u00f3n Internacional ABBA 2019, <strong>DB ATLAS 1\/328<\/strong> ser\u00eda una gran opci\u00f3n para los criadores de Brahman Rojo que quieran a\u00f1adir Atlas a su programa de cr\u00eda.<br \/>\nEstamos muy contentos con la progenie que estamos viendo en todo el mundo de DB ATLAS y los criadores nos dicen que est\u00e1n impresionados con los resultados y la progenie que est\u00e1n produciendo. Esto por supuesto no es una sorpresa para nosotros aqu\u00ed en Detering Red Brahmans ya que DB ATLAS 1\/328 es un GANADOR DE TRIPLE CORONA ya que fue GRAN CAMPEON en FT. WORTH STOCK SHOW, SAN ANTONIO STOCK SHOW y HOUSTON LIVESTOCK SHOW AND RODEO, \u00a1tambi\u00e9n conocido como el ABBA INTERNATIONAL SHOW! DB ATLAS 1\/328 es hijo de +DB SOUTHERN STYLE 33\/3, uno de los mejores hijos de +HK MR. AMERICA 61\/9 \u00abTHE MILLIONAIRE\u00bb. Algunos de los hijos campeones de ATLAS.<\/p>\n<p>Su padre +DB SOUTHERN STYLE 33\/3. Un toro que ha sido usado en todo el mundo para producir ganado con carne, solidez, buenas disposici\u00f3n y un color excepcional.<\/p>\n","protected":false},"excerpt":{"rendered":"<p>DB ATLAS 1\/328 Nacimiento : 17\/03\/2016 Registro USA: ABBA #951151 Toro Gran Campe\u00f3n Internacional ABBA 2019, DB ATLAS 1\/328 ser\u00eda una gran opci\u00f3n para los criadores de Brahman Rojo que [&hellip;]<\/p>\n","protected":false},"author":65,"featured_media":76389,"comment_status":"open","ping_status":"closed","template":"","meta":{"_acf_changed":false,"inline_featured_image":false,"_monsterinsights_skip_tracking":false,"_monsterinsights_sitenote_active":false,"_monsterinsights_sitenote_note":"","_monsterinsights_sitenote_category":0,"site-sidebar-layout":"default","site-content-layout":"default","ast-site-content-layout":"default","site-content-style":"default","site-sidebar-style":"default","ast-global-header-display":"","ast-banner-title-visibility":"","ast-main-header-display":"","ast-hfb-above-header-display":"","ast-hfb-below-header-display":"","ast-hfb-mobile-header-display":"","site-post-title":"","ast-breadcrumbs-content":"","ast-featured-img":"","footer-sml-layout":"","ast-disable-related-posts":"","theme-transparent-header-meta":"default","adv-header-id-meta":"","stick-header-meta":"","header-above-stick-meta":"","header-main-stick-meta":"","header-below-stick-meta":"","astra-migrate-meta-layouts":"set","ast-page-background-enabled":"default","ast-page-background-meta":{"desktop":{"background-color":"var(--ast-global-color-4)","background-image":"","background-repeat":"repeat","background-position":"center center","background-size":"auto","background-attachment":"scroll","background-type":"","background-media":"","overlay-type":"","overlay-color":"","overlay-opacity":"","overlay-gradient":""},"tablet":{"background-color":"","background-image":"","background-repeat":"repeat","background-position":"center center","background-size":"auto","background-attachment":"scroll","background-type":"","background-media":"","overlay-type":"","overlay-color":"","overlay-opacity":"","overlay-gradient":""},"mobile":{"background-color":"","background-image":"","background-repeat":"repeat","background-position":"center center","background-size":"auto","background-attachment":"scroll","background-type":"","background-media":"","overlay-type":"","overlay-color":"","overlay-opacity":"","overlay-gradient":""}},"ast-content-background-meta":{"desktop":{"background-color":"var(--ast-global-color-5)","background-image":"","background-repeat":"repeat","background-position":"center center","background-size":"auto","background-attachment":"scroll","background-type":"","background-media":"","overlay-type":"","overlay-color":"","overlay-opacity":"","overlay-gradient":""},"tablet":{"background-color":"var(--ast-global-color-5)","background-image":"","background-repeat":"repeat","background-position":"center center","background-size":"auto","background-attachment":"scroll","background-type":"","background-media":"","overlay-type":"","overlay-color":"","overlay-opacity":"","overlay-gradient":""},"mobile":{"background-color":"var(--ast-global-color-5)","background-image":"","background-repeat":"repeat","background-position":"center center","background-size":"auto","background-attachment":"scroll","background-type":"","background-media":"","overlay-type":"","overlay-color":"","overlay-opacity":"","overlay-gradient":""}},"jetpack_publicize_message":"","jetpack_publicize_feature_enabled":true,"jetpack_social_post_already_shared":false,"jetpack_social_options":{"image_generator_settings":{"template":"highway","default_image_id":0,"font":"","enabled":false},"version":2}},"product_brand":[],"product_cat":[84],"product_tag":[],"class_list":{"0":"post-67554","1":"product","2":"type-product","3":"status-publish","4":"has-post-thumbnail","6":"product_cat-semen-brahmanrojo","7":"desktop-align-left","8":"tablet-align-left","9":"mobile-align-left","11":"first","12":"instock","13":"shipping-taxable","14":"product-type-simple"},"acf":{"laboratorio":"","principio_activo":"","indicaciones":"","concentracion":"","dosis_y_modo_de_empleo":"","precauciones":"","tiempo_de_retiro":"","via_de_administracion1":[]},"jetpack_publicize_connections":[],"jetpack_sharing_enabled":true,"_links":{"self":[{"href":"https:\/\/geneticatricolor.com\/home\/wp-json\/wp\/v2\/product\/67554","targetHints":{"allow":["GET"]}}],"collection":[{"href":"https:\/\/geneticatricolor.com\/home\/wp-json\/wp\/v2\/product"}],"about":[{"href":"https:\/\/geneticatricolor.com\/home\/wp-json\/wp\/v2\/types\/product"}],"author":[{"embeddable":true,"href":"https:\/\/geneticatricolor.com\/home\/wp-json\/wp\/v2\/users\/65"}],"replies":[{"embeddable":true,"href":"https:\/\/geneticatricolor.com\/home\/wp-json\/wp\/v2\/comments?post=67554"}],"wp:featuredmedia":[{"embeddable":true,"href":"https:\/\/geneticatricolor.com\/home\/wp-json\/wp\/v2\/media\/76389"}],"wp:attachment":[{"href":"https:\/\/geneticatricolor.com\/home\/wp-json\/wp\/v2\/media?parent=67554"}],"wp:term":[{"taxonomy":"product_brand","embeddable":true,"href":"https:\/\/geneticatricolor.com\/home\/wp-json\/wp\/v2\/product_brand?post=67554"},{"taxonomy":"product_cat","embeddable":true,"href":"https:\/\/geneticatricolor.com\/home\/wp-json\/wp\/v2\/product_cat?post=67554"},{"taxonomy":"product_tag","embeddable":true,"href":"https:\/\/geneticatricolor.com\/home\/wp-json\/wp\/v2\/product_tag?post=67554"}],"curies":[{"name":"wp","href":"https:\/\/api.w.org\/{rel}","templated":true}]}}