{"id":68876,"date":"2022-10-01T17:34:16","date_gmt":"2022-10-01T22:34:16","guid":{"rendered":"https:\/\/geneticatricolor.com\/home\/?post_type=product&#038;p=68876"},"modified":"2026-01-18T16:49:19","modified_gmt":"2026-01-18T21:49:19","slug":"ivegan-3-5","status":"publish","type":"product","link":"https:\/\/geneticatricolor.com\/home\/tienda\/farmacia-veterinaria\/antiparasitario-externo-farmacia-veterinaria\/ivegan-3-5\/","title":{"rendered":"IVEGAN 3.5%"},"content":{"rendered":"<p>En bovinos para el tratamiento de parasitismo gastrointestinal, pulmonar y parasitismo externo. Par\u00e1sitos gastrointestinales: Ostertagia sp. (forma adulta e inhibida), Haemonchus sp. (Adultos), Trychostrongylus colubriformis, Cooperia sp., Bunostomum phlebotomum, Oesophagostomum radiatum, Nematodirus sp., (adultos), Strongyloides papillosus (adultos), Toxocara vitulorum, Parafilaria bovicola, Thelazia sp. (Adultos). Pulmonares: Dictyocaulus viviparus (formas adultas, larvaria e inhibida). Ectopar\u00e1sitos: Nuche: Dermatobia hominis. Piojos: Linognathus vituli, Haematopinus eurysternus, Solenopotes capillatus. \u00c1caros de la sarna: Psoroptes comunis var, Bovis, Sarcoptes scabiei var bovis, Chorioptes bovis. Garrapatas: aunque no se considera garrapaticida, ayuda al control del g\u00e9nero de garrapata Rhipicephalus (Boophilus) microplus<\/p>\n","protected":false},"excerpt":{"rendered":"<p>En bovinos para el tratamiento de parasitismo gastrointestinal, pulmonar y parasitismo externo. Par\u00e1sitos gastrointestinales: Ostertagia sp. (forma adulta e inhibida), Haemonchus sp. (Adultos), Trychostrongylus colubriformis, Cooperia sp., Bunostomum phlebotomum, Oesophagostomum [&hellip;]<\/p>\n","protected":false},"author":1,"featured_media":68880,"comment_status":"open","ping_status":"closed","template":"","meta":{"_acf_changed":false,"inline_featured_image":false,"_monsterinsights_skip_tracking":false,"_monsterinsights_sitenote_active":false,"_monsterinsights_sitenote_note":"","_monsterinsights_sitenote_category":0,"site-sidebar-layout":"default","site-content-layout":"default","ast-site-content-layout":"default","site-content-style":"default","site-sidebar-style":"default","ast-global-header-display":"","ast-banner-title-visibility":"","ast-main-header-display":"","ast-hfb-above-header-display":"","ast-hfb-below-header-display":"","ast-hfb-mobile-header-display":"","site-post-title":"","ast-breadcrumbs-content":"","ast-featured-img":"","footer-sml-layout":"","ast-disable-related-posts":"","theme-transparent-header-meta":"default","adv-header-id-meta":"","stick-header-meta":"","header-above-stick-meta":"","header-main-stick-meta":"","header-below-stick-meta":"","astra-migrate-meta-layouts":"default","ast-page-background-enabled":"default","ast-page-background-meta":{"desktop":{"background-color":"var(--ast-global-color-4)","background-image":"","background-repeat":"repeat","background-position":"center center","background-size":"auto","background-attachment":"scroll","background-type":"","background-media":"","overlay-type":"","overlay-color":"","overlay-opacity":"","overlay-gradient":""},"tablet":{"background-color":"","background-image":"","background-repeat":"repeat","background-position":"center center","background-size":"auto","background-attachment":"scroll","background-type":"","background-media":"","overlay-type":"","overlay-color":"","overlay-opacity":"","overlay-gradient":""},"mobile":{"background-color":"","background-image":"","background-repeat":"repeat","background-position":"center center","background-size":"auto","background-attachment":"scroll","background-type":"","background-media":"","overlay-type":"","overlay-color":"","overlay-opacity":"","overlay-gradient":""}},"ast-content-background-meta":{"desktop":{"background-color":"var(--ast-global-color-5)","background-image":"","background-repeat":"repeat","background-position":"center center","background-size":"auto","background-attachment":"scroll","background-type":"","background-media":"","overlay-type":"","overlay-color":"","overlay-opacity":"","overlay-gradient":""},"tablet":{"background-color":"var(--ast-global-color-5)","background-image":"","background-repeat":"repeat","background-position":"center center","background-size":"auto","background-attachment":"scroll","background-type":"","background-media":"","overlay-type":"","overlay-color":"","overlay-opacity":"","overlay-gradient":""},"mobile":{"background-color":"var(--ast-global-color-5)","background-image":"","background-repeat":"repeat","background-position":"center center","background-size":"auto","background-attachment":"scroll","background-type":"","background-media":"","overlay-type":"","overlay-color":"","overlay-opacity":"","overlay-gradient":""}},"jetpack_publicize_message":"","jetpack_publicize_feature_enabled":true,"jetpack_social_post_already_shared":true,"jetpack_social_options":{"image_generator_settings":{"template":"highway","default_image_id":0,"font":"","enabled":false},"version":2}},"product_brand":[],"product_cat":[950,951],"product_tag":[],"class_list":{"0":"post-68876","1":"product","2":"type-product","3":"status-publish","4":"has-post-thumbnail","6":"product_cat-antiparasitario-externo-farmacia-veterinaria","7":"product_cat-antiparasitario-interno-farmacia-veterinaria","8":"desktop-align-left","9":"tablet-align-left","10":"mobile-align-left","12":"first","13":"instock","14":"shipping-taxable","15":"purchasable","16":"product-type-variable"},"acf":{"laboratorio":"Carval","principio_activo":"Ivermectina","indicaciones":"","concentracion":"3.50%","dosis_y_modo_de_empleo":"Administrar por v\u00eda subcut\u00e1nea delante o detr\u00e1s de la esc\u00e1pula a una dosis de 700 mcg de ivermectina por kg de peso corporal. En la pr\u00e1ctica administrar a la dosis de 1 mL por cada 50 kg de peso corporal.","precauciones":"Mant\u00e9ngase fuera del alcance de los ni\u00f1os y animales dom\u00e9sticos. Uso veterinario. Venta bajo f\u00f3rmula del M\u00e9dico Veterinario. No administrar en animales menores de 6 meses de edad. Los envases y residuos de este producto deben disponerse de acuerdo a la norma ambiental vigente, no los elimine en cursos de agua. No administrar por v\u00eda intravenosa o intramuscular.","tiempo_de_retiro":"Los animales tratados no deben sacrificarse para consumo humano hasta 140 d\u00edas despu\u00e9s de finalizado el tratamiento. No administrar en vacas en producci\u00f3n de leche.","via_de_administracion1":[""]},"jetpack_publicize_connections":[],"jetpack_sharing_enabled":true,"_links":{"self":[{"href":"https:\/\/geneticatricolor.com\/home\/wp-json\/wp\/v2\/product\/68876","targetHints":{"allow":["GET"]}}],"collection":[{"href":"https:\/\/geneticatricolor.com\/home\/wp-json\/wp\/v2\/product"}],"about":[{"href":"https:\/\/geneticatricolor.com\/home\/wp-json\/wp\/v2\/types\/product"}],"author":[{"embeddable":true,"href":"https:\/\/geneticatricolor.com\/home\/wp-json\/wp\/v2\/users\/1"}],"replies":[{"embeddable":true,"href":"https:\/\/geneticatricolor.com\/home\/wp-json\/wp\/v2\/comments?post=68876"}],"wp:featuredmedia":[{"embeddable":true,"href":"https:\/\/geneticatricolor.com\/home\/wp-json\/wp\/v2\/media\/68880"}],"wp:attachment":[{"href":"https:\/\/geneticatricolor.com\/home\/wp-json\/wp\/v2\/media?parent=68876"}],"wp:term":[{"taxonomy":"product_brand","embeddable":true,"href":"https:\/\/geneticatricolor.com\/home\/wp-json\/wp\/v2\/product_brand?post=68876"},{"taxonomy":"product_cat","embeddable":true,"href":"https:\/\/geneticatricolor.com\/home\/wp-json\/wp\/v2\/product_cat?post=68876"},{"taxonomy":"product_tag","embeddable":true,"href":"https:\/\/geneticatricolor.com\/home\/wp-json\/wp\/v2\/product_tag?post=68876"}],"curies":[{"name":"wp","href":"https:\/\/api.w.org\/{rel}","templated":true}]}}