{"id":68885,"date":"2022-10-01T18:04:03","date_gmt":"2022-10-01T23:04:03","guid":{"rendered":"https:\/\/geneticatricolor.com\/home\/tienda\/sin%20categor\u00eda\/eprigan\/"},"modified":"2025-03-17T13:13:59","modified_gmt":"2025-03-17T18:13:59","slug":"eprigan","status":"publish","type":"product","link":"https:\/\/geneticatricolor.com\/home\/tienda\/farmacia-veterinaria\/antiparasitario-externo-farmacia-veterinaria\/eprigan\/","title":{"rendered":"Eprigan"},"content":{"rendered":"<p>En bovinos para el tratamiento y control de: Nem\u00e1todos gastrointestinales: (adultos y cuarto estado larvario L4), Haemonchus placei, Ostertagia ostertagi, (incluyendo L4 inhibida), Trichostrongylus axei, Trichostrongylus colubriformis, Cooperia oncophora, Cooperia punctata, Cooperia surnabada, Cooperia pectinata, Nematodirus helvetianus, Bunostomun phlebotomum, Oesophagostomum radiatum y Trichuris spp. (adultos). Vermes pulmonares: (adultos y L4) Dictyocaulus viviparus. Larvas de la mosca productora de nuche: (Todos los estados paras\u00edticos) Dermatobia hominis. Piojos: Damalinia bovis, Linognathus vituli, Haematopinus eurysternus y Solenopotes capillatus. \u00c1caros de la sarna: Chorioptes bovis y Sarcoptes scabiei. Mosca de los cuernos: Haematobia irritans.<\/p>\n","protected":false},"excerpt":{"rendered":"<p>En bovinos para el tratamiento y control de: Nem\u00e1todos gastrointestinales: (adultos y cuarto estado larvario L4), Haemonchus placei, Ostertagia ostertagi, (incluyendo L4 inhibida), Trichostrongylus axei, Trichostrongylus colubriformis, Cooperia oncophora, Cooperia [&hellip;]<\/p>\n","protected":false},"author":1,"featured_media":68884,"comment_status":"open","ping_status":"closed","template":"","meta":{"_acf_changed":false,"inline_featured_image":false,"_monsterinsights_skip_tracking":false,"_monsterinsights_sitenote_active":false,"_monsterinsights_sitenote_note":"","_monsterinsights_sitenote_category":0,"site-sidebar-layout":"default","site-content-layout":"default","ast-site-content-layout":"default","site-content-style":"default","site-sidebar-style":"default","ast-global-header-display":"","ast-banner-title-visibility":"","ast-main-header-display":"","ast-hfb-above-header-display":"","ast-hfb-below-header-display":"","ast-hfb-mobile-header-display":"","site-post-title":"","ast-breadcrumbs-content":"","ast-featured-img":"","footer-sml-layout":"","ast-disable-related-posts":"","theme-transparent-header-meta":"default","adv-header-id-meta":"","stick-header-meta":"","header-above-stick-meta":"","header-main-stick-meta":"","header-below-stick-meta":"","astra-migrate-meta-layouts":"set","ast-page-background-enabled":"default","ast-page-background-meta":{"desktop":{"background-color":"var(--ast-global-color-4)","background-image":"","background-repeat":"repeat","background-position":"center center","background-size":"auto","background-attachment":"scroll","background-type":"","background-media":"","overlay-type":"","overlay-color":"","overlay-opacity":"","overlay-gradient":""},"tablet":{"background-color":"","background-image":"","background-repeat":"repeat","background-position":"center center","background-size":"auto","background-attachment":"scroll","background-type":"","background-media":"","overlay-type":"","overlay-color":"","overlay-opacity":"","overlay-gradient":""},"mobile":{"background-color":"","background-image":"","background-repeat":"repeat","background-position":"center center","background-size":"auto","background-attachment":"scroll","background-type":"","background-media":"","overlay-type":"","overlay-color":"","overlay-opacity":"","overlay-gradient":""}},"ast-content-background-meta":{"desktop":{"background-color":"var(--ast-global-color-5)","background-image":"","background-repeat":"repeat","background-position":"center center","background-size":"auto","background-attachment":"scroll","background-type":"","background-media":"","overlay-type":"","overlay-color":"","overlay-opacity":"","overlay-gradient":""},"tablet":{"background-color":"var(--ast-global-color-5)","background-image":"","background-repeat":"repeat","background-position":"center center","background-size":"auto","background-attachment":"scroll","background-type":"","background-media":"","overlay-type":"","overlay-color":"","overlay-opacity":"","overlay-gradient":""},"mobile":{"background-color":"var(--ast-global-color-5)","background-image":"","background-repeat":"repeat","background-position":"center center","background-size":"auto","background-attachment":"scroll","background-type":"","background-media":"","overlay-type":"","overlay-color":"","overlay-opacity":"","overlay-gradient":""}},"jetpack_publicize_message":"","jetpack_publicize_feature_enabled":true,"jetpack_social_post_already_shared":false,"jetpack_social_options":{"image_generator_settings":{"template":"highway","default_image_id":0,"font":"","enabled":false},"version":2}},"product_brand":[],"product_cat":[950,951],"product_tag":[],"class_list":{"0":"post-68885","1":"product","2":"type-product","3":"status-publish","4":"has-post-thumbnail","6":"product_cat-antiparasitario-externo-farmacia-veterinaria","7":"product_cat-antiparasitario-interno-farmacia-veterinaria","8":"desktop-align-left","9":"tablet-align-left","10":"mobile-align-left","12":"first","13":"instock","14":"shipping-taxable","15":"purchasable","16":"product-type-variable"},"acf":{"laboratorio":"","principio_activo":"Eprinomectina","indicaciones":"","concentracion":"0.50%","dosis_y_modo_de_empleo":"Aplicaci\u00f3n t\u00f3pica a lo largo de la l\u00ednea dorsal del animal, desde la cruz hasta el nacimiento de la cola. Administrar \u00fanicamente por aplicaci\u00f3n t\u00f3pica a la dosis de 500 mcg de eprinomectina por kg de peso vivo (0.5 mg de eprinomectina por kg de peso vivo) equivalente a utilizar 1 mL de EPRIGAN en ganado bovino de leche y de carne por cada 10 kg de peso vivo.","precauciones":"","tiempo_de_retiro":"No posee tiempo de retiro en leche ni carne.","via_de_administracion1":[""]},"jetpack_publicize_connections":[],"jetpack_sharing_enabled":true,"_links":{"self":[{"href":"https:\/\/geneticatricolor.com\/home\/wp-json\/wp\/v2\/product\/68885","targetHints":{"allow":["GET"]}}],"collection":[{"href":"https:\/\/geneticatricolor.com\/home\/wp-json\/wp\/v2\/product"}],"about":[{"href":"https:\/\/geneticatricolor.com\/home\/wp-json\/wp\/v2\/types\/product"}],"author":[{"embeddable":true,"href":"https:\/\/geneticatricolor.com\/home\/wp-json\/wp\/v2\/users\/1"}],"replies":[{"embeddable":true,"href":"https:\/\/geneticatricolor.com\/home\/wp-json\/wp\/v2\/comments?post=68885"}],"wp:featuredmedia":[{"embeddable":true,"href":"https:\/\/geneticatricolor.com\/home\/wp-json\/wp\/v2\/media\/68884"}],"wp:attachment":[{"href":"https:\/\/geneticatricolor.com\/home\/wp-json\/wp\/v2\/media?parent=68885"}],"wp:term":[{"taxonomy":"product_brand","embeddable":true,"href":"https:\/\/geneticatricolor.com\/home\/wp-json\/wp\/v2\/product_brand?post=68885"},{"taxonomy":"product_cat","embeddable":true,"href":"https:\/\/geneticatricolor.com\/home\/wp-json\/wp\/v2\/product_cat?post=68885"},{"taxonomy":"product_tag","embeddable":true,"href":"https:\/\/geneticatricolor.com\/home\/wp-json\/wp\/v2\/product_tag?post=68885"}],"curies":[{"name":"wp","href":"https:\/\/api.w.org\/{rel}","templated":true}]}}