{"id":68896,"date":"2022-10-02T18:08:20","date_gmt":"2022-10-02T23:08:20","guid":{"rendered":"https:\/\/geneticatricolor.com\/home\/tienda\/sin%20categor\u00eda\/clozaval\/"},"modified":"2026-01-18T16:49:17","modified_gmt":"2026-01-18T21:49:17","slug":"clozaval","status":"publish","type":"product","link":"https:\/\/geneticatricolor.com\/home\/tienda\/farmacia-veterinaria\/antiparasitario-externo-farmacia-veterinaria\/clozaval\/","title":{"rendered":"CLOZAVAL"},"content":{"rendered":"<p>Para bovinos, ovinos y caprinos Endoparasiticida en suspensi\u00f3n de f\u00e1cil administraci\u00f3n contra par\u00e1sitos Gastrointestinales (Haemonchus spp, Ostertagia spp, Trichostrongylus spp, Cooperia spp, Nematodius spp, Oesophagostomum Chabertia spp, y Bunostomum spp) Pulmonares (Dictyocaulus sp. incluyendo forma larvaria inhibida de Dictyocaulus Viviparus spp) Tenia (Monieza expansa spp) Trematodos: Fasciola sp, Paramphistomum sp.<\/p>\n","protected":false},"excerpt":{"rendered":"<p>Para bovinos, ovinos y caprinos Endoparasiticida en suspensi\u00f3n de f\u00e1cil administraci\u00f3n contra par\u00e1sitos Gastrointestinales (Haemonchus spp, Ostertagia spp, Trichostrongylus spp, Cooperia spp, Nematodius spp, Oesophagostomum Chabertia spp, y Bunostomum spp) [&hellip;]<\/p>\n","protected":false},"author":1,"featured_media":69151,"comment_status":"open","ping_status":"closed","template":"","meta":{"_acf_changed":false,"inline_featured_image":false,"_monsterinsights_skip_tracking":false,"_monsterinsights_sitenote_active":false,"_monsterinsights_sitenote_note":"","_monsterinsights_sitenote_category":0,"site-sidebar-layout":"","site-content-layout":"","ast-site-content-layout":"default","site-content-style":"default","site-sidebar-style":"default","ast-global-header-display":"","ast-banner-title-visibility":"","ast-main-header-display":"","ast-hfb-above-header-display":"","ast-hfb-below-header-display":"","ast-hfb-mobile-header-display":"","site-post-title":"","ast-breadcrumbs-content":"","ast-featured-img":"","footer-sml-layout":"","ast-disable-related-posts":"","theme-transparent-header-meta":"","adv-header-id-meta":"","stick-header-meta":"","header-above-stick-meta":"","header-main-stick-meta":"","header-below-stick-meta":"","astra-migrate-meta-layouts":"default","ast-page-background-enabled":"default","ast-page-background-meta":{"desktop":{"background-color":"var(--ast-global-color-4)","background-image":"","background-repeat":"repeat","background-position":"center center","background-size":"auto","background-attachment":"scroll","background-type":"","background-media":"","overlay-type":"","overlay-color":"","overlay-opacity":"","overlay-gradient":""},"tablet":{"background-color":"","background-image":"","background-repeat":"repeat","background-position":"center center","background-size":"auto","background-attachment":"scroll","background-type":"","background-media":"","overlay-type":"","overlay-color":"","overlay-opacity":"","overlay-gradient":""},"mobile":{"background-color":"","background-image":"","background-repeat":"repeat","background-position":"center center","background-size":"auto","background-attachment":"scroll","background-type":"","background-media":"","overlay-type":"","overlay-color":"","overlay-opacity":"","overlay-gradient":""}},"ast-content-background-meta":{"desktop":{"background-color":"var(--ast-global-color-5)","background-image":"","background-repeat":"repeat","background-position":"center center","background-size":"auto","background-attachment":"scroll","background-type":"","background-media":"","overlay-type":"","overlay-color":"","overlay-opacity":"","overlay-gradient":""},"tablet":{"background-color":"var(--ast-global-color-5)","background-image":"","background-repeat":"repeat","background-position":"center center","background-size":"auto","background-attachment":"scroll","background-type":"","background-media":"","overlay-type":"","overlay-color":"","overlay-opacity":"","overlay-gradient":""},"mobile":{"background-color":"var(--ast-global-color-5)","background-image":"","background-repeat":"repeat","background-position":"center center","background-size":"auto","background-attachment":"scroll","background-type":"","background-media":"","overlay-type":"","overlay-color":"","overlay-opacity":"","overlay-gradient":""}},"jetpack_publicize_message":"","jetpack_publicize_feature_enabled":true,"jetpack_social_post_already_shared":false,"jetpack_social_options":{"image_generator_settings":{"template":"highway","default_image_id":0,"font":"","enabled":false},"version":2}},"product_brand":[],"product_cat":[950,951,952],"product_tag":[],"class_list":{"0":"post-68896","1":"product","2":"type-product","3":"status-publish","4":"has-post-thumbnail","6":"product_cat-antiparasitario-externo-farmacia-veterinaria","7":"product_cat-antiparasitario-interno-farmacia-veterinaria","8":"product_cat-antiparasitario-oral","9":"desktop-align-left","10":"tablet-align-left","11":"mobile-align-left","13":"first","14":"instock","15":"shipping-taxable","16":"purchasable","17":"product-type-variable"},"acf":{"laboratorio":"Carval","principio_activo":"Oxiclozanida 6% Levamisol 3%","indicaciones":"Beneficios y caracter\u00edsticas:\n \\n\u00danica formulaci\u00f3n en Colombia (Oxiclozanida + Levamisol) que combate los par\u00e1sitos internos m\u00e1s importantes de los rumiantes.\n \\nNo presenta resistencia en los par\u00e1sitos.\n \\nTecnolog\u00eda de estabilizaci\u00f3n tridimensional (Reduce sedimentaci\u00f3n, evita segregaci\u00f3n y aglomeraci\u00f3n) que garantiza la homogeneidad del producto.\n \\nSabor a banano que evita el rechazo del animal y facilita su administraci\u00f3n.\n \\nFormulaci\u00f3n garantizada con materias primas de excelente calidad.\n \\nAct\u00faa en animales de cualquier tama\u00f1o y edad.\n \\nSe puede aplicar en hembras en gestaci\u00f3n.","concentracion":"","dosis_y_modo_de_empleo":"7,5 mg de Levamisol\/kg de peso y 15 mg de Oxiclozanida\/kg de peso. En la pr\u00e1ctica aplicar por v\u00eda oral 2,5 mL de CLOZAVAL por cada 10 kg de peso en bovinos y 0.5 mL por cada 2kg de peso vivo en ovejas y cabras.\n \n Desparasitar los animales cada 3 meses.\n \n Ag\u00edtese antes de usar.\n \n Los animales no deben ser tratados dentro de los 14 d\u00edas antes y despu\u00e9s de tratamiento con compuestos organofosforados.","precauciones":"","tiempo_de_retiro":"Los animales tratados no deben sacrificarse para consumo humano hasta 14 d\u00edas despu\u00e9s de finalizado el tratamiento. La leche producida durante el tratamiento y 4 d\u00edas despu\u00e9s de finalizado el mismo no debe darse al consumo humano.","via_de_administracion1":["Via oral"]},"jetpack_publicize_connections":[],"jetpack_sharing_enabled":true,"_links":{"self":[{"href":"https:\/\/geneticatricolor.com\/home\/wp-json\/wp\/v2\/product\/68896","targetHints":{"allow":["GET"]}}],"collection":[{"href":"https:\/\/geneticatricolor.com\/home\/wp-json\/wp\/v2\/product"}],"about":[{"href":"https:\/\/geneticatricolor.com\/home\/wp-json\/wp\/v2\/types\/product"}],"author":[{"embeddable":true,"href":"https:\/\/geneticatricolor.com\/home\/wp-json\/wp\/v2\/users\/1"}],"replies":[{"embeddable":true,"href":"https:\/\/geneticatricolor.com\/home\/wp-json\/wp\/v2\/comments?post=68896"}],"wp:featuredmedia":[{"embeddable":true,"href":"https:\/\/geneticatricolor.com\/home\/wp-json\/wp\/v2\/media\/69151"}],"wp:attachment":[{"href":"https:\/\/geneticatricolor.com\/home\/wp-json\/wp\/v2\/media?parent=68896"}],"wp:term":[{"taxonomy":"product_brand","embeddable":true,"href":"https:\/\/geneticatricolor.com\/home\/wp-json\/wp\/v2\/product_brand?post=68896"},{"taxonomy":"product_cat","embeddable":true,"href":"https:\/\/geneticatricolor.com\/home\/wp-json\/wp\/v2\/product_cat?post=68896"},{"taxonomy":"product_tag","embeddable":true,"href":"https:\/\/geneticatricolor.com\/home\/wp-json\/wp\/v2\/product_tag?post=68896"}],"curies":[{"name":"wp","href":"https:\/\/api.w.org\/{rel}","templated":true}]}}