{"id":68898,"date":"2022-10-02T18:08:21","date_gmt":"2022-10-02T23:08:21","guid":{"rendered":"https:\/\/geneticatricolor.com\/home\/tienda\/sin%20categor\u00eda\/ganatraz\/"},"modified":"2025-03-25T19:20:39","modified_gmt":"2025-03-26T00:20:39","slug":"ganatraz","status":"publish","type":"product","link":"https:\/\/geneticatricolor.com\/home\/tienda\/farmacia-veterinaria\/antiparasitario-externo-farmacia-veterinaria\/ganatraz\/","title":{"rendered":"GANATRAZ"},"content":{"rendered":"<p>En bovinos: control de garrapatas comunes: Rhipicephalus (Boophilus) microplus y Amblyomma cajennense.<\/p>\n","protected":false},"excerpt":{"rendered":"<p>En bovinos: control de garrapatas comunes: Rhipicephalus (Boophilus) microplus y Amblyomma cajennense.<\/p>\n","protected":false},"author":1,"featured_media":69144,"comment_status":"open","ping_status":"closed","template":"","meta":{"_acf_changed":false,"inline_featured_image":false,"_monsterinsights_skip_tracking":false,"_monsterinsights_sitenote_active":false,"_monsterinsights_sitenote_note":"","_monsterinsights_sitenote_category":0,"site-sidebar-layout":"","site-content-layout":"","ast-site-content-layout":"default","site-content-style":"default","site-sidebar-style":"default","ast-global-header-display":"","ast-banner-title-visibility":"","ast-main-header-display":"","ast-hfb-above-header-display":"","ast-hfb-below-header-display":"","ast-hfb-mobile-header-display":"","site-post-title":"","ast-breadcrumbs-content":"","ast-featured-img":"","footer-sml-layout":"","ast-disable-related-posts":"","theme-transparent-header-meta":"","adv-header-id-meta":"","stick-header-meta":"","header-above-stick-meta":"","header-main-stick-meta":"","header-below-stick-meta":"","astra-migrate-meta-layouts":"default","ast-page-background-enabled":"default","ast-page-background-meta":{"desktop":{"background-color":"var(--ast-global-color-4)","background-image":"","background-repeat":"repeat","background-position":"center center","background-size":"auto","background-attachment":"scroll","background-type":"","background-media":"","overlay-type":"","overlay-color":"","overlay-opacity":"","overlay-gradient":""},"tablet":{"background-color":"","background-image":"","background-repeat":"repeat","background-position":"center center","background-size":"auto","background-attachment":"scroll","background-type":"","background-media":"","overlay-type":"","overlay-color":"","overlay-opacity":"","overlay-gradient":""},"mobile":{"background-color":"","background-image":"","background-repeat":"repeat","background-position":"center center","background-size":"auto","background-attachment":"scroll","background-type":"","background-media":"","overlay-type":"","overlay-color":"","overlay-opacity":"","overlay-gradient":""}},"ast-content-background-meta":{"desktop":{"background-color":"var(--ast-global-color-5)","background-image":"","background-repeat":"repeat","background-position":"center center","background-size":"auto","background-attachment":"scroll","background-type":"","background-media":"","overlay-type":"","overlay-color":"","overlay-opacity":"","overlay-gradient":""},"tablet":{"background-color":"var(--ast-global-color-5)","background-image":"","background-repeat":"repeat","background-position":"center center","background-size":"auto","background-attachment":"scroll","background-type":"","background-media":"","overlay-type":"","overlay-color":"","overlay-opacity":"","overlay-gradient":""},"mobile":{"background-color":"var(--ast-global-color-5)","background-image":"","background-repeat":"repeat","background-position":"center center","background-size":"auto","background-attachment":"scroll","background-type":"","background-media":"","overlay-type":"","overlay-color":"","overlay-opacity":"","overlay-gradient":""}},"jetpack_publicize_message":"","jetpack_publicize_feature_enabled":true,"jetpack_social_post_already_shared":false,"jetpack_social_options":{"image_generator_settings":{"template":"highway","default_image_id":0,"font":"","enabled":false},"version":2}},"product_brand":[],"product_cat":[950],"product_tag":[],"class_list":{"0":"post-68898","1":"product","2":"type-product","3":"status-publish","4":"has-post-thumbnail","6":"product_cat-antiparasitario-externo-farmacia-veterinaria","7":"desktop-align-left","8":"tablet-align-left","9":"mobile-align-left","11":"first","12":"instock","13":"shipping-taxable","14":"purchasable","15":"product-type-variable"},"acf":{"laboratorio":"Carval","principio_activo":"Cada 100 mL de GANATRAZ\u00ae contiene: \n Amitraz 20,8 g\n Excipientes c.s.p. 100 mL","indicaciones":"","concentracion":"","dosis_y_modo_de_empleo":"Diluir 1 mL de GANATRAZ\u00ae por 1 litro de agua. La diluci\u00f3n debe prepararse inmediatamente antes de usarla, ya que el producto se degrada en 48 horas. En infestaciones por Rhipicephalus (Boophilus) microplus, ba\u00f1ar cada 21 d\u00edas (10 d\u00edas en infestaciones graves). Para el control de Amblyomma cajennense el ba\u00f1o debe repetirse cada 7 d\u00edas.","precauciones":"Categor\u00eda toxicol\u00f3gica III \u2013 Medianamente T\u00f3xico. Mant\u00e9ngase fuera del alcance de los ni\u00f1os. Uso veterinario. Usar guantes de caucho y mascara al momento de mezclar el producto. No fumar, ni comer durante la aplicaci\u00f3n. No usar en ba\u00f1os de inmersi\u00f3n. No usar en equinos. En caso de contacto accidental con piel y ojos, lavar abundantemente con agua y jab\u00f3n. Ba\u00f1arse y cambiarse de ropa una vez finalizado el trabajo. No arrojar producto a fuentes de agua. Producto toxico en peces. No tratar a animales menores de 3 meses. No ba\u00f1ar animales cansados o sedientos. No ba\u00f1ar en horas de intenso calor ni con tiempo lluvioso. No usar en equinos.","tiempo_de_retiro":"Los animales tratados no deben sacrificarse para el consumo humano hasta 14 d\u00edas despu\u00e9s de finalizado el tratamiento. La leche producida durante el tratamiento y 24 horas despu\u00e9s de finalizado el mismo no debe darse al consumo humano.","via_de_administracion1":["Uso Externo"]},"jetpack_publicize_connections":[],"jetpack_sharing_enabled":true,"_links":{"self":[{"href":"https:\/\/geneticatricolor.com\/home\/wp-json\/wp\/v2\/product\/68898","targetHints":{"allow":["GET"]}}],"collection":[{"href":"https:\/\/geneticatricolor.com\/home\/wp-json\/wp\/v2\/product"}],"about":[{"href":"https:\/\/geneticatricolor.com\/home\/wp-json\/wp\/v2\/types\/product"}],"author":[{"embeddable":true,"href":"https:\/\/geneticatricolor.com\/home\/wp-json\/wp\/v2\/users\/1"}],"replies":[{"embeddable":true,"href":"https:\/\/geneticatricolor.com\/home\/wp-json\/wp\/v2\/comments?post=68898"}],"wp:featuredmedia":[{"embeddable":true,"href":"https:\/\/geneticatricolor.com\/home\/wp-json\/wp\/v2\/media\/69144"}],"wp:attachment":[{"href":"https:\/\/geneticatricolor.com\/home\/wp-json\/wp\/v2\/media?parent=68898"}],"wp:term":[{"taxonomy":"product_brand","embeddable":true,"href":"https:\/\/geneticatricolor.com\/home\/wp-json\/wp\/v2\/product_brand?post=68898"},{"taxonomy":"product_cat","embeddable":true,"href":"https:\/\/geneticatricolor.com\/home\/wp-json\/wp\/v2\/product_cat?post=68898"},{"taxonomy":"product_tag","embeddable":true,"href":"https:\/\/geneticatricolor.com\/home\/wp-json\/wp\/v2\/product_tag?post=68898"}],"curies":[{"name":"wp","href":"https:\/\/api.w.org\/{rel}","templated":true}]}}