{"id":68899,"date":"2022-10-02T18:08:21","date_gmt":"2022-10-02T23:08:21","guid":{"rendered":"https:\/\/geneticatricolor.com\/home\/tienda\/sin%20categor\u00eda\/ganathion\/"},"modified":"2025-03-17T13:14:01","modified_gmt":"2025-03-17T18:14:01","slug":"ganathion","status":"publish","type":"product","link":"https:\/\/geneticatricolor.com\/home\/tienda\/farmacia-veterinaria\/antiparasitario-externo-farmacia-veterinaria\/ganathion\/","title":{"rendered":"GANATHION"},"content":{"rendered":"<p>En bovinos para el control de: Garrapatas: Rhipicephalus (Boophilus) microplus, Amblyomma cajennense. Piojos: Linognathus vituli, Haematopinus eurysternus, Trichodectes sp. Moscas: Haematobia irritans, Stomoxys calcitrans.<\/p>\n","protected":false},"excerpt":{"rendered":"<p>En bovinos para el control de: Garrapatas: Rhipicephalus (Boophilus) microplus, Amblyomma cajennense. Piojos: Linognathus vituli, Haematopinus eurysternus, Trichodectes sp. Moscas: Haematobia irritans, Stomoxys calcitrans.<\/p>\n","protected":false},"author":1,"featured_media":0,"comment_status":"open","ping_status":"closed","template":"","meta":{"_acf_changed":false,"inline_featured_image":false,"_monsterinsights_skip_tracking":false,"_monsterinsights_sitenote_active":false,"_monsterinsights_sitenote_note":"","_monsterinsights_sitenote_category":0,"site-sidebar-layout":"","site-content-layout":"","ast-site-content-layout":"default","site-content-style":"default","site-sidebar-style":"default","ast-global-header-display":"","ast-banner-title-visibility":"","ast-main-header-display":"","ast-hfb-above-header-display":"","ast-hfb-below-header-display":"","ast-hfb-mobile-header-display":"","site-post-title":"","ast-breadcrumbs-content":"","ast-featured-img":"","footer-sml-layout":"","ast-disable-related-posts":"","theme-transparent-header-meta":"","adv-header-id-meta":"","stick-header-meta":"","header-above-stick-meta":"","header-main-stick-meta":"","header-below-stick-meta":"","astra-migrate-meta-layouts":"default","ast-page-background-enabled":"default","ast-page-background-meta":{"desktop":{"background-color":"var(--ast-global-color-4)","background-image":"","background-repeat":"repeat","background-position":"center center","background-size":"auto","background-attachment":"scroll","background-type":"","background-media":"","overlay-type":"","overlay-color":"","overlay-opacity":"","overlay-gradient":""},"tablet":{"background-color":"","background-image":"","background-repeat":"repeat","background-position":"center center","background-size":"auto","background-attachment":"scroll","background-type":"","background-media":"","overlay-type":"","overlay-color":"","overlay-opacity":"","overlay-gradient":""},"mobile":{"background-color":"","background-image":"","background-repeat":"repeat","background-position":"center center","background-size":"auto","background-attachment":"scroll","background-type":"","background-media":"","overlay-type":"","overlay-color":"","overlay-opacity":"","overlay-gradient":""}},"ast-content-background-meta":{"desktop":{"background-color":"var(--ast-global-color-5)","background-image":"","background-repeat":"repeat","background-position":"center center","background-size":"auto","background-attachment":"scroll","background-type":"","background-media":"","overlay-type":"","overlay-color":"","overlay-opacity":"","overlay-gradient":""},"tablet":{"background-color":"var(--ast-global-color-5)","background-image":"","background-repeat":"repeat","background-position":"center center","background-size":"auto","background-attachment":"scroll","background-type":"","background-media":"","overlay-type":"","overlay-color":"","overlay-opacity":"","overlay-gradient":""},"mobile":{"background-color":"var(--ast-global-color-5)","background-image":"","background-repeat":"repeat","background-position":"center center","background-size":"auto","background-attachment":"scroll","background-type":"","background-media":"","overlay-type":"","overlay-color":"","overlay-opacity":"","overlay-gradient":""}},"jetpack_publicize_message":"","jetpack_publicize_feature_enabled":true,"jetpack_social_post_already_shared":false,"jetpack_social_options":{"image_generator_settings":{"template":"highway","default_image_id":0,"font":"","enabled":false},"version":2}},"product_brand":[],"product_cat":[950],"product_tag":[],"class_list":{"0":"post-68899","1":"product","2":"type-product","3":"status-publish","5":"product_cat-antiparasitario-externo-farmacia-veterinaria","6":"desktop-align-left","7":"tablet-align-left","8":"mobile-align-left","10":"first","11":"instock","12":"shipping-taxable","13":"purchasable","14":"product-type-variable"},"acf":{"laboratorio":"Carval","principio_activo":"","indicaciones":"","concentracion":"","dosis_y_modo_de_empleo":"Cuando se utilizan bombas de mano, para un animal adulto 1mL de GANATHION\u00ae por 1.3 litros de agua. Realizar una mezcla previa de GANATHION\u00ae con la misma cantidad de agua y agitar bien. Mezclar esta diluci\u00f3n con la cantidad total de agua en el tanque o bomba de mano o espalda y agitar bien. Mezclar bombas de mano: Para un animal adulto utilizar 4-5 litros de la diluci\u00f3n. Para infestaciones por Rhipicephalus (Boophilus) microplus realizar ba\u00f1os cada 21 d\u00edas y para Amblyomma cajennense cada 7 d\u00edas.","precauciones":"Categor\u00eda toxicol\u00f3gica II. Altamente t\u00f3xico. Mant\u00e9ngase fuera del alcance de los ni\u00f1os. Uso veterinario. Usar guantes, gafas y mascara al momento de mezclar el producto. No fumar, no comer durante la aplicaci\u00f3n. B\u00e1\u00f1ese y c\u00e1mbiese de ropa una vez finalizado el trabajo. No arrojar el producto a fuentes de agua.","tiempo_de_retiro":"Los animales tratados no deben sacrificarse para el consumo humano hasta 14 d\u00edas despu\u00e9s de finalizado el tratamiento. La leche producida durante el tratamiento y 24 horas despu\u00e9s de finalizado el mismo no debe darse al consumo humano.","via_de_administracion1":["Uso Externo"]},"jetpack_publicize_connections":[],"jetpack_sharing_enabled":true,"_links":{"self":[{"href":"https:\/\/geneticatricolor.com\/home\/wp-json\/wp\/v2\/product\/68899","targetHints":{"allow":["GET"]}}],"collection":[{"href":"https:\/\/geneticatricolor.com\/home\/wp-json\/wp\/v2\/product"}],"about":[{"href":"https:\/\/geneticatricolor.com\/home\/wp-json\/wp\/v2\/types\/product"}],"author":[{"embeddable":true,"href":"https:\/\/geneticatricolor.com\/home\/wp-json\/wp\/v2\/users\/1"}],"replies":[{"embeddable":true,"href":"https:\/\/geneticatricolor.com\/home\/wp-json\/wp\/v2\/comments?post=68899"}],"wp:attachment":[{"href":"https:\/\/geneticatricolor.com\/home\/wp-json\/wp\/v2\/media?parent=68899"}],"wp:term":[{"taxonomy":"product_brand","embeddable":true,"href":"https:\/\/geneticatricolor.com\/home\/wp-json\/wp\/v2\/product_brand?post=68899"},{"taxonomy":"product_cat","embeddable":true,"href":"https:\/\/geneticatricolor.com\/home\/wp-json\/wp\/v2\/product_cat?post=68899"},{"taxonomy":"product_tag","embeddable":true,"href":"https:\/\/geneticatricolor.com\/home\/wp-json\/wp\/v2\/product_tag?post=68899"}],"curies":[{"name":"wp","href":"https:\/\/api.w.org\/{rel}","templated":true}]}}