{"id":68903,"date":"2022-10-02T18:08:22","date_gmt":"2022-10-02T23:08:22","guid":{"rendered":"https:\/\/geneticatricolor.com\/home\/tienda\/sin%20categor\u00eda\/flyval\/"},"modified":"2026-04-17T19:43:37","modified_gmt":"2026-04-18T00:43:37","slug":"flyval","status":"publish","type":"product","link":"https:\/\/geneticatricolor.com\/home\/tienda\/farmacia-veterinaria\/antiparasitario-externo-farmacia-veterinaria\/flyval\/","title":{"rendered":"FLYVAL"},"content":{"rendered":"<p>Tratamiento y control de infestaciones por ectopar\u00e1sitos de los bovinos: garrapatas (Rhipicephalus (Boophilus) microplus), nuche (Dermatobia hominis), piojos masticadores (Damalinia bovis), piojos chupadores (Linognathus vituli), mosca de los cuernos o de la paleta (Haematobia irritans) y Miasis (Cochliomyia hominivorax).<\/p>\n","protected":false},"excerpt":{"rendered":"<p>Tratamiento y control de infestaciones por ectopar\u00e1sitos de los bovinos: garrapatas (Rhipicephalus (Boophilus) microplus), nuche (Dermatobia hominis), piojos masticadores (Damalinia bovis), piojos chupadores (Linognathus vituli), mosca de los cuernos o [&hellip;]<\/p>\n","protected":false},"author":1,"featured_media":69133,"comment_status":"open","ping_status":"closed","template":"","meta":{"_acf_changed":false,"inline_featured_image":false,"_monsterinsights_skip_tracking":false,"_monsterinsights_sitenote_active":false,"_monsterinsights_sitenote_note":"","_monsterinsights_sitenote_category":0,"site-sidebar-layout":"default","site-content-layout":"","ast-site-content-layout":"default","site-content-style":"default","site-sidebar-style":"default","ast-global-header-display":"","ast-banner-title-visibility":"","ast-main-header-display":"","ast-hfb-above-header-display":"","ast-hfb-below-header-display":"","ast-hfb-mobile-header-display":"","site-post-title":"","ast-breadcrumbs-content":"","ast-featured-img":"","footer-sml-layout":"","ast-disable-related-posts":"","theme-transparent-header-meta":"default","adv-header-id-meta":"","stick-header-meta":"","header-above-stick-meta":"","header-main-stick-meta":"","header-below-stick-meta":"","astra-migrate-meta-layouts":"set","ast-page-background-enabled":"default","ast-page-background-meta":{"desktop":{"background-color":"var(--ast-global-color-4)","background-image":"","background-repeat":"repeat","background-position":"center center","background-size":"auto","background-attachment":"scroll","background-type":"","background-media":"","overlay-type":"","overlay-color":"","overlay-opacity":"","overlay-gradient":""},"tablet":{"background-color":"","background-image":"","background-repeat":"repeat","background-position":"center center","background-size":"auto","background-attachment":"scroll","background-type":"","background-media":"","overlay-type":"","overlay-color":"","overlay-opacity":"","overlay-gradient":""},"mobile":{"background-color":"","background-image":"","background-repeat":"repeat","background-position":"center center","background-size":"auto","background-attachment":"scroll","background-type":"","background-media":"","overlay-type":"","overlay-color":"","overlay-opacity":"","overlay-gradient":""}},"ast-content-background-meta":{"desktop":{"background-color":"var(--ast-global-color-5)","background-image":"","background-repeat":"repeat","background-position":"center center","background-size":"auto","background-attachment":"scroll","background-type":"","background-media":"","overlay-type":"","overlay-color":"","overlay-opacity":"","overlay-gradient":""},"tablet":{"background-color":"var(--ast-global-color-5)","background-image":"","background-repeat":"repeat","background-position":"center center","background-size":"auto","background-attachment":"scroll","background-type":"","background-media":"","overlay-type":"","overlay-color":"","overlay-opacity":"","overlay-gradient":""},"mobile":{"background-color":"var(--ast-global-color-5)","background-image":"","background-repeat":"repeat","background-position":"center center","background-size":"auto","background-attachment":"scroll","background-type":"","background-media":"","overlay-type":"","overlay-color":"","overlay-opacity":"","overlay-gradient":""}},"jetpack_publicize_message":"","jetpack_publicize_feature_enabled":true,"jetpack_social_post_already_shared":false,"jetpack_social_options":{"image_generator_settings":{"template":"highway","default_image_id":0,"font":"","enabled":false},"version":2}},"product_brand":[],"product_cat":[950],"product_tag":[],"class_list":{"0":"post-68903","1":"product","2":"type-product","3":"status-publish","4":"has-post-thumbnail","6":"product_cat-antiparasitario-externo-farmacia-veterinaria","7":"desktop-align-left","8":"tablet-align-left","9":"mobile-align-left","11":"first","12":"instock","13":"shipping-taxable","14":"purchasable","15":"product-type-variable"},"acf":{"laboratorio":"Carval","principio_activo":"Cada 100 mL de FLYVAL\u00ae contiene:   Fipronil 1 g  Excipientes c.s.p. 100 mL","indicaciones":"","concentracion":"","dosis_y_modo_de_empleo":"Para uso externo \u00fanicamente. Aplicar sobre el dorso del animal en el espacio comprendido entre la cruz y la base de la cola. Aplicar 1 mL de FLYVAL\u00ae por cada 10 kg de peso, equivalentes a 1 mg de Fipronil por kg de peso. No repetir la dosis antes de dos meses. INSTRUCCIONES PARA APLICACI\u00d3N: 1. Inserte el pitillo que est\u00e1 en el empaque en la parte inferior del dosificador presionando hacia arriba. 2. Retire la tapa del envase e inserte el dosificador al envase girando como una tapa. 3. Gire el tap\u00f3n del dosificador para fijar la dosis y apriete el envase hasta la cantidad necesaria. 4. Gire el envase para aplicaci\u00f3n sobre el lomo del animal. (Solo para las presentaciones de aplique).","precauciones":"CATEGOR\u00cdA TOXICOL\u00d3GICA IV: LIGERAMENTE T\u00d3XICO. Mant\u00e9ngase fuera del alcance de los ni\u00f1os y alejado de animales dom\u00e9sticos y alimentos. Uso Veterinario. El rotulado contiene recomendaciones de uso que deben leerse antes de utilizar el producto. Utilizar elementos de protecci\u00f3n personal al momento de manipular el producto. No contaminar dep\u00f3sitos o corrientes de agua con el producto o sus envases, ya que el Fipronil puede ser peligroso para peces y organismos acu\u00e1ticos. No hay ant\u00eddoto espec\u00edfico.","tiempo_de_retiro":"Los animales tratados no deben sacrificarse para el consumo humano hasta 100 d\u00edas despu\u00e9s de finalizado el tratamiento. No administrar en vacas en producci\u00f3n de leche destinada al consumo humano.","via_de_administracion1":[""]},"jetpack_publicize_connections":[],"jetpack_sharing_enabled":true,"_links":{"self":[{"href":"https:\/\/geneticatricolor.com\/home\/wp-json\/wp\/v2\/product\/68903","targetHints":{"allow":["GET"]}}],"collection":[{"href":"https:\/\/geneticatricolor.com\/home\/wp-json\/wp\/v2\/product"}],"about":[{"href":"https:\/\/geneticatricolor.com\/home\/wp-json\/wp\/v2\/types\/product"}],"author":[{"embeddable":true,"href":"https:\/\/geneticatricolor.com\/home\/wp-json\/wp\/v2\/users\/1"}],"replies":[{"embeddable":true,"href":"https:\/\/geneticatricolor.com\/home\/wp-json\/wp\/v2\/comments?post=68903"}],"wp:featuredmedia":[{"embeddable":true,"href":"https:\/\/geneticatricolor.com\/home\/wp-json\/wp\/v2\/media\/69133"}],"wp:attachment":[{"href":"https:\/\/geneticatricolor.com\/home\/wp-json\/wp\/v2\/media?parent=68903"}],"wp:term":[{"taxonomy":"product_brand","embeddable":true,"href":"https:\/\/geneticatricolor.com\/home\/wp-json\/wp\/v2\/product_brand?post=68903"},{"taxonomy":"product_cat","embeddable":true,"href":"https:\/\/geneticatricolor.com\/home\/wp-json\/wp\/v2\/product_cat?post=68903"},{"taxonomy":"product_tag","embeddable":true,"href":"https:\/\/geneticatricolor.com\/home\/wp-json\/wp\/v2\/product_tag?post=68903"}],"curies":[{"name":"wp","href":"https:\/\/api.w.org\/{rel}","templated":true}]}}