{"id":68906,"date":"2022-10-02T18:08:23","date_gmt":"2022-10-02T23:08:23","guid":{"rendered":"https:\/\/geneticatricolor.com\/home\/tienda\/sin%20categor\u00eda\/tylovic-inyectable\/"},"modified":"2025-03-17T13:14:07","modified_gmt":"2025-03-17T18:14:07","slug":"tylovic-inyectable","status":"publish","type":"product","link":"https:\/\/geneticatricolor.com\/home\/tienda\/farmacia-veterinaria\/antibioticos\/tylovic-inyectable\/","title":{"rendered":"TYLOVIC INYECTABLE"},"content":{"rendered":"<p>En bovinos para el tratamiento de enfermedades ocasionadas por: Streptococcus sp, Staphylococcus sp, Fusobacterium sp, Pasteurella sp y Corynebacterium sp. En porcinos: Pasteurella multocida, Corynebacterium sp, Erysipelotrix sp, Campylobacter sp, Treponema sp, Mycoplasma sp, Staphylococcus sp.<\/p>\n","protected":false},"excerpt":{"rendered":"<p>En bovinos para el tratamiento de enfermedades ocasionadas por: Streptococcus sp, Staphylococcus sp, Fusobacterium sp, Pasteurella sp y Corynebacterium sp. En porcinos: Pasteurella multocida, Corynebacterium sp, Erysipelotrix sp, Campylobacter sp, [&hellip;]<\/p>\n","protected":false},"author":1,"featured_media":69125,"comment_status":"open","ping_status":"closed","template":"","meta":{"_acf_changed":false,"inline_featured_image":false,"_monsterinsights_skip_tracking":false,"_monsterinsights_sitenote_active":false,"_monsterinsights_sitenote_note":"","_monsterinsights_sitenote_category":0,"site-sidebar-layout":"","site-content-layout":"","ast-site-content-layout":"default","site-content-style":"default","site-sidebar-style":"default","ast-global-header-display":"","ast-banner-title-visibility":"","ast-main-header-display":"","ast-hfb-above-header-display":"","ast-hfb-below-header-display":"","ast-hfb-mobile-header-display":"","site-post-title":"","ast-breadcrumbs-content":"","ast-featured-img":"","footer-sml-layout":"","ast-disable-related-posts":"","theme-transparent-header-meta":"","adv-header-id-meta":"","stick-header-meta":"","header-above-stick-meta":"","header-main-stick-meta":"","header-below-stick-meta":"","astra-migrate-meta-layouts":"default","ast-page-background-enabled":"default","ast-page-background-meta":{"desktop":{"background-color":"var(--ast-global-color-4)","background-image":"","background-repeat":"repeat","background-position":"center center","background-size":"auto","background-attachment":"scroll","background-type":"","background-media":"","overlay-type":"","overlay-color":"","overlay-opacity":"","overlay-gradient":""},"tablet":{"background-color":"","background-image":"","background-repeat":"repeat","background-position":"center center","background-size":"auto","background-attachment":"scroll","background-type":"","background-media":"","overlay-type":"","overlay-color":"","overlay-opacity":"","overlay-gradient":""},"mobile":{"background-color":"","background-image":"","background-repeat":"repeat","background-position":"center center","background-size":"auto","background-attachment":"scroll","background-type":"","background-media":"","overlay-type":"","overlay-color":"","overlay-opacity":"","overlay-gradient":""}},"ast-content-background-meta":{"desktop":{"background-color":"var(--ast-global-color-5)","background-image":"","background-repeat":"repeat","background-position":"center center","background-size":"auto","background-attachment":"scroll","background-type":"","background-media":"","overlay-type":"","overlay-color":"","overlay-opacity":"","overlay-gradient":""},"tablet":{"background-color":"var(--ast-global-color-5)","background-image":"","background-repeat":"repeat","background-position":"center center","background-size":"auto","background-attachment":"scroll","background-type":"","background-media":"","overlay-type":"","overlay-color":"","overlay-opacity":"","overlay-gradient":""},"mobile":{"background-color":"var(--ast-global-color-5)","background-image":"","background-repeat":"repeat","background-position":"center center","background-size":"auto","background-attachment":"scroll","background-type":"","background-media":"","overlay-type":"","overlay-color":"","overlay-opacity":"","overlay-gradient":""}},"jetpack_publicize_message":"","jetpack_publicize_feature_enabled":true,"jetpack_social_post_already_shared":false,"jetpack_social_options":{"image_generator_settings":{"template":"highway","default_image_id":0,"font":"","enabled":false},"version":2}},"product_brand":[],"product_cat":[954],"product_tag":[],"class_list":{"0":"post-68906","1":"product","2":"type-product","3":"status-publish","4":"has-post-thumbnail","6":"product_cat-antibioticos","7":"desktop-align-left","8":"tablet-align-left","9":"mobile-align-left","11":"first","12":"instock","13":"shipping-taxable","14":"purchasable","15":"product-type-variable"},"acf":{"laboratorio":"Carval","principio_activo":"Cada mL de TYLOVIC\u00ae INYECTABLE contiene: \n \n Tilosina Base 200 mg\n \n Excipientes c.s.p 1 mL","indicaciones":"","concentracion":"","dosis_y_modo_de_empleo":"Administrar v\u00eda intramuscular profunda a dosis de 1 mL por cada 20 k.p.v En bovinos no aplicar m\u00e1s de 20 mL en el mismo sitio. En porcinos no aplicar m\u00e1s de 5 mL en el mismo sitio.","precauciones":"Venta bajo f\u00f3rmula del m\u00e9dico veterinario. Mant\u00e9ngase fuera del alcance de los ni\u00f1os. Uso veterinario. No mezclar con otras sustancias o medicamentos. El tratamiento no debe exceder 5 d\u00edas. La dosis m\u00e1xima por sitio de aplicaci\u00f3n en bovinos es de 20 mL. En porcinos dosis superiores a 5 mL y en bovinos superiores a 10 mL, se recomienda aplicarse en dos sitios diferentes. La tilosina est\u00e1 contraindicada en caballos por producir una severa diarrea y a veces fatal diarrea. En cerdos puede producir edema de la mucosa rectal y leve protrusi\u00f3n anal con pruritis, eritema y diarrea.","tiempo_de_retiro":"Los animales tratados no deben sacrificarse para el consumo humano hasta 8 d\u00edas despu\u00e9s de terminado el tratamiento. La leche producida durante el tratamiento y 96 horas despu\u00e9s de finalizado el mismo, no debe darse al consumo humano.","via_de_administracion1":["Via Intramuscular"]},"jetpack_publicize_connections":[],"jetpack_sharing_enabled":true,"_links":{"self":[{"href":"https:\/\/geneticatricolor.com\/home\/wp-json\/wp\/v2\/product\/68906","targetHints":{"allow":["GET"]}}],"collection":[{"href":"https:\/\/geneticatricolor.com\/home\/wp-json\/wp\/v2\/product"}],"about":[{"href":"https:\/\/geneticatricolor.com\/home\/wp-json\/wp\/v2\/types\/product"}],"author":[{"embeddable":true,"href":"https:\/\/geneticatricolor.com\/home\/wp-json\/wp\/v2\/users\/1"}],"replies":[{"embeddable":true,"href":"https:\/\/geneticatricolor.com\/home\/wp-json\/wp\/v2\/comments?post=68906"}],"wp:featuredmedia":[{"embeddable":true,"href":"https:\/\/geneticatricolor.com\/home\/wp-json\/wp\/v2\/media\/69125"}],"wp:attachment":[{"href":"https:\/\/geneticatricolor.com\/home\/wp-json\/wp\/v2\/media?parent=68906"}],"wp:term":[{"taxonomy":"product_brand","embeddable":true,"href":"https:\/\/geneticatricolor.com\/home\/wp-json\/wp\/v2\/product_brand?post=68906"},{"taxonomy":"product_cat","embeddable":true,"href":"https:\/\/geneticatricolor.com\/home\/wp-json\/wp\/v2\/product_cat?post=68906"},{"taxonomy":"product_tag","embeddable":true,"href":"https:\/\/geneticatricolor.com\/home\/wp-json\/wp\/v2\/product_tag?post=68906"}],"curies":[{"name":"wp","href":"https:\/\/api.w.org\/{rel}","templated":true}]}}