{"id":68907,"date":"2022-10-02T18:08:23","date_gmt":"2022-10-02T23:08:23","guid":{"rendered":"https:\/\/geneticatricolor.com\/home\/tienda\/sin%20categor\u00eda\/cefalur\/"},"modified":"2025-03-17T13:14:07","modified_gmt":"2025-03-17T18:14:07","slug":"cefalur","status":"publish","type":"product","link":"https:\/\/geneticatricolor.com\/home\/tienda\/farmacia-veterinaria\/antibioticos\/cefalur\/","title":{"rendered":"CEFALUR"},"content":{"rendered":"<p>Para el tratamiento de enfermedades respiratorias ocasionadas por: Mannheimia haemolytica y Pasteurella multocida en Bovinos, ovinos y caprinos. Histophilus somni en Bovinos. Streptococcus zooepidimicus en Equinos. Actinobacillus (Haemophilus) pleuropneumoniae, Pasteurella multocida, Salmonella cholera suis y Streptococcus suis en Porcinos. Para el tratamiento de infecciones del tracto urinario ocasionadas por: Escherichia coli y Proteus mirabilis en Caninos.<\/p>\n","protected":false},"excerpt":{"rendered":"<p>Para el tratamiento de enfermedades respiratorias ocasionadas por: Mannheimia haemolytica y Pasteurella multocida en Bovinos, ovinos y caprinos. Histophilus somni en Bovinos. Streptococcus zooepidimicus en Equinos. Actinobacillus (Haemophilus) pleuropneumoniae, Pasteurella [&hellip;]<\/p>\n","protected":false},"author":1,"featured_media":69122,"comment_status":"open","ping_status":"closed","template":"","meta":{"_acf_changed":false,"inline_featured_image":false,"_monsterinsights_skip_tracking":false,"_monsterinsights_sitenote_active":false,"_monsterinsights_sitenote_note":"","_monsterinsights_sitenote_category":0,"site-sidebar-layout":"","site-content-layout":"","ast-site-content-layout":"default","site-content-style":"default","site-sidebar-style":"default","ast-global-header-display":"","ast-banner-title-visibility":"","ast-main-header-display":"","ast-hfb-above-header-display":"","ast-hfb-below-header-display":"","ast-hfb-mobile-header-display":"","site-post-title":"","ast-breadcrumbs-content":"","ast-featured-img":"","footer-sml-layout":"","ast-disable-related-posts":"","theme-transparent-header-meta":"","adv-header-id-meta":"","stick-header-meta":"","header-above-stick-meta":"","header-main-stick-meta":"","header-below-stick-meta":"","astra-migrate-meta-layouts":"default","ast-page-background-enabled":"default","ast-page-background-meta":{"desktop":{"background-color":"var(--ast-global-color-4)","background-image":"","background-repeat":"repeat","background-position":"center center","background-size":"auto","background-attachment":"scroll","background-type":"","background-media":"","overlay-type":"","overlay-color":"","overlay-opacity":"","overlay-gradient":""},"tablet":{"background-color":"","background-image":"","background-repeat":"repeat","background-position":"center center","background-size":"auto","background-attachment":"scroll","background-type":"","background-media":"","overlay-type":"","overlay-color":"","overlay-opacity":"","overlay-gradient":""},"mobile":{"background-color":"","background-image":"","background-repeat":"repeat","background-position":"center center","background-size":"auto","background-attachment":"scroll","background-type":"","background-media":"","overlay-type":"","overlay-color":"","overlay-opacity":"","overlay-gradient":""}},"ast-content-background-meta":{"desktop":{"background-color":"var(--ast-global-color-5)","background-image":"","background-repeat":"repeat","background-position":"center center","background-size":"auto","background-attachment":"scroll","background-type":"","background-media":"","overlay-type":"","overlay-color":"","overlay-opacity":"","overlay-gradient":""},"tablet":{"background-color":"var(--ast-global-color-5)","background-image":"","background-repeat":"repeat","background-position":"center center","background-size":"auto","background-attachment":"scroll","background-type":"","background-media":"","overlay-type":"","overlay-color":"","overlay-opacity":"","overlay-gradient":""},"mobile":{"background-color":"var(--ast-global-color-5)","background-image":"","background-repeat":"repeat","background-position":"center center","background-size":"auto","background-attachment":"scroll","background-type":"","background-media":"","overlay-type":"","overlay-color":"","overlay-opacity":"","overlay-gradient":""}},"jetpack_publicize_message":"","jetpack_publicize_feature_enabled":true,"jetpack_social_post_already_shared":false,"jetpack_social_options":{"image_generator_settings":{"template":"highway","default_image_id":0,"font":"","enabled":false},"version":2}},"product_brand":[],"product_cat":[954],"product_tag":[],"class_list":{"0":"post-68907","1":"product","2":"type-product","3":"status-publish","4":"has-post-thumbnail","6":"product_cat-antibioticos","7":"desktop-align-left","8":"tablet-align-left","9":"mobile-align-left","11":"first","12":"instock","13":"shipping-taxable","14":"purchasable","15":"product-type-variable"},"acf":{"laboratorio":"Carval","principio_activo":"Ceftiofur (como sal s\u00f3dica) 50 mg\n \n Excipientes c.s.p. 1 mL","indicaciones":"","concentracion":"","dosis_y_modo_de_empleo":"Reconstituir con el diluyente adjunto, realizar antisepsia del sitio de inyecci\u00f3n, y aplicar la soluci\u00f3n reconstituida v\u00eda intramuscular cada 24 horas as\u00ed: \n \n Bovinos 1 mL\/50 kg PV 3 - 5 d\u00edas\n \n Ovinos y Caprinos 1 - 2 mL\/50 kg 3 d\u00edas, m\u00e1ximo 4 - 5 d\u00edas\n \n Equinos 2 - 4 mL\/50 kg PV M\u00e1ximo 10 d\u00edas. \n \n En Equinoscontinuar con el tratamiento por 48 horas despu\u00e9s que los s\u00edntomas hayan desaparecido.\n \n Porcinos 0,6 - 1 mL\/10 kg PV 3 d\u00edas","precauciones":"El uso de dosis m\u00e1s altas que las aprobadas o la administraci\u00f3n por v\u00edas diferentes, puede generar residuos perjudiciales en tejidos comestibles y\/o en leche. CEFALUR\u00ae est\u00e1 contraindicado en animales que han demostrado previamente hipersensibilidad al medicamento. CEFALUR\u00ae no es para uso humano. Venta bajo f\u00f3rmula del m\u00e9dico veterinario. Mant\u00e9ngase fuera del alcance de los ni\u00f1os y animales dom\u00e9sticos. Uso veterinario.","tiempo_de_retiro":"Los bovinos y porcinos tratados no deben sacrificarse para consumo humano hasta 4 d\u00edas despu\u00e9s de finalizado el tratamiento. Los ovinos y caprinos no tienen tiempo de retiro para el sacrificio. No utilizar en equinos destinados para consumo humano. No requiere tiempo de retiro en leche de vaca, cabra y oveja.","via_de_administracion1":["Via Intramuscular"]},"jetpack_publicize_connections":[],"jetpack_sharing_enabled":true,"_links":{"self":[{"href":"https:\/\/geneticatricolor.com\/home\/wp-json\/wp\/v2\/product\/68907","targetHints":{"allow":["GET"]}}],"collection":[{"href":"https:\/\/geneticatricolor.com\/home\/wp-json\/wp\/v2\/product"}],"about":[{"href":"https:\/\/geneticatricolor.com\/home\/wp-json\/wp\/v2\/types\/product"}],"author":[{"embeddable":true,"href":"https:\/\/geneticatricolor.com\/home\/wp-json\/wp\/v2\/users\/1"}],"replies":[{"embeddable":true,"href":"https:\/\/geneticatricolor.com\/home\/wp-json\/wp\/v2\/comments?post=68907"}],"wp:featuredmedia":[{"embeddable":true,"href":"https:\/\/geneticatricolor.com\/home\/wp-json\/wp\/v2\/media\/69122"}],"wp:attachment":[{"href":"https:\/\/geneticatricolor.com\/home\/wp-json\/wp\/v2\/media?parent=68907"}],"wp:term":[{"taxonomy":"product_brand","embeddable":true,"href":"https:\/\/geneticatricolor.com\/home\/wp-json\/wp\/v2\/product_brand?post=68907"},{"taxonomy":"product_cat","embeddable":true,"href":"https:\/\/geneticatricolor.com\/home\/wp-json\/wp\/v2\/product_cat?post=68907"},{"taxonomy":"product_tag","embeddable":true,"href":"https:\/\/geneticatricolor.com\/home\/wp-json\/wp\/v2\/product_tag?post=68907"}],"curies":[{"name":"wp","href":"https:\/\/api.w.org\/{rel}","templated":true}]}}