{"id":68908,"date":"2022-10-02T18:08:23","date_gmt":"2022-10-02T23:08:23","guid":{"rendered":"https:\/\/geneticatricolor.com\/home\/tienda\/sin%20categor\u00eda\/durapen\/"},"modified":"2025-03-17T13:14:08","modified_gmt":"2025-03-17T18:14:08","slug":"durapen","status":"publish","type":"product","link":"https:\/\/geneticatricolor.com\/home\/tienda\/farmacia-veterinaria\/antibioticos\/durapen\/","title":{"rendered":"DURAPEN"},"content":{"rendered":"<p>En bovinos, equinos, ovinos, caprinos y porcinos para el tratamiento de enfermedades ocasionadas por: Streptococcus sp, Clostridium sp, Corynebacterium sp, Bacillus anthracis, Fusobacterium sp, Staphylococcus sp, Listeria sp, Erysipelothrix sp, y Actynomyces bovis.<\/p>\n","protected":false},"excerpt":{"rendered":"<p>En bovinos, equinos, ovinos, caprinos y porcinos para el tratamiento de enfermedades ocasionadas por: Streptococcus sp, Clostridium sp, Corynebacterium sp, Bacillus anthracis, Fusobacterium sp, Staphylococcus sp, Listeria sp, Erysipelothrix sp, [&hellip;]<\/p>\n","protected":false},"author":1,"featured_media":69115,"comment_status":"open","ping_status":"closed","template":"","meta":{"_acf_changed":false,"inline_featured_image":false,"_monsterinsights_skip_tracking":false,"_monsterinsights_sitenote_active":false,"_monsterinsights_sitenote_note":"","_monsterinsights_sitenote_category":0,"site-sidebar-layout":"default","site-content-layout":"default","ast-site-content-layout":"default","site-content-style":"default","site-sidebar-style":"default","ast-global-header-display":"","ast-banner-title-visibility":"","ast-main-header-display":"","ast-hfb-above-header-display":"","ast-hfb-below-header-display":"","ast-hfb-mobile-header-display":"","site-post-title":"","ast-breadcrumbs-content":"","ast-featured-img":"","footer-sml-layout":"","ast-disable-related-posts":"","theme-transparent-header-meta":"default","adv-header-id-meta":"","stick-header-meta":"","header-above-stick-meta":"","header-main-stick-meta":"","header-below-stick-meta":"","astra-migrate-meta-layouts":"default","ast-page-background-enabled":"default","ast-page-background-meta":{"desktop":{"background-color":"var(--ast-global-color-4)","background-image":"","background-repeat":"repeat","background-position":"center center","background-size":"auto","background-attachment":"scroll","background-type":"","background-media":"","overlay-type":"","overlay-color":"","overlay-opacity":"","overlay-gradient":""},"tablet":{"background-color":"","background-image":"","background-repeat":"repeat","background-position":"center center","background-size":"auto","background-attachment":"scroll","background-type":"","background-media":"","overlay-type":"","overlay-color":"","overlay-opacity":"","overlay-gradient":""},"mobile":{"background-color":"","background-image":"","background-repeat":"repeat","background-position":"center center","background-size":"auto","background-attachment":"scroll","background-type":"","background-media":"","overlay-type":"","overlay-color":"","overlay-opacity":"","overlay-gradient":""}},"ast-content-background-meta":{"desktop":{"background-color":"var(--ast-global-color-5)","background-image":"","background-repeat":"repeat","background-position":"center center","background-size":"auto","background-attachment":"scroll","background-type":"","background-media":"","overlay-type":"","overlay-color":"","overlay-opacity":"","overlay-gradient":""},"tablet":{"background-color":"var(--ast-global-color-5)","background-image":"","background-repeat":"repeat","background-position":"center center","background-size":"auto","background-attachment":"scroll","background-type":"","background-media":"","overlay-type":"","overlay-color":"","overlay-opacity":"","overlay-gradient":""},"mobile":{"background-color":"var(--ast-global-color-5)","background-image":"","background-repeat":"repeat","background-position":"center center","background-size":"auto","background-attachment":"scroll","background-type":"","background-media":"","overlay-type":"","overlay-color":"","overlay-opacity":"","overlay-gradient":""}},"jetpack_publicize_message":"","jetpack_publicize_feature_enabled":true,"jetpack_social_post_already_shared":false,"jetpack_social_options":{"image_generator_settings":{"template":"highway","default_image_id":0,"font":"","enabled":false},"version":2}},"product_brand":[],"product_cat":[954],"product_tag":[],"class_list":{"0":"post-68908","1":"product","2":"type-product","3":"status-publish","4":"has-post-thumbnail","6":"product_cat-antibioticos","7":"desktop-align-left","8":"tablet-align-left","9":"mobile-align-left","11":"first","12":"instock","13":"shipping-taxable","14":"purchasable","15":"product-type-variable"},"acf":{"laboratorio":"Carval","principio_activo":"Cada mL de DURAPEN\u00ae 10 reconstituido contiene: \n \n Penicilina G. s\u00f3dica 103.450 U.I.\n \n Penicilina G. proca\u00ednica 103.450 U.I.\n \n Penicilina G. benzat\u00ednica 138.000 U.I.","indicaciones":"","concentracion":"","dosis_y_modo_de_empleo":"DOSIS: Aplicar 10.000UI por kg de penicilina G s\u00f3dica y penicilina G proca\u00ednica y 7.500UI por kg de penicilina G benzat\u00ednica, en la pr\u00e1ctica aplicar 1 mL de DURAPEN\u00ae 10 resuspendido por cada 20 kg de peso vivo. Repetir cada 5-7 d\u00edas o a criterio del M\u00e9dico Veterinario. MODO DE EMPLEO: Reconstituir el contenido del frasco en 20mL de diluente, obteniendo un volumen total de 29mL. Aplicar v\u00eda intramuscular profunda.","precauciones":"En caso de sensibilidad a la penicilina consultar al M\u00e9dico Veterinario, suspender la administraci\u00f3n y establecer un tratamiento con epinefrina, seguido de antihistam\u00ednicos y corticoesteroides. Venta bajo f\u00f3rmula del M\u00e9dico Veterinario. Mant\u00e9ngase fuera del alcance de los ni\u00f1os. Uso veterinario.","tiempo_de_retiro":"Los animales tratados no deben sacrificarse para el consumo humano hasta 30 d\u00edas despu\u00e9s de haber finalizado el tratamiento. La leche producida durante el tratamiento y 6 d\u00edas despu\u00e9s de finalizado el mismo, no debe darse al consumo humano.","via_de_administracion1":["Via Intramuscular"]},"jetpack_publicize_connections":[],"jetpack_sharing_enabled":true,"_links":{"self":[{"href":"https:\/\/geneticatricolor.com\/home\/wp-json\/wp\/v2\/product\/68908","targetHints":{"allow":["GET"]}}],"collection":[{"href":"https:\/\/geneticatricolor.com\/home\/wp-json\/wp\/v2\/product"}],"about":[{"href":"https:\/\/geneticatricolor.com\/home\/wp-json\/wp\/v2\/types\/product"}],"author":[{"embeddable":true,"href":"https:\/\/geneticatricolor.com\/home\/wp-json\/wp\/v2\/users\/1"}],"replies":[{"embeddable":true,"href":"https:\/\/geneticatricolor.com\/home\/wp-json\/wp\/v2\/comments?post=68908"}],"wp:featuredmedia":[{"embeddable":true,"href":"https:\/\/geneticatricolor.com\/home\/wp-json\/wp\/v2\/media\/69115"}],"wp:attachment":[{"href":"https:\/\/geneticatricolor.com\/home\/wp-json\/wp\/v2\/media?parent=68908"}],"wp:term":[{"taxonomy":"product_brand","embeddable":true,"href":"https:\/\/geneticatricolor.com\/home\/wp-json\/wp\/v2\/product_brand?post=68908"},{"taxonomy":"product_cat","embeddable":true,"href":"https:\/\/geneticatricolor.com\/home\/wp-json\/wp\/v2\/product_cat?post=68908"},{"taxonomy":"product_tag","embeddable":true,"href":"https:\/\/geneticatricolor.com\/home\/wp-json\/wp\/v2\/product_tag?post=68908"}],"curies":[{"name":"wp","href":"https:\/\/api.w.org\/{rel}","templated":true}]}}