{"id":68913,"date":"2022-10-02T18:08:24","date_gmt":"2022-10-02T23:08:24","guid":{"rendered":"https:\/\/geneticatricolor.com\/home\/tienda\/sin%20categor\u00eda\/lactigan-premium-secado-disp20-jer3-g\/"},"modified":"2025-03-17T13:14:09","modified_gmt":"2025-03-17T18:14:09","slug":"lactigan-premium-secado-disp20-jer3-g","status":"publish","type":"product","link":"https:\/\/geneticatricolor.com\/home\/tienda\/farmacia-veterinaria\/antimastiticos-intramamarios\/lactigan-premium-secado-disp20-jer3-g\/","title":{"rendered":"LACTIGAN PREMIUM SECADO"},"content":{"rendered":"<p>En vacas en el periodo de secado para el tratamiento de mastitis subcl\u00ednicas existentes y la prevenci\u00f3n de nuevas infecciones bacterianas de la ubre causadas por: Staphylococcus auereus, Streptococcus agalactiae, Streptococcus dysgalactiae, Streptococcus uberis, Trueperella pyogenes, Escherichia coli y Klebsiella spp, sensibles al cefalonio.<\/p>\n","protected":false},"excerpt":{"rendered":"<p>En vacas en el periodo de secado para el tratamiento de mastitis subcl\u00ednicas existentes y la prevenci\u00f3n de nuevas infecciones bacterianas de la ubre causadas por: Staphylococcus auereus, Streptococcus agalactiae, [&hellip;]<\/p>\n","protected":false},"author":1,"featured_media":69111,"comment_status":"open","ping_status":"closed","template":"","meta":{"_acf_changed":false,"inline_featured_image":false,"_monsterinsights_skip_tracking":false,"_monsterinsights_sitenote_active":false,"_monsterinsights_sitenote_note":"","_monsterinsights_sitenote_category":0,"site-sidebar-layout":"default","site-content-layout":"default","ast-site-content-layout":"default","site-content-style":"default","site-sidebar-style":"default","ast-global-header-display":"","ast-banner-title-visibility":"","ast-main-header-display":"","ast-hfb-above-header-display":"","ast-hfb-below-header-display":"","ast-hfb-mobile-header-display":"","site-post-title":"","ast-breadcrumbs-content":"","ast-featured-img":"","footer-sml-layout":"","ast-disable-related-posts":"","theme-transparent-header-meta":"default","adv-header-id-meta":"","stick-header-meta":"","header-above-stick-meta":"","header-main-stick-meta":"","header-below-stick-meta":"","astra-migrate-meta-layouts":"default","ast-page-background-enabled":"default","ast-page-background-meta":{"desktop":{"background-color":"var(--ast-global-color-4)","background-image":"","background-repeat":"repeat","background-position":"center center","background-size":"auto","background-attachment":"scroll","background-type":"","background-media":"","overlay-type":"","overlay-color":"","overlay-opacity":"","overlay-gradient":""},"tablet":{"background-color":"","background-image":"","background-repeat":"repeat","background-position":"center center","background-size":"auto","background-attachment":"scroll","background-type":"","background-media":"","overlay-type":"","overlay-color":"","overlay-opacity":"","overlay-gradient":""},"mobile":{"background-color":"","background-image":"","background-repeat":"repeat","background-position":"center center","background-size":"auto","background-attachment":"scroll","background-type":"","background-media":"","overlay-type":"","overlay-color":"","overlay-opacity":"","overlay-gradient":""}},"ast-content-background-meta":{"desktop":{"background-color":"var(--ast-global-color-5)","background-image":"","background-repeat":"repeat","background-position":"center center","background-size":"auto","background-attachment":"scroll","background-type":"","background-media":"","overlay-type":"","overlay-color":"","overlay-opacity":"","overlay-gradient":""},"tablet":{"background-color":"var(--ast-global-color-5)","background-image":"","background-repeat":"repeat","background-position":"center center","background-size":"auto","background-attachment":"scroll","background-type":"","background-media":"","overlay-type":"","overlay-color":"","overlay-opacity":"","overlay-gradient":""},"mobile":{"background-color":"var(--ast-global-color-5)","background-image":"","background-repeat":"repeat","background-position":"center center","background-size":"auto","background-attachment":"scroll","background-type":"","background-media":"","overlay-type":"","overlay-color":"","overlay-opacity":"","overlay-gradient":""}},"jetpack_publicize_message":"","jetpack_publicize_feature_enabled":true,"jetpack_social_post_already_shared":false,"jetpack_social_options":{"image_generator_settings":{"template":"highway","default_image_id":0,"font":"","enabled":false},"version":2}},"product_brand":[],"product_cat":[955],"product_tag":[],"class_list":{"0":"post-68913","1":"product","2":"type-product","3":"status-publish","4":"has-post-thumbnail","6":"product_cat-antimastiticos-intramamarios","7":"desktop-align-left","8":"tablet-align-left","9":"mobile-align-left","11":"first","12":"instock","13":"shipping-taxable","14":"purchasable","15":"product-type-variable"},"acf":{"laboratorio":"Carval","principio_activo":"Cada Jeringa de 3 g de LACTIGAN\u00ae PREMIUM contiene: \n \n Cefalonio Base 250 mg\n \n (como Cefalonio Dihidrato 269,7 mg)\n \n Excipientes c.s.p. 3g","indicaciones":"","concentracion":"","dosis_y_modo_de_empleo":"\u2022 Administrar el contenido de una jeringa (250 mg de Cefalonio) a trav\u00e9s del canal del pez\u00f3n de cada cuarto, despu\u00e9s del \u00faltimo orde\u00f1o.\n \n \u2022 Orde\u00f1ar a fondo, limpiar y desinfectar la punta del pez\u00f3n.\n \n \u2022 Insertar la c\u00e1nula en el canal del pez\u00f3n y aplicar el contenido completo de la jeringa.\n \n \u2022 Realizar masaje para mejorar la distribuci\u00f3n del producto.\n \n \u2022 Realizar sellado de pezones.","precauciones":"\u2022 Siempre que sea posible el uso de este medicamento debe basarse en pruebas de sensibilidad previo aislamiento bacteriano.\n \n \u2022 No usar en vacas en periodo de lactancia.\n \n \u2022 No usar en mastitis cl\u00ednicas.\n \n \u2022 No usar en caso de hipersensibilidad a las penicilinas y\/o a las cefalosporinas\n \n \u2022 No manipular el producto si es al\u00e9rgico a las penicilinas y\/o a las cefalosporinas.\n \n \u2022 Si se produce accidentalmente exposici\u00f3n de la piel o los ojos, lavar inmediatamente con agua abundante.\n \n \u2022 No fumar, comer o beber mientras se manipula el medicamento.\n \n \u2022 Mant\u00e9ngase fuera del alcance de los ni\u00f1os y animales dom\u00e9sticos.\n \n \u2022 Venta bajo formula del M\u00e9dico Veterinario.\n \n \u2022 Uso Veterinario.","tiempo_de_retiro":"Los animales tratados no deben sacrificarse para consumo humano hasta 21 d\u00edas despu\u00e9s de finalizado el tratamiento. No utilizar dentro de los 54 d\u00edas anteriores al parto. No destinar la leche para consumo humano hasta 96 horas despu\u00e9s del parto.","via_de_administracion1":["Intramamaria"]},"jetpack_publicize_connections":[],"jetpack_sharing_enabled":true,"_links":{"self":[{"href":"https:\/\/geneticatricolor.com\/home\/wp-json\/wp\/v2\/product\/68913","targetHints":{"allow":["GET"]}}],"collection":[{"href":"https:\/\/geneticatricolor.com\/home\/wp-json\/wp\/v2\/product"}],"about":[{"href":"https:\/\/geneticatricolor.com\/home\/wp-json\/wp\/v2\/types\/product"}],"author":[{"embeddable":true,"href":"https:\/\/geneticatricolor.com\/home\/wp-json\/wp\/v2\/users\/1"}],"replies":[{"embeddable":true,"href":"https:\/\/geneticatricolor.com\/home\/wp-json\/wp\/v2\/comments?post=68913"}],"wp:featuredmedia":[{"embeddable":true,"href":"https:\/\/geneticatricolor.com\/home\/wp-json\/wp\/v2\/media\/69111"}],"wp:attachment":[{"href":"https:\/\/geneticatricolor.com\/home\/wp-json\/wp\/v2\/media?parent=68913"}],"wp:term":[{"taxonomy":"product_brand","embeddable":true,"href":"https:\/\/geneticatricolor.com\/home\/wp-json\/wp\/v2\/product_brand?post=68913"},{"taxonomy":"product_cat","embeddable":true,"href":"https:\/\/geneticatricolor.com\/home\/wp-json\/wp\/v2\/product_cat?post=68913"},{"taxonomy":"product_tag","embeddable":true,"href":"https:\/\/geneticatricolor.com\/home\/wp-json\/wp\/v2\/product_tag?post=68913"}],"curies":[{"name":"wp","href":"https:\/\/api.w.org\/{rel}","templated":true}]}}