{"id":68914,"date":"2022-10-02T18:08:25","date_gmt":"2022-10-02T23:08:25","guid":{"rendered":"https:\/\/geneticatricolor.com\/home\/tienda\/sin%20categor\u00eda\/flumegan\/"},"modified":"2025-03-17T14:01:51","modified_gmt":"2025-03-17T19:01:51","slug":"flumegan","status":"publish","type":"product","link":"https:\/\/geneticatricolor.com\/home\/tienda\/farmacia-veterinaria\/antinflamatorios\/flumegan\/","title":{"rendered":"FLUMEGAN"},"content":{"rendered":"<p>En bovinos, equinos y porcinos como antiinflamatorio, analg\u00e9sico y antipir\u00e9tico. En equinos indicado para el tratamiento del dolor y la inflamaci\u00f3n asociados a trastornos m\u00fasculo esquel\u00e9ticos y del dolor visceral asociado a c\u00f3lico. En bovinos como coadyuvante en el tratamiento de la mastitis aguda, junto con la terapia antimicrobiana correspondiente. En porcinos como coadyuvante en el tratamiento de Mastitis-Metritis-Agalactia (MMA).<\/p>\n","protected":false},"excerpt":{"rendered":"<p>En bovinos, equinos y porcinos como antiinflamatorio, analg\u00e9sico y antipir\u00e9tico. En equinos indicado para el tratamiento del dolor y la inflamaci\u00f3n asociados a trastornos m\u00fasculo esquel\u00e9ticos y del dolor visceral [&hellip;]<\/p>\n","protected":false},"author":1,"featured_media":69110,"comment_status":"open","ping_status":"closed","template":"","meta":{"_acf_changed":false,"inline_featured_image":false,"_monsterinsights_skip_tracking":false,"_monsterinsights_sitenote_active":false,"_monsterinsights_sitenote_note":"","_monsterinsights_sitenote_category":0,"site-sidebar-layout":"default","site-content-layout":"","ast-site-content-layout":"default","site-content-style":"default","site-sidebar-style":"default","ast-global-header-display":"","ast-banner-title-visibility":"","ast-main-header-display":"","ast-hfb-above-header-display":"","ast-hfb-below-header-display":"","ast-hfb-mobile-header-display":"","site-post-title":"","ast-breadcrumbs-content":"","ast-featured-img":"","footer-sml-layout":"","ast-disable-related-posts":"","theme-transparent-header-meta":"default","adv-header-id-meta":"","stick-header-meta":"","header-above-stick-meta":"","header-main-stick-meta":"","header-below-stick-meta":"","astra-migrate-meta-layouts":"set","ast-page-background-enabled":"default","ast-page-background-meta":{"desktop":{"background-color":"var(--ast-global-color-4)","background-image":"","background-repeat":"repeat","background-position":"center center","background-size":"auto","background-attachment":"scroll","background-type":"","background-media":"","overlay-type":"","overlay-color":"","overlay-opacity":"","overlay-gradient":""},"tablet":{"background-color":"","background-image":"","background-repeat":"repeat","background-position":"center center","background-size":"auto","background-attachment":"scroll","background-type":"","background-media":"","overlay-type":"","overlay-color":"","overlay-opacity":"","overlay-gradient":""},"mobile":{"background-color":"","background-image":"","background-repeat":"repeat","background-position":"center center","background-size":"auto","background-attachment":"scroll","background-type":"","background-media":"","overlay-type":"","overlay-color":"","overlay-opacity":"","overlay-gradient":""}},"ast-content-background-meta":{"desktop":{"background-color":"var(--ast-global-color-5)","background-image":"","background-repeat":"repeat","background-position":"center center","background-size":"auto","background-attachment":"scroll","background-type":"","background-media":"","overlay-type":"","overlay-color":"","overlay-opacity":"","overlay-gradient":""},"tablet":{"background-color":"var(--ast-global-color-5)","background-image":"","background-repeat":"repeat","background-position":"center center","background-size":"auto","background-attachment":"scroll","background-type":"","background-media":"","overlay-type":"","overlay-color":"","overlay-opacity":"","overlay-gradient":""},"mobile":{"background-color":"var(--ast-global-color-5)","background-image":"","background-repeat":"repeat","background-position":"center center","background-size":"auto","background-attachment":"scroll","background-type":"","background-media":"","overlay-type":"","overlay-color":"","overlay-opacity":"","overlay-gradient":""}},"jetpack_publicize_message":"","jetpack_publicize_feature_enabled":true,"jetpack_social_post_already_shared":false,"jetpack_social_options":{"image_generator_settings":{"template":"highway","default_image_id":0,"font":"","enabled":false},"version":2}},"product_brand":[],"product_cat":[956],"product_tag":[],"class_list":{"0":"post-68914","1":"product","2":"type-product","3":"status-publish","4":"has-post-thumbnail","6":"product_cat-antinflamatorios","7":"desktop-align-left","8":"tablet-align-left","9":"mobile-align-left","11":"first","12":"instock","13":"shipping-taxable","14":"purchasable","15":"product-type-variable"},"acf":{"laboratorio":"Carval","principio_activo":"Cada mL de FLUMEGAN\u00ae contiene:   Flunixin (Meglumina) 50 mg  Excipientes c.s.p. 1 mL","indicaciones":"","concentracion":"","dosis_y_modo_de_empleo":"Administrar cada 24 horas de acuerdo a la evoluci\u00f3n cl\u00ednica del animal, as\u00ed: Bovinos: 1,1 a 2,2 mg\/kg de peso (1 a 2 mL\/45 kg), v\u00eda intravenosa o intramuscular. Equinos: 1,1 mg\/kg de peso (1 mL\/45 kg), v\u00eda intravenosa o intramuscular. Porcinos: 2,2 mg\/kg de peso (2 mL\/45 kg), v\u00eda intramuscular.","precauciones":"Venta bajo f\u00f3rmula del M\u00e9dico Veterinario. Mant\u00e9ngase fuera del alcance de los ni\u00f1os y animales dom\u00e9sticos. Uso Veterinario.","tiempo_de_retiro":"Los animales (Bovinos y Equinos) tratados no deben sacrificarse para el consumo humano hasta 10 d\u00edas despu\u00e9s de finalizado el tratamiento. Los porcinos tratados no deben sacrificarse para el consumo humano hasta 21 d\u00edas despu\u00e9s de finalizado el tratamiento. La leche producida durante el tratamiento y 48 horas despu\u00e9s de finalizado el mismo, no debe darse al consumo humano.","via_de_administracion1":[""]},"jetpack_publicize_connections":[],"jetpack_sharing_enabled":true,"_links":{"self":[{"href":"https:\/\/geneticatricolor.com\/home\/wp-json\/wp\/v2\/product\/68914","targetHints":{"allow":["GET"]}}],"collection":[{"href":"https:\/\/geneticatricolor.com\/home\/wp-json\/wp\/v2\/product"}],"about":[{"href":"https:\/\/geneticatricolor.com\/home\/wp-json\/wp\/v2\/types\/product"}],"author":[{"embeddable":true,"href":"https:\/\/geneticatricolor.com\/home\/wp-json\/wp\/v2\/users\/1"}],"replies":[{"embeddable":true,"href":"https:\/\/geneticatricolor.com\/home\/wp-json\/wp\/v2\/comments?post=68914"}],"wp:featuredmedia":[{"embeddable":true,"href":"https:\/\/geneticatricolor.com\/home\/wp-json\/wp\/v2\/media\/69110"}],"wp:attachment":[{"href":"https:\/\/geneticatricolor.com\/home\/wp-json\/wp\/v2\/media?parent=68914"}],"wp:term":[{"taxonomy":"product_brand","embeddable":true,"href":"https:\/\/geneticatricolor.com\/home\/wp-json\/wp\/v2\/product_brand?post=68914"},{"taxonomy":"product_cat","embeddable":true,"href":"https:\/\/geneticatricolor.com\/home\/wp-json\/wp\/v2\/product_cat?post=68914"},{"taxonomy":"product_tag","embeddable":true,"href":"https:\/\/geneticatricolor.com\/home\/wp-json\/wp\/v2\/product_tag?post=68914"}],"curies":[{"name":"wp","href":"https:\/\/api.w.org\/{rel}","templated":true}]}}