{"id":68922,"date":"2022-10-02T18:08:27","date_gmt":"2022-10-02T23:08:27","guid":{"rendered":"https:\/\/geneticatricolor.com\/home\/tienda\/sin%20categor\u00eda\/oxitocina-carval\/"},"modified":"2025-04-08T08:56:11","modified_gmt":"2025-04-08T13:56:11","slug":"oxitocina-carval","status":"publish","type":"product","link":"https:\/\/geneticatricolor.com\/home\/tienda\/farmacia-veterinaria\/hormonas-farmacia-veterinaria\/oxitocina-carval\/","title":{"rendered":"OXITOCINA CARVAL"},"content":{"rendered":"<p>En bovinos, equinos, porcinos, caninos y gatas; como estimulante de las contracciones uterinas y para producir el descenso de la leche. En el control de hemorragias postparto, aton\u00eda uterina y retenci\u00f3n de placenta.<\/p>\n","protected":false},"excerpt":{"rendered":"<p>En bovinos, equinos, porcinos, caninos y gatas; como estimulante de las contracciones uterinas y para producir el descenso de la leche. En el control de hemorragias postparto, aton\u00eda uterina y [&hellip;]<\/p>\n","protected":false},"author":1,"featured_media":69094,"comment_status":"open","ping_status":"closed","template":"","meta":{"_acf_changed":false,"inline_featured_image":false,"_monsterinsights_skip_tracking":false,"_monsterinsights_sitenote_active":false,"_monsterinsights_sitenote_note":"","_monsterinsights_sitenote_category":0,"site-sidebar-layout":"default","site-content-layout":"default","ast-site-content-layout":"default","site-content-style":"default","site-sidebar-style":"default","ast-global-header-display":"","ast-banner-title-visibility":"","ast-main-header-display":"","ast-hfb-above-header-display":"","ast-hfb-below-header-display":"","ast-hfb-mobile-header-display":"","site-post-title":"","ast-breadcrumbs-content":"","ast-featured-img":"","footer-sml-layout":"","ast-disable-related-posts":"","theme-transparent-header-meta":"default","adv-header-id-meta":"","stick-header-meta":"","header-above-stick-meta":"","header-main-stick-meta":"","header-below-stick-meta":"","astra-migrate-meta-layouts":"set","ast-page-background-enabled":"default","ast-page-background-meta":{"desktop":{"background-color":"var(--ast-global-color-4)","background-image":"","background-repeat":"repeat","background-position":"center center","background-size":"auto","background-attachment":"scroll","background-type":"","background-media":"","overlay-type":"","overlay-color":"","overlay-opacity":"","overlay-gradient":""},"tablet":{"background-color":"","background-image":"","background-repeat":"repeat","background-position":"center center","background-size":"auto","background-attachment":"scroll","background-type":"","background-media":"","overlay-type":"","overlay-color":"","overlay-opacity":"","overlay-gradient":""},"mobile":{"background-color":"","background-image":"","background-repeat":"repeat","background-position":"center center","background-size":"auto","background-attachment":"scroll","background-type":"","background-media":"","overlay-type":"","overlay-color":"","overlay-opacity":"","overlay-gradient":""}},"ast-content-background-meta":{"desktop":{"background-color":"var(--ast-global-color-5)","background-image":"","background-repeat":"repeat","background-position":"center center","background-size":"auto","background-attachment":"scroll","background-type":"","background-media":"","overlay-type":"","overlay-color":"","overlay-opacity":"","overlay-gradient":""},"tablet":{"background-color":"var(--ast-global-color-5)","background-image":"","background-repeat":"repeat","background-position":"center center","background-size":"auto","background-attachment":"scroll","background-type":"","background-media":"","overlay-type":"","overlay-color":"","overlay-opacity":"","overlay-gradient":""},"mobile":{"background-color":"var(--ast-global-color-5)","background-image":"","background-repeat":"repeat","background-position":"center center","background-size":"auto","background-attachment":"scroll","background-type":"","background-media":"","overlay-type":"","overlay-color":"","overlay-opacity":"","overlay-gradient":""}},"jetpack_publicize_message":"","jetpack_publicize_feature_enabled":true,"jetpack_social_post_already_shared":false,"jetpack_social_options":{"image_generator_settings":{"template":"highway","default_image_id":0,"font":"","enabled":false},"version":2}},"product_brand":[],"product_cat":[959],"product_tag":[],"class_list":{"0":"post-68922","1":"product","2":"type-product","3":"status-publish","4":"has-post-thumbnail","6":"product_cat-hormonas-farmacia-veterinaria","7":"desktop-align-left","8":"tablet-align-left","9":"mobile-align-left","11":"first","12":"instock","13":"shipping-taxable","14":"purchasable","15":"product-type-variable"},"acf":{"laboratorio":"Carval","principio_activo":"Cada 1 mL de OXITOCINA CARVAL contiene :   Oxitocina sint\u00e9tica 10 U.I  Excipientes c.s.p. 1 mL","indicaciones":"","concentracion":"","dosis_y_modo_de_empleo":"Bovinos y Equinos: 10 a 40 U.I., en la pr\u00e1ctica 1 a 4 mL de OXITOCINA CARVAL. Porcinos: 10 a 30 U.I., en la pr\u00e1ctica 1 a 3 mL de OXITOCINA CARVAL. Perros: 2 a 10 U.I., en la pr\u00e1ctica 0,2 a 1 mL de OXITOCINA CARVAL. Gatos: 2 a 5 U.I., en la pr\u00e1ctica 0,2 a 0,5 mL de OXITOCINA CARVAL. Administraci\u00f3n subcut\u00e1nea, intramuscular o intravenosa lenta de acuerdo con la necesidad y respuesta del animal.","precauciones":"MEDICAMENTO DE CONTROL ESPECIAL. Uso veterinario. Mant\u00e9ngase fuera del alcance de los ni\u00f1os. Venta bajo f\u00f3rmula del M\u00e9dico Veterinario. Cuando se usa para favorecer el parto, se debe estar seguro que haya buena dilataci\u00f3n del cuello uterino y que el feto se encuentra en correcta presentaci\u00f3n y posici\u00f3n. En retenci\u00f3n de placenta, utilizar preferiblemente en los 2 primeros d\u00edas y hasta 7 d\u00edas postparto.","tiempo_de_retiro":"","via_de_administracion1":["Via oral","Via intramamaria","Via t\u00f3pica","Intravaginal"]},"jetpack_publicize_connections":[],"jetpack_sharing_enabled":true,"_links":{"self":[{"href":"https:\/\/geneticatricolor.com\/home\/wp-json\/wp\/v2\/product\/68922","targetHints":{"allow":["GET"]}}],"collection":[{"href":"https:\/\/geneticatricolor.com\/home\/wp-json\/wp\/v2\/product"}],"about":[{"href":"https:\/\/geneticatricolor.com\/home\/wp-json\/wp\/v2\/types\/product"}],"author":[{"embeddable":true,"href":"https:\/\/geneticatricolor.com\/home\/wp-json\/wp\/v2\/users\/1"}],"replies":[{"embeddable":true,"href":"https:\/\/geneticatricolor.com\/home\/wp-json\/wp\/v2\/comments?post=68922"}],"wp:featuredmedia":[{"embeddable":true,"href":"https:\/\/geneticatricolor.com\/home\/wp-json\/wp\/v2\/media\/69094"}],"wp:attachment":[{"href":"https:\/\/geneticatricolor.com\/home\/wp-json\/wp\/v2\/media?parent=68922"}],"wp:term":[{"taxonomy":"product_brand","embeddable":true,"href":"https:\/\/geneticatricolor.com\/home\/wp-json\/wp\/v2\/product_brand?post=68922"},{"taxonomy":"product_cat","embeddable":true,"href":"https:\/\/geneticatricolor.com\/home\/wp-json\/wp\/v2\/product_cat?post=68922"},{"taxonomy":"product_tag","embeddable":true,"href":"https:\/\/geneticatricolor.com\/home\/wp-json\/wp\/v2\/product_tag?post=68922"}],"curies":[{"name":"wp","href":"https:\/\/api.w.org\/{rel}","templated":true}]}}