{"id":68926,"date":"2022-10-02T18:08:44","date_gmt":"2022-10-02T23:08:44","guid":{"rendered":"https:\/\/geneticatricolor.com\/home\/tienda\/sin%20categor\u00eda\/supraval-eqqus-ft\/"},"modified":"2025-03-17T13:14:20","modified_gmt":"2025-03-17T18:14:20","slug":"supraval-eqqus-ft","status":"publish","type":"product","link":"https:\/\/geneticatricolor.com\/home\/tienda\/farmacia-veterinaria\/vacunas-farmacia-veterinaria\/supraval-eqqus-ft\/","title":{"rendered":"SUPRAVAL EQQUS FT"},"content":{"rendered":"<p>Inmunizaci\u00f3n activa contra el Virus de Influenza Equina y el T\u00e9tano en caballo a partir de los 6 meses de edad. Para reducir los signos cl\u00ednicos y excreci\u00f3n despu\u00e9s de la infecci\u00f3n e inmunizaci\u00f3n activa contra T\u00e9tano.<\/p>\n","protected":false},"excerpt":{"rendered":"<p>Inmunizaci\u00f3n activa contra el Virus de Influenza Equina y el T\u00e9tano en caballo a partir de los 6 meses de edad. Para reducir los signos cl\u00ednicos y excreci\u00f3n despu\u00e9s de [&hellip;]<\/p>\n","protected":false},"author":1,"featured_media":69117,"comment_status":"open","ping_status":"closed","template":"","meta":{"_acf_changed":false,"inline_featured_image":false,"_monsterinsights_skip_tracking":false,"_monsterinsights_sitenote_active":false,"_monsterinsights_sitenote_note":"","_monsterinsights_sitenote_category":0,"site-sidebar-layout":"default","site-content-layout":"default","ast-site-content-layout":"default","site-content-style":"default","site-sidebar-style":"default","ast-global-header-display":"","ast-banner-title-visibility":"","ast-main-header-display":"","ast-hfb-above-header-display":"","ast-hfb-below-header-display":"","ast-hfb-mobile-header-display":"","site-post-title":"","ast-breadcrumbs-content":"","ast-featured-img":"","footer-sml-layout":"","ast-disable-related-posts":"","theme-transparent-header-meta":"default","adv-header-id-meta":"","stick-header-meta":"","header-above-stick-meta":"","header-main-stick-meta":"","header-below-stick-meta":"","astra-migrate-meta-layouts":"default","ast-page-background-enabled":"default","ast-page-background-meta":{"desktop":{"background-color":"var(--ast-global-color-4)","background-image":"","background-repeat":"repeat","background-position":"center center","background-size":"auto","background-attachment":"scroll","background-type":"","background-media":"","overlay-type":"","overlay-color":"","overlay-opacity":"","overlay-gradient":""},"tablet":{"background-color":"","background-image":"","background-repeat":"repeat","background-position":"center center","background-size":"auto","background-attachment":"scroll","background-type":"","background-media":"","overlay-type":"","overlay-color":"","overlay-opacity":"","overlay-gradient":""},"mobile":{"background-color":"","background-image":"","background-repeat":"repeat","background-position":"center center","background-size":"auto","background-attachment":"scroll","background-type":"","background-media":"","overlay-type":"","overlay-color":"","overlay-opacity":"","overlay-gradient":""}},"ast-content-background-meta":{"desktop":{"background-color":"var(--ast-global-color-5)","background-image":"","background-repeat":"repeat","background-position":"center center","background-size":"auto","background-attachment":"scroll","background-type":"","background-media":"","overlay-type":"","overlay-color":"","overlay-opacity":"","overlay-gradient":""},"tablet":{"background-color":"var(--ast-global-color-5)","background-image":"","background-repeat":"repeat","background-position":"center center","background-size":"auto","background-attachment":"scroll","background-type":"","background-media":"","overlay-type":"","overlay-color":"","overlay-opacity":"","overlay-gradient":""},"mobile":{"background-color":"var(--ast-global-color-5)","background-image":"","background-repeat":"repeat","background-position":"center center","background-size":"auto","background-attachment":"scroll","background-type":"","background-media":"","overlay-type":"","overlay-color":"","overlay-opacity":"","overlay-gradient":""}},"jetpack_publicize_message":"","jetpack_publicize_feature_enabled":true,"jetpack_social_post_already_shared":false,"jetpack_social_options":{"image_generator_settings":{"template":"highway","default_image_id":0,"font":"","enabled":false},"version":2}},"product_brand":[],"product_cat":[961],"product_tag":[],"class_list":{"0":"post-68926","1":"product","2":"type-product","3":"status-publish","4":"has-post-thumbnail","6":"product_cat-vacunas-farmacia-veterinaria","7":"desktop-align-left","8":"tablet-align-left","9":"mobile-align-left","11":"first","12":"instock","13":"shipping-taxable","14":"purchasable","15":"product-type-variable"},"acf":{"laboratorio":"Carval","principio_activo":"F\u00f3rmula: Cada ml (dosis) contiene:   Virus de Influenza equina, inactivado, cepas:   A\/Equi2\/ Morava 95 (European type), H3N8 Min. 5log2HIT*  A\/Equi\/ Brno 08 (American type, Florida 2), H3N8 Min. 5log2 HIT*  Toxoide tet\u00e1nico purificado Min. 30 UI**  *HIT (Inhibici\u00f3n de hemaglutinaci\u00f3n en suero de cobayos)   **UI (Unidades Internacionales)   Excipiente: (Tiomersal 0.1mg) c.s.p. para una dosis  Adyuvante: Hidr\u00f3xido de aluminio hidratado por adsorci\u00f3n 0.2ml","indicaciones":"Compuesta por las cepas actuales del virus de la influenza equina recomendadas por la O.I.E ( ORGANIZACI\u00d3N MUNDIAL DE LA SALUD ANIMAL).\r\n \\nContiene Hidroxido de Aluminio hidratado por adsorci\u00f3n que es seguro y f\u00e1cil de aplicar adem\u00e1s que potencia y estimula la respuesta inmune.\r\n \\nFabricado de acuerdo con la farmacopea de la Union Europea (pruebas rigurosas de seguridad eficacia \u2013 pruebas de laboratorio, de desafio y de campo).","concentracion":"","dosis_y_modo_de_empleo":"Aplicar por v\u00eda intramuscular 1 dosis (1 mL) Esquema de vacunaci\u00f3n: Vacunaci\u00f3n b\u00e1sica (Primovacunaci\u00f3n): La primera vacunaci\u00f3n a partir de los 6 meses de edad. La segunda vacunaci\u00f3n 4 semanas despu\u00e9s de la primera dosis. Revacunaci\u00f3n (refuerzos): La primera revacunaci\u00f3n 6 mese despu\u00e9s de la vacunaci\u00f3n b\u00e1sica. Las siguientes revacunaciones se realizan cada 12 meses. La revacunaci\u00f3n de yeguas pre\u00f1adas se realiza en el \u00faltimo trimestre de gestaci\u00f3n, al menos un mes antes del parto planificado.","precauciones":"Reacciones adversas: como con cualquier vacuna, pueden ocurrir reacciones de hipersensibilidad. Si ocurren, se debe administrar el tratamiento apropiado bajo orientaci\u00f3n del M\u00e9dico Veterinario. Si nota alg\u00fan efecto serie u otros no mencionados en el inserto, por favor informe al veterinario tratante. Mant\u00e9ngase fuera del alcance de los ni\u00f1os y animales dom\u00e9sticos. Advertencia para su correcta administraci\u00f3n: antes de utilizar, atemperar el contenido del vial a 15 \u2013 25\u00baC y mezclar bien. No se recomienda utilizar la vacuna para revacunar animales previamente vacunados con vacunas de otras marcas o viceversa, excepto cuando contengan las mismas cepas. En caso de utilizar la vacuna en animales previamente vacunados con otras vacunas que contengan diferentes cepas se debe iniciar al plan vacunal de cero, y se requiere llevar a cabo todo el esquema vacunal completo. Precauciones especiales para cada especie objetivo: vacunar solamente animales en buen estado de salud y en buenas condiciones nutricionales. En caso de mayor riesgo de infecci\u00f3n se recomienda la revacunaci\u00f3n contra Influenza Equina de todos los animales de cr\u00eda cada 6 meses. Con el fin de reducir la presi\u00f3n de la infecci\u00f3n, todos los caballos de una granja deben ser vacunados. Antes de transportar animales a otros establos o antes de carreras, se recomienda por lo menos la primovacunaci\u00f3n con el respectivo periodo de espera de 14 d\u00edas para permitir el inicio de la inmunidad. Para incluir caballos en la cr\u00eda, se recomienda la primovacunaci\u00f3n con un periodo de espera de 14 d\u00edas como cuarentena. Aislar los caballos enfermos con signos de enfermedad respiratoria de los sanos. Uso durante la gestaci\u00f3n y lactancia: puede ser utilizada durante la gestaci\u00f3n. La seguridad del producto no se ha establecido durante la lactancia. La revacunaci\u00f3n de hembras en el tercer trimestre de gestaci\u00f3n se lleva a cabo m\u00e1ximo un mes antes de la fecha de parto prevista.","tiempo_de_retiro":"","via_de_administracion1":["Intramuscular"]},"jetpack_publicize_connections":[],"jetpack_sharing_enabled":true,"_links":{"self":[{"href":"https:\/\/geneticatricolor.com\/home\/wp-json\/wp\/v2\/product\/68926","targetHints":{"allow":["GET"]}}],"collection":[{"href":"https:\/\/geneticatricolor.com\/home\/wp-json\/wp\/v2\/product"}],"about":[{"href":"https:\/\/geneticatricolor.com\/home\/wp-json\/wp\/v2\/types\/product"}],"author":[{"embeddable":true,"href":"https:\/\/geneticatricolor.com\/home\/wp-json\/wp\/v2\/users\/1"}],"replies":[{"embeddable":true,"href":"https:\/\/geneticatricolor.com\/home\/wp-json\/wp\/v2\/comments?post=68926"}],"wp:featuredmedia":[{"embeddable":true,"href":"https:\/\/geneticatricolor.com\/home\/wp-json\/wp\/v2\/media\/69117"}],"wp:attachment":[{"href":"https:\/\/geneticatricolor.com\/home\/wp-json\/wp\/v2\/media?parent=68926"}],"wp:term":[{"taxonomy":"product_brand","embeddable":true,"href":"https:\/\/geneticatricolor.com\/home\/wp-json\/wp\/v2\/product_brand?post=68926"},{"taxonomy":"product_cat","embeddable":true,"href":"https:\/\/geneticatricolor.com\/home\/wp-json\/wp\/v2\/product_cat?post=68926"},{"taxonomy":"product_tag","embeddable":true,"href":"https:\/\/geneticatricolor.com\/home\/wp-json\/wp\/v2\/product_tag?post=68926"}],"curies":[{"name":"wp","href":"https:\/\/api.w.org\/{rel}","templated":true}]}}