{"id":69218,"date":"2022-11-01T16:25:46","date_gmt":"2022-11-01T21:25:46","guid":{"rendered":"https:\/\/geneticatricolor.com\/home\/tienda\/sin%20categor\u00eda\/caracho-2\/"},"modified":"2025-07-24T07:54:36","modified_gmt":"2025-07-24T12:54:36","slug":"caracho-2","status":"publish","type":"product","link":"https:\/\/geneticatricolor.com\/home\/tienda\/venta-de-semen\/semen-carne-especial\/semen-angusnegro\/caracho-2\/","title":{"rendered":"CARACHO"},"content":{"rendered":"<p>Gran Campeon Angus Argentina<\/p>\n<p>Caracho tiene todas las condiciones para ser el padre n\u00famero uno de la raza. Estamos ante la presencia de un toro que va a dejar su huella como lo est\u00e1 haciendo su padre Remixado. Produce terneros muy destacados desde su nacimiento, con pesos livianos y un desarrollo extraordinario, con crecimiento explosivo hasta los 15 meses y ah\u00ed se detiene y empiezan a generar una musculatura impactante. Sus cr\u00edas son muy correctas con caracter\u00edsticas fenot\u00edpicas muy destacables, son terneros de gran conformacion, aplomos correctos y con clase por donde se los mire. Ideal para hacer ejemplares para pista.<\/p>\n","protected":false},"excerpt":{"rendered":"<p>Gran Campeon Angus Argentina Caracho tiene todas las condiciones para ser el padre n\u00famero uno de la raza. Estamos ante la presencia de un toro que va a dejar su [&hellip;]<\/p>\n","protected":false},"author":65,"featured_media":69215,"comment_status":"open","ping_status":"closed","template":"","meta":{"_acf_changed":false,"inline_featured_image":false,"_monsterinsights_skip_tracking":false,"_monsterinsights_sitenote_active":false,"_monsterinsights_sitenote_note":"","_monsterinsights_sitenote_category":0,"_ti_tpc_template_sync":false,"_ti_tpc_template_id":"","jetpack_publicize_message":"","jetpack_publicize_feature_enabled":true,"jetpack_social_post_already_shared":true,"jetpack_social_options":{"image_generator_settings":{"template":"highway","enabled":false},"version":2}},"product_brand":[],"product_cat":[44],"product_tag":[],"class_list":{"0":"post-69218","1":"product","2":"type-product","3":"status-publish","4":"has-post-thumbnail","6":"product_cat-semen-angusnegro","8":"first","9":"instock","10":"shipping-taxable","11":"purchasable","12":"product-type-simple"},"jetpack_publicize_connections":[],"acf":{"laboratorio":"","principio_activo":"","indicaciones":"","concentracion":"","dosis_y_modo_de_empleo":"","precauciones":"","tiempo_de_retiro":"","via_de_administracion1":[]},"aioseo_notices":[],"jetpack_sharing_enabled":true,"_links":{"self":[{"href":"https:\/\/geneticatricolor.com\/home\/wp-json\/wp\/v2\/product\/69218","targetHints":{"allow":["GET"]}}],"collection":[{"href":"https:\/\/geneticatricolor.com\/home\/wp-json\/wp\/v2\/product"}],"about":[{"href":"https:\/\/geneticatricolor.com\/home\/wp-json\/wp\/v2\/types\/product"}],"author":[{"embeddable":true,"href":"https:\/\/geneticatricolor.com\/home\/wp-json\/wp\/v2\/users\/65"}],"replies":[{"embeddable":true,"href":"https:\/\/geneticatricolor.com\/home\/wp-json\/wp\/v2\/comments?post=69218"}],"wp:featuredmedia":[{"embeddable":true,"href":"https:\/\/geneticatricolor.com\/home\/wp-json\/wp\/v2\/media\/69215"}],"wp:attachment":[{"href":"https:\/\/geneticatricolor.com\/home\/wp-json\/wp\/v2\/media?parent=69218"}],"wp:term":[{"taxonomy":"product_brand","embeddable":true,"href":"https:\/\/geneticatricolor.com\/home\/wp-json\/wp\/v2\/product_brand?post=69218"},{"taxonomy":"product_cat","embeddable":true,"href":"https:\/\/geneticatricolor.com\/home\/wp-json\/wp\/v2\/product_cat?post=69218"},{"taxonomy":"product_tag","embeddable":true,"href":"https:\/\/geneticatricolor.com\/home\/wp-json\/wp\/v2\/product_tag?post=69218"}],"curies":[{"name":"wp","href":"https:\/\/api.w.org\/{rel}","templated":true}]}}