{"id":69472,"date":"2022-11-28T17:01:32","date_gmt":"2022-11-28T22:01:32","guid":{"rendered":"https:\/\/geneticatricolor.com\/home\/tienda\/sin%20categor\u00eda\/tasmania-homero-t-e-082-7-2\/"},"modified":"2025-07-24T07:54:54","modified_gmt":"2025-07-24T12:54:54","slug":"tasmania-homero-t-e-082-7-2","status":"publish","type":"product","link":"https:\/\/geneticatricolor.com\/home\/tienda\/venta-de-semen\/semen-carne-tropico\/semen-brahmanrojo\/tasmania-homero-t-e-082-7-2\/","title":{"rendered":"TASMANIA HOMERO T.E. 082\/7"},"content":{"rendered":"<p>Ejempla de muy buena caracterizaci\u00f3n racial, de un gran tercio medio, de muy buena estructura osea y de muy buena musculatura. Este ejemplar ha alcanzado el primer puesto y campe\u00f3n menor de la XII exposici\u00f3n Brahman Puerto Berrio 2018. Campe\u00f3n Intermedio Reservado en la 71 feria Nacional Ceb\u00fa 2018 .<\/p>\n<p>Este toro es hijo del toro MONTERREY TANQUE TRUENO 972\/8 T.E uno de los toros m\u00e1s importantes de la raza Brahm\u00e1n rojo de Colombia, el cual en el listado de asocebu aparece en el n\u00famero 10 pero es el n\u00famero 1 en toros brahm\u00e1n rojo, este toro es hijo del toro LUSITANIA MR MILLONARO 1562\/14, que aparece en el puesto n\u00famero 11 en el listado de asocebu como padre sobresaliente y es el segundo en ganado brahm\u00e1n Rojo. Por su lado materno tenemos al VL ROJO GRANDE 4\/95 el cual aparece en el puesto 15 en la lista de padres sobresalientes.<\/p>\n<p>Su madre la vaca SH PRADO ANTONELLA 180\/3\/3 es hija del Toro JDH MR ELMO MANSO 309\/4, toro padre sobresaliente de la raza BRAHMAN en Colombia ocupando el puesto 37. Es hija a su vez de la vaca SH PRADO VICTORIA T.E 058\/11\/0 la cual es hija del toro JDH KARU MANSO 800, siendo este toro el n\u00famero 3 en el listado de Padres Sobresalientes de ASOCEBU y su madre es la JM LA VITTORIANA 777 118 118\/2. Esta vaca es la numero 1 en el listado de madres sobresalientes de ASOCEBU.<\/p>\n<p>La vaca SH PRADO ANTONELLA 180\/3\/3, es la madre del Gran Campe\u00f3n Nacional Reservado del a\u00f1o 2018 en el CONGRESO MUNDIAL BRAHMAN que fue TASMANIA SAGITARIO 083\/7 T.E. La Antonella hoy es vaca n\u00famero 87 del listado de madres sobresalientes de ASOCEBU.<\/p>\n<p>La 180\/3\/3 nos ha arrojado muy buena producci\u00f3n con los siguientes toros. SEVERA PAZCALMA 582\/2 T.E, JDH WELLINGTON MANSO 527\/1, JDH COMET MANSO 871\/1, MONTERREY TANQUE TRUENO 972\/8 y AV EL TRIUNFO 426\/3 T.E. Como vemos es una<\/p>\n<p>vaca que nos muestra resultados tanto con Toros Brahm\u00e1n gris como con Brahm\u00e1n Rojo.<\/p>\n<p>Hoy tenemos producci\u00f3n en el establo del toro TASMANIA HOMERO T.E 082\/7 hermano completo del Gran Campe\u00f3n Nacional Reservado del a\u00f1o 2018 en el CONGRESO MUNDIAL BRAHMAN que fue TASMANIA SAGITARIO 083\/7 T.E.<\/p>\n<p>Este toro es hermano completo del toro TASMANIA SAGITARIO 083\/7 Y del TASMANIA HOMERO 082\/7 T.E.<\/p>\n","protected":false},"excerpt":{"rendered":"<p>Ejempla de muy buena caracterizaci\u00f3n racial, de un gran tercio medio, de muy buena estructura osea y de muy buena musculatura. Este ejemplar ha alcanzado el primer puesto y campe\u00f3n [&hellip;]<\/p>\n","protected":false},"author":65,"featured_media":69470,"comment_status":"open","ping_status":"closed","template":"","meta":{"_acf_changed":false,"inline_featured_image":false,"_monsterinsights_skip_tracking":false,"_monsterinsights_sitenote_active":false,"_monsterinsights_sitenote_note":"","_monsterinsights_sitenote_category":0,"site-sidebar-layout":"default","site-content-layout":"","ast-site-content-layout":"default","site-content-style":"default","site-sidebar-style":"default","ast-global-header-display":"","ast-banner-title-visibility":"","ast-main-header-display":"","ast-hfb-above-header-display":"","ast-hfb-below-header-display":"","ast-hfb-mobile-header-display":"","site-post-title":"","ast-breadcrumbs-content":"","ast-featured-img":"","footer-sml-layout":"","ast-disable-related-posts":"","theme-transparent-header-meta":"","adv-header-id-meta":"","stick-header-meta":"","header-above-stick-meta":"","header-main-stick-meta":"","header-below-stick-meta":"","astra-migrate-meta-layouts":"default","ast-page-background-enabled":"default","ast-page-background-meta":{"desktop":{"background-color":"var(--ast-global-color-4)","background-image":"","background-repeat":"repeat","background-position":"center center","background-size":"auto","background-attachment":"scroll","background-type":"","background-media":"","overlay-type":"","overlay-color":"","overlay-opacity":"","overlay-gradient":""},"tablet":{"background-color":"","background-image":"","background-repeat":"repeat","background-position":"center center","background-size":"auto","background-attachment":"scroll","background-type":"","background-media":"","overlay-type":"","overlay-color":"","overlay-opacity":"","overlay-gradient":""},"mobile":{"background-color":"","background-image":"","background-repeat":"repeat","background-position":"center center","background-size":"auto","background-attachment":"scroll","background-type":"","background-media":"","overlay-type":"","overlay-color":"","overlay-opacity":"","overlay-gradient":""}},"ast-content-background-meta":{"desktop":{"background-color":"var(--ast-global-color-5)","background-image":"","background-repeat":"repeat","background-position":"center center","background-size":"auto","background-attachment":"scroll","background-type":"","background-media":"","overlay-type":"","overlay-color":"","overlay-opacity":"","overlay-gradient":""},"tablet":{"background-color":"var(--ast-global-color-5)","background-image":"","background-repeat":"repeat","background-position":"center center","background-size":"auto","background-attachment":"scroll","background-type":"","background-media":"","overlay-type":"","overlay-color":"","overlay-opacity":"","overlay-gradient":""},"mobile":{"background-color":"var(--ast-global-color-5)","background-image":"","background-repeat":"repeat","background-position":"center center","background-size":"auto","background-attachment":"scroll","background-type":"","background-media":"","overlay-type":"","overlay-color":"","overlay-opacity":"","overlay-gradient":""}},"jetpack_publicize_message":"","jetpack_publicize_feature_enabled":true,"jetpack_social_post_already_shared":true,"jetpack_social_options":{"image_generator_settings":{"template":"highway","default_image_id":0,"font":"","enabled":false},"version":2}},"product_brand":[],"product_cat":[84],"product_tag":[],"class_list":{"0":"post-69472","1":"product","2":"type-product","3":"status-publish","4":"has-post-thumbnail","6":"product_cat-semen-brahmanrojo","7":"desktop-align-left","8":"tablet-align-left","9":"mobile-align-left","11":"first","12":"instock","13":"shipping-taxable","14":"purchasable","15":"product-type-simple"},"acf":{"laboratorio":"","principio_activo":"","indicaciones":"","concentracion":"","dosis_y_modo_de_empleo":"","precauciones":"","tiempo_de_retiro":"","via_de_administracion1":[]},"jetpack_publicize_connections":[],"jetpack_sharing_enabled":true,"_links":{"self":[{"href":"https:\/\/geneticatricolor.com\/home\/wp-json\/wp\/v2\/product\/69472","targetHints":{"allow":["GET"]}}],"collection":[{"href":"https:\/\/geneticatricolor.com\/home\/wp-json\/wp\/v2\/product"}],"about":[{"href":"https:\/\/geneticatricolor.com\/home\/wp-json\/wp\/v2\/types\/product"}],"author":[{"embeddable":true,"href":"https:\/\/geneticatricolor.com\/home\/wp-json\/wp\/v2\/users\/65"}],"replies":[{"embeddable":true,"href":"https:\/\/geneticatricolor.com\/home\/wp-json\/wp\/v2\/comments?post=69472"}],"wp:featuredmedia":[{"embeddable":true,"href":"https:\/\/geneticatricolor.com\/home\/wp-json\/wp\/v2\/media\/69470"}],"wp:attachment":[{"href":"https:\/\/geneticatricolor.com\/home\/wp-json\/wp\/v2\/media?parent=69472"}],"wp:term":[{"taxonomy":"product_brand","embeddable":true,"href":"https:\/\/geneticatricolor.com\/home\/wp-json\/wp\/v2\/product_brand?post=69472"},{"taxonomy":"product_cat","embeddable":true,"href":"https:\/\/geneticatricolor.com\/home\/wp-json\/wp\/v2\/product_cat?post=69472"},{"taxonomy":"product_tag","embeddable":true,"href":"https:\/\/geneticatricolor.com\/home\/wp-json\/wp\/v2\/product_tag?post=69472"}],"curies":[{"name":"wp","href":"https:\/\/api.w.org\/{rel}","templated":true}]}}