{"id":69982,"date":"2023-08-14T16:19:40","date_gmt":"2023-08-14T21:19:40","guid":{"rendered":"https:\/\/geneticatricolor.com\/home\/tienda\/sin%20categor\u00eda\/nitrogenio-fiv-wad\/"},"modified":"2025-07-24T07:55:15","modified_gmt":"2025-07-24T12:55:15","slug":"nitrogenio-fiv-wad","status":"publish","type":"product","link":"https:\/\/geneticatricolor.com\/home\/tienda\/venta-de-semen\/razas-lecheras-tropico\/semen-gyr\/nitrogenio-fiv-wad\/","title":{"rendered":"NITROGENIO FIV WAD"},"content":{"rendered":"<p>NITROGENIO FIV WAD. Nacio el 10\/07\/2019<\/p>\n<p>Un joven semental de la raza lechera Gyr, que tiene grandes expectativas de transmitir leche a su descendencia. Nitr\u00f3geno es criado y propiedad de Winston Drummond de Fazenda Quilombo en el municipio de Capin\u00f3polis en el estado de Minas Gerais. Es un semental de la colecci\u00f3n de semen CRV Lagoa con un pelaje rojo agitado y conformaci\u00f3n correcta excelente estructura corporal excelente apertura tor\u00e1cica con buena capacidad digestiva y respiratoria.\u00a0 Buen car\u00e1cter racial voluminoso y en desarrollo termitas bien equilibrado l\u00ednea de la espalda chico un poco alto con un \u00e1ngulo ligeramente inclinado costillas son largas y bien separadas con una excelente capa de carne en la espalda y los cuartos traseros aparato reproductor es un poco largo.\u00a0 Nitrogenio fue reservado <strong>Campeon Macho<\/strong> joven en la expozebu <strong>2022<\/strong> en una buena opcion de cruzamiento para producir cruzamientos de pura raza lechera puede ser apareado al linaje 14.<\/p>\n<p>Nitr\u00f3geno tiene una capacidad prevista para transmitir peinado de leche en abcz de 712kg y 44 por ciento de fiabilidad sobre la base de su gen\u00e9tica materna paterna hermanas y la familia en general todav\u00eda est\u00e1 siendo sometido a pruebas de progenie por <strong>Embrapa<\/strong> y <strong>ABC<\/strong> Gil con resultados esperados en 2029 y luego se genotipa dos por dos para la beta-case\u00edna que es el c\u00f3digo de la prote\u00edna de la leche que indica una reducci\u00f3n significativa de las alergias y una mejor gesti\u00f3n de la leche en el cuerpo adecuado para el consumo In Natura caracter\u00edsticas que puede transmitir a sus hijas.<\/p>\n","protected":false},"excerpt":{"rendered":"<p>NITROGENIO FIV WAD. Nacio el 10\/07\/2019 Un joven semental de la raza lechera Gyr, que tiene grandes expectativas de transmitir leche a su descendencia. Nitr\u00f3geno es criado y propiedad de [&hellip;]<\/p>\n","protected":false},"author":1,"featured_media":70731,"comment_status":"open","ping_status":"closed","template":"","meta":{"_acf_changed":false,"inline_featured_image":false,"_monsterinsights_skip_tracking":false,"_monsterinsights_sitenote_active":false,"_monsterinsights_sitenote_note":"","_monsterinsights_sitenote_category":0,"site-sidebar-layout":"default","site-content-layout":"default","ast-site-content-layout":"default","site-content-style":"default","site-sidebar-style":"default","ast-global-header-display":"","ast-banner-title-visibility":"","ast-main-header-display":"","ast-hfb-above-header-display":"","ast-hfb-below-header-display":"","ast-hfb-mobile-header-display":"","site-post-title":"","ast-breadcrumbs-content":"","ast-featured-img":"","footer-sml-layout":"","ast-disable-related-posts":"","theme-transparent-header-meta":"default","adv-header-id-meta":"","stick-header-meta":"","header-above-stick-meta":"","header-main-stick-meta":"","header-below-stick-meta":"","astra-migrate-meta-layouts":"default","ast-page-background-enabled":"default","ast-page-background-meta":{"desktop":{"background-color":"var(--ast-global-color-4)","background-image":"","background-repeat":"repeat","background-position":"center center","background-size":"auto","background-attachment":"scroll","background-type":"","background-media":"","overlay-type":"","overlay-color":"","overlay-opacity":"","overlay-gradient":""},"tablet":{"background-color":"","background-image":"","background-repeat":"repeat","background-position":"center center","background-size":"auto","background-attachment":"scroll","background-type":"","background-media":"","overlay-type":"","overlay-color":"","overlay-opacity":"","overlay-gradient":""},"mobile":{"background-color":"","background-image":"","background-repeat":"repeat","background-position":"center center","background-size":"auto","background-attachment":"scroll","background-type":"","background-media":"","overlay-type":"","overlay-color":"","overlay-opacity":"","overlay-gradient":""}},"ast-content-background-meta":{"desktop":{"background-color":"var(--ast-global-color-5)","background-image":"","background-repeat":"repeat","background-position":"center center","background-size":"auto","background-attachment":"scroll","background-type":"","background-media":"","overlay-type":"","overlay-color":"","overlay-opacity":"","overlay-gradient":""},"tablet":{"background-color":"var(--ast-global-color-5)","background-image":"","background-repeat":"repeat","background-position":"center center","background-size":"auto","background-attachment":"scroll","background-type":"","background-media":"","overlay-type":"","overlay-color":"","overlay-opacity":"","overlay-gradient":""},"mobile":{"background-color":"var(--ast-global-color-5)","background-image":"","background-repeat":"repeat","background-position":"center center","background-size":"auto","background-attachment":"scroll","background-type":"","background-media":"","overlay-type":"","overlay-color":"","overlay-opacity":"","overlay-gradient":""}},"jetpack_publicize_message":"","jetpack_publicize_feature_enabled":true,"jetpack_social_post_already_shared":true,"jetpack_social_options":{"image_generator_settings":{"template":"highway","default_image_id":0,"font":"","enabled":false},"version":2}},"product_brand":[],"product_cat":[50],"product_tag":[],"class_list":{"0":"post-69982","1":"product","2":"type-product","3":"status-publish","4":"has-post-thumbnail","6":"product_cat-semen-gyr","7":"desktop-align-left","8":"tablet-align-left","9":"mobile-align-left","11":"first","12":"instock","13":"shipping-taxable","14":"purchasable","15":"product-type-simple"},"acf":{"laboratorio":"","principio_activo":"","indicaciones":"","concentracion":"","dosis_y_modo_de_empleo":"","precauciones":"","tiempo_de_retiro":"","via_de_administracion1":[]},"jetpack_publicize_connections":[],"jetpack_sharing_enabled":true,"_links":{"self":[{"href":"https:\/\/geneticatricolor.com\/home\/wp-json\/wp\/v2\/product\/69982","targetHints":{"allow":["GET"]}}],"collection":[{"href":"https:\/\/geneticatricolor.com\/home\/wp-json\/wp\/v2\/product"}],"about":[{"href":"https:\/\/geneticatricolor.com\/home\/wp-json\/wp\/v2\/types\/product"}],"author":[{"embeddable":true,"href":"https:\/\/geneticatricolor.com\/home\/wp-json\/wp\/v2\/users\/1"}],"replies":[{"embeddable":true,"href":"https:\/\/geneticatricolor.com\/home\/wp-json\/wp\/v2\/comments?post=69982"}],"wp:featuredmedia":[{"embeddable":true,"href":"https:\/\/geneticatricolor.com\/home\/wp-json\/wp\/v2\/media\/70731"}],"wp:attachment":[{"href":"https:\/\/geneticatricolor.com\/home\/wp-json\/wp\/v2\/media?parent=69982"}],"wp:term":[{"taxonomy":"product_brand","embeddable":true,"href":"https:\/\/geneticatricolor.com\/home\/wp-json\/wp\/v2\/product_brand?post=69982"},{"taxonomy":"product_cat","embeddable":true,"href":"https:\/\/geneticatricolor.com\/home\/wp-json\/wp\/v2\/product_cat?post=69982"},{"taxonomy":"product_tag","embeddable":true,"href":"https:\/\/geneticatricolor.com\/home\/wp-json\/wp\/v2\/product_tag?post=69982"}],"curies":[{"name":"wp","href":"https:\/\/api.w.org\/{rel}","templated":true}]}}