{"id":70075,"date":"2023-08-15T22:03:54","date_gmt":"2023-08-16T03:03:54","guid":{"rendered":"https:\/\/geneticatricolor.com\/home\/tienda\/sin%20categor\u00eda\/mr-v8-700-3\/"},"modified":"2025-07-24T07:56:11","modified_gmt":"2025-07-24T12:56:11","slug":"mr-v8-700-3","status":"publish","type":"product","link":"https:\/\/geneticatricolor.com\/home\/tienda\/venta-de-semen\/semen-carne-tropico\/semen-brahmangris\/mr-v8-700-3\/","title":{"rendered":"MR. V8 700\/3"},"content":{"rendered":"<p><strong>Mr. V8 700\/3<\/strong><\/p>\n<p>Registro EEUU\u00ba 630321<\/p>\n<p>Fecha de nacimiento 14\/03\/1988<\/p>\n<p>Hay 540 hijos evaluados en 122 reba\u00f1os. Hijo de Remington 784, reproductor que se ha hecho un nombre en todo el mundo con excelentes resultados en diferentes reba\u00f1os; Su madre fue varias veces Campeona y Ganadora del &#8220;Produce of Dam Honour&#8221;;<br \/>\nV8 700\/3 no podr\u00eda ser diferente. Un semental que forma parte de una familia de Campeones, Copano 839\/9, Sage 92, Rem Grande 560, Copano&#8217;s Pride 362, S Bar 448 y Winchester 36\/1; Combina rendimiento y morfolog\u00eda, lo que le confiere una extraordinaria versatilidad; 12\u00ba mejor padre por Peso al A\u00f1o en el Resumen ABBA 2007; L\u00edder por 8 a\u00f1os consecutivos en Habilidad Materna en USA;<br \/>\nMuestra Profundidad y Anchura, Muscularidad y excelente Longitud de Cuerpo; Su CV incluye el Premio de Gran Campe\u00f3n Internacional de 1991; En 2005 en FEIPECUS, sus hijas fueron Reservada Gran Campeona y Campeona Novilla Mayor;<br \/>\nPadre del Campe\u00f3n Mayor y Reservado Gran Campe\u00f3n en la pista pesada en Londrina en 2006; En Brasil, tiene varios hijos en Centrales. Las hembras 700\/3 son carnosas, voluminosas y tienen gran fertilidad y habilidad materna; Padre del JDH Grand V Manso 201\/5, un animal con mucha longitud corporal, profundidad y funcionalidad y que viene produciendo bien, tanto como PO como en cruce, lo que lo convierte en una opci\u00f3n para la producci\u00f3n de LA.<\/p>\n","protected":false},"excerpt":{"rendered":"<p>Mr. V8 700\/3 Registro EEUU\u00ba 630321 Fecha de nacimiento 14\/03\/1988 Hay 540 hijos evaluados en 122 reba\u00f1os. Hijo de Remington 784, reproductor que se ha hecho un nombre en todo [&hellip;]<\/p>\n","protected":false},"author":1,"featured_media":72224,"comment_status":"open","ping_status":"closed","template":"","meta":{"_acf_changed":false,"inline_featured_image":false,"_monsterinsights_skip_tracking":false,"_monsterinsights_sitenote_active":false,"_monsterinsights_sitenote_note":"","_monsterinsights_sitenote_category":0,"site-sidebar-layout":"default","site-content-layout":"","ast-site-content-layout":"default","site-content-style":"default","site-sidebar-style":"default","ast-global-header-display":"","ast-banner-title-visibility":"","ast-main-header-display":"","ast-hfb-above-header-display":"","ast-hfb-below-header-display":"","ast-hfb-mobile-header-display":"","site-post-title":"","ast-breadcrumbs-content":"","ast-featured-img":"","footer-sml-layout":"","ast-disable-related-posts":"","theme-transparent-header-meta":"default","adv-header-id-meta":"","stick-header-meta":"","header-above-stick-meta":"","header-main-stick-meta":"","header-below-stick-meta":"","astra-migrate-meta-layouts":"set","ast-page-background-enabled":"default","ast-page-background-meta":{"desktop":{"background-color":"var(--ast-global-color-4)","background-image":"","background-repeat":"repeat","background-position":"center center","background-size":"auto","background-attachment":"scroll","background-type":"","background-media":"","overlay-type":"","overlay-color":"","overlay-opacity":"","overlay-gradient":""},"tablet":{"background-color":"","background-image":"","background-repeat":"repeat","background-position":"center center","background-size":"auto","background-attachment":"scroll","background-type":"","background-media":"","overlay-type":"","overlay-color":"","overlay-opacity":"","overlay-gradient":""},"mobile":{"background-color":"","background-image":"","background-repeat":"repeat","background-position":"center center","background-size":"auto","background-attachment":"scroll","background-type":"","background-media":"","overlay-type":"","overlay-color":"","overlay-opacity":"","overlay-gradient":""}},"ast-content-background-meta":{"desktop":{"background-color":"var(--ast-global-color-5)","background-image":"","background-repeat":"repeat","background-position":"center center","background-size":"auto","background-attachment":"scroll","background-type":"","background-media":"","overlay-type":"","overlay-color":"","overlay-opacity":"","overlay-gradient":""},"tablet":{"background-color":"var(--ast-global-color-5)","background-image":"","background-repeat":"repeat","background-position":"center center","background-size":"auto","background-attachment":"scroll","background-type":"","background-media":"","overlay-type":"","overlay-color":"","overlay-opacity":"","overlay-gradient":""},"mobile":{"background-color":"var(--ast-global-color-5)","background-image":"","background-repeat":"repeat","background-position":"center center","background-size":"auto","background-attachment":"scroll","background-type":"","background-media":"","overlay-type":"","overlay-color":"","overlay-opacity":"","overlay-gradient":""}},"jetpack_publicize_message":"","jetpack_publicize_feature_enabled":true,"jetpack_social_post_already_shared":false,"jetpack_social_options":{"image_generator_settings":{"template":"highway","default_image_id":0,"font":"","enabled":false},"version":2}},"product_brand":[],"product_cat":[83],"product_tag":[],"class_list":{"0":"post-70075","1":"product","2":"type-product","3":"status-publish","4":"has-post-thumbnail","6":"product_cat-semen-brahmangris","7":"desktop-align-left","8":"tablet-align-left","9":"mobile-align-left","11":"first","12":"instock","13":"shipping-taxable","14":"product-type-simple"},"acf":{"laboratorio":"","principio_activo":"","indicaciones":"","concentracion":"","dosis_y_modo_de_empleo":"","precauciones":"","tiempo_de_retiro":"","via_de_administracion1":[]},"jetpack_publicize_connections":[],"jetpack_sharing_enabled":true,"_links":{"self":[{"href":"https:\/\/geneticatricolor.com\/home\/wp-json\/wp\/v2\/product\/70075","targetHints":{"allow":["GET"]}}],"collection":[{"href":"https:\/\/geneticatricolor.com\/home\/wp-json\/wp\/v2\/product"}],"about":[{"href":"https:\/\/geneticatricolor.com\/home\/wp-json\/wp\/v2\/types\/product"}],"author":[{"embeddable":true,"href":"https:\/\/geneticatricolor.com\/home\/wp-json\/wp\/v2\/users\/1"}],"replies":[{"embeddable":true,"href":"https:\/\/geneticatricolor.com\/home\/wp-json\/wp\/v2\/comments?post=70075"}],"wp:featuredmedia":[{"embeddable":true,"href":"https:\/\/geneticatricolor.com\/home\/wp-json\/wp\/v2\/media\/72224"}],"wp:attachment":[{"href":"https:\/\/geneticatricolor.com\/home\/wp-json\/wp\/v2\/media?parent=70075"}],"wp:term":[{"taxonomy":"product_brand","embeddable":true,"href":"https:\/\/geneticatricolor.com\/home\/wp-json\/wp\/v2\/product_brand?post=70075"},{"taxonomy":"product_cat","embeddable":true,"href":"https:\/\/geneticatricolor.com\/home\/wp-json\/wp\/v2\/product_cat?post=70075"},{"taxonomy":"product_tag","embeddable":true,"href":"https:\/\/geneticatricolor.com\/home\/wp-json\/wp\/v2\/product_tag?post=70075"}],"curies":[{"name":"wp","href":"https:\/\/api.w.org\/{rel}","templated":true}]}}