{"id":70085,"date":"2023-08-15T22:04:09","date_gmt":"2023-08-16T03:04:09","guid":{"rendered":"https:\/\/geneticatricolor.com\/home\/tienda\/sin%20categor\u00eda\/mr-h-malone-manso-326-9\/"},"modified":"2025-07-24T07:56:14","modified_gmt":"2025-07-24T12:56:14","slug":"mr-h-malone-manso-326-9","status":"publish","type":"product","link":"https:\/\/geneticatricolor.com\/home\/tienda\/venta-de-semen\/semen-carne-tropico\/semen-brahmangris\/mr-h-malone-manso-326-9\/","title":{"rendered":"MR H MALONE MANSO 326\/9"},"content":{"rendered":"<p>A primera vista, <strong>Mr H Malone Manso 326\/9<\/strong> le har\u00e1 sentir como si hubiera entrado en unos grandes almacenes en los que no puede permitirse comprar. Este toro incre\u00edblemente masculino y guapo siempre ha atra\u00eddo a una multitud. Recuerdo a varios equipos de jueces colegiados comentando que nunca hab\u00edan visto un toro Brahman tan bueno. Es divertido ver la reacci\u00f3n inicial de los visitantes y los entusiastas de Brahman cuando lo ven por primera vez. Mr H Malone 326\/9 es hermano completo del toro Gran Campe\u00f3n Internacional de 2021, Mr H Pride of Maddox Manso 684\/8. Por supuesto, Malone ofrece muchas de las mismas caracter\u00edsticas que su hermano en t\u00e9rminos de un pedigr\u00ed probado que est\u00e1 respaldado por todos los Registros de Renombre en las dos primeras generaciones y un perfil de rendimiento progresivo. Malone es el resultado del cruce de dos de los animales m\u00e1s probados de nuestro reba\u00f1o, +Mr H Maddox Manso 684 y +Lady H Adelyn Manso 55\/9. En comparaci\u00f3n con su hermano, Malone es de mayor crecimiento y ofrece un EPD de Marmoleo m\u00e1s progresivo que se sit\u00faa en el 5% superior de la raza. Estamos muy entusiasmados con el futuro de Malone en el ring y como semental de reba\u00f1o.<\/p>\n<p><strong>Campeonatos<\/strong>:<\/p>\n<ul>\n<li>2020 Campe\u00f3n Sugar Classic Calf<\/li>\n<li>2020 Campe\u00f3n Nacional de Terneros Reserva<\/li>\n<li>2021 Campe\u00f3n Intermedio Winter Classic<\/li>\n<li>2021 Campe\u00f3n Intermedio Reserva Valle del R\u00edo Grande<\/li>\n<li>2021 Campe\u00f3n Gran Reserva y Campe\u00f3n Junior de la Feria Estatal de Texas<\/li>\n<li>2022 Campe\u00f3n Senior Reserva Internacional<\/li>\n<li>2022 Gran Campe\u00f3n Rio Grande Valley<\/li>\n<li>2022 Gran Campe\u00f3n Bluebonnet Kickoff<\/li>\n<\/ul>\n","protected":false},"excerpt":{"rendered":"<p>A primera vista, Mr H Malone Manso 326\/9 le har\u00e1 sentir como si hubiera entrado en unos grandes almacenes en los que no puede permitirse comprar. Este toro incre\u00edblemente masculino [&hellip;]<\/p>\n","protected":false},"author":1,"featured_media":72011,"comment_status":"open","ping_status":"closed","template":"","meta":{"_acf_changed":false,"inline_featured_image":false,"_monsterinsights_skip_tracking":false,"_monsterinsights_sitenote_active":false,"_monsterinsights_sitenote_note":"","_monsterinsights_sitenote_category":0,"site-sidebar-layout":"default","site-content-layout":"","ast-site-content-layout":"default","site-content-style":"default","site-sidebar-style":"default","ast-global-header-display":"","ast-banner-title-visibility":"","ast-main-header-display":"","ast-hfb-above-header-display":"","ast-hfb-below-header-display":"","ast-hfb-mobile-header-display":"","site-post-title":"","ast-breadcrumbs-content":"","ast-featured-img":"","footer-sml-layout":"","ast-disable-related-posts":"","theme-transparent-header-meta":"default","adv-header-id-meta":"","stick-header-meta":"","header-above-stick-meta":"","header-main-stick-meta":"","header-below-stick-meta":"","astra-migrate-meta-layouts":"set","ast-page-background-enabled":"default","ast-page-background-meta":{"desktop":{"background-color":"var(--ast-global-color-4)","background-image":"","background-repeat":"repeat","background-position":"center center","background-size":"auto","background-attachment":"scroll","background-type":"","background-media":"","overlay-type":"","overlay-color":"","overlay-opacity":"","overlay-gradient":""},"tablet":{"background-color":"","background-image":"","background-repeat":"repeat","background-position":"center center","background-size":"auto","background-attachment":"scroll","background-type":"","background-media":"","overlay-type":"","overlay-color":"","overlay-opacity":"","overlay-gradient":""},"mobile":{"background-color":"","background-image":"","background-repeat":"repeat","background-position":"center center","background-size":"auto","background-attachment":"scroll","background-type":"","background-media":"","overlay-type":"","overlay-color":"","overlay-opacity":"","overlay-gradient":""}},"ast-content-background-meta":{"desktop":{"background-color":"var(--ast-global-color-5)","background-image":"","background-repeat":"repeat","background-position":"center center","background-size":"auto","background-attachment":"scroll","background-type":"","background-media":"","overlay-type":"","overlay-color":"","overlay-opacity":"","overlay-gradient":""},"tablet":{"background-color":"var(--ast-global-color-5)","background-image":"","background-repeat":"repeat","background-position":"center center","background-size":"auto","background-attachment":"scroll","background-type":"","background-media":"","overlay-type":"","overlay-color":"","overlay-opacity":"","overlay-gradient":""},"mobile":{"background-color":"var(--ast-global-color-5)","background-image":"","background-repeat":"repeat","background-position":"center center","background-size":"auto","background-attachment":"scroll","background-type":"","background-media":"","overlay-type":"","overlay-color":"","overlay-opacity":"","overlay-gradient":""}},"jetpack_publicize_message":"","jetpack_publicize_feature_enabled":true,"jetpack_social_post_already_shared":false,"jetpack_social_options":{"image_generator_settings":{"template":"highway","default_image_id":0,"font":"","enabled":false},"version":2}},"product_brand":[],"product_cat":[83],"product_tag":[],"class_list":{"0":"post-70085","1":"product","2":"type-product","3":"status-publish","4":"has-post-thumbnail","6":"product_cat-semen-brahmangris","7":"desktop-align-left","8":"tablet-align-left","9":"mobile-align-left","11":"first","12":"instock","13":"shipping-taxable","14":"product-type-simple"},"acf":{"laboratorio":"","principio_activo":"","indicaciones":"","concentracion":"","dosis_y_modo_de_empleo":"","precauciones":"","tiempo_de_retiro":"","via_de_administracion1":[]},"jetpack_publicize_connections":[],"jetpack_sharing_enabled":true,"_links":{"self":[{"href":"https:\/\/geneticatricolor.com\/home\/wp-json\/wp\/v2\/product\/70085","targetHints":{"allow":["GET"]}}],"collection":[{"href":"https:\/\/geneticatricolor.com\/home\/wp-json\/wp\/v2\/product"}],"about":[{"href":"https:\/\/geneticatricolor.com\/home\/wp-json\/wp\/v2\/types\/product"}],"author":[{"embeddable":true,"href":"https:\/\/geneticatricolor.com\/home\/wp-json\/wp\/v2\/users\/1"}],"replies":[{"embeddable":true,"href":"https:\/\/geneticatricolor.com\/home\/wp-json\/wp\/v2\/comments?post=70085"}],"wp:featuredmedia":[{"embeddable":true,"href":"https:\/\/geneticatricolor.com\/home\/wp-json\/wp\/v2\/media\/72011"}],"wp:attachment":[{"href":"https:\/\/geneticatricolor.com\/home\/wp-json\/wp\/v2\/media?parent=70085"}],"wp:term":[{"taxonomy":"product_brand","embeddable":true,"href":"https:\/\/geneticatricolor.com\/home\/wp-json\/wp\/v2\/product_brand?post=70085"},{"taxonomy":"product_cat","embeddable":true,"href":"https:\/\/geneticatricolor.com\/home\/wp-json\/wp\/v2\/product_cat?post=70085"},{"taxonomy":"product_tag","embeddable":true,"href":"https:\/\/geneticatricolor.com\/home\/wp-json\/wp\/v2\/product_tag?post=70085"}],"curies":[{"name":"wp","href":"https:\/\/api.w.org\/{rel}","templated":true}]}}