{"id":70438,"date":"2023-10-17T12:26:27","date_gmt":"2023-10-17T17:26:27","guid":{"rendered":"https:\/\/geneticatricolor.com\/home\/tienda\/sin%20categor\u00eda\/la-siberia-falcao-516-0-t-e\/"},"modified":"2025-07-29T06:11:09","modified_gmt":"2025-07-29T11:11:09","slug":"la-siberia-falcao-516-0-t-e","status":"publish","type":"product","link":"https:\/\/geneticatricolor.com\/home\/tienda\/venta-de-semen\/semen-carne-tropico\/semen-brahmangris\/la-siberia-falcao-516-0-t-e\/","title":{"rendered":"LA SIBERIA FALCAO 516\/0 T.E."},"content":{"rendered":"<p class=\"p1\"><strong>La Siberia Falcao 516\/0<\/strong><\/p>\n<p class=\"p1\">Un toro que hace que nos sintamos orgullosos de nuestro trabajo en mejoramiento gen\u00e9tico por m\u00e1s de 50 a\u00f1os, sin desfallecer. Todas las ganader\u00edas puras buscamos producir un toro raceador importante para la ganaderia\u2026. con Falcao logramos unir quiz\u00e1s las dos caracter\u00edsticas m\u00e1s importantes para la ganader\u00eda c\u00e1rnica moderna: ganancia de peso + balance. Con un tremendo respaldo gen\u00e9tico, hijo de nuestra gran <strong>Ms. LA SIBERIA MS BORIS 297\/4<\/strong> x el emblem\u00e1tico <strong>JDH WOODSON DE MANSO.<\/strong> Falcao es ese toro que resulta f\u00e1cil de programar para cualquier ganadero. <strong>Semen disponible<\/strong>.<\/p>\n","protected":false},"excerpt":{"rendered":"<p>La Siberia Falcao 516\/0 Un toro que hace que nos sintamos orgullosos de nuestro trabajo en mejoramiento gen\u00e9tico por m\u00e1s de 50 a\u00f1os, sin desfallecer. Todas las ganader\u00edas puras buscamos [&hellip;]<\/p>\n","protected":false},"author":1,"featured_media":74550,"comment_status":"open","ping_status":"closed","template":"","meta":{"_acf_changed":false,"inline_featured_image":false,"_monsterinsights_skip_tracking":false,"_monsterinsights_sitenote_active":false,"_monsterinsights_sitenote_note":"","_monsterinsights_sitenote_category":0,"site-sidebar-layout":"default","site-content-layout":"","ast-site-content-layout":"default","site-content-style":"default","site-sidebar-style":"default","ast-global-header-display":"","ast-banner-title-visibility":"","ast-main-header-display":"","ast-hfb-above-header-display":"","ast-hfb-below-header-display":"","ast-hfb-mobile-header-display":"","site-post-title":"","ast-breadcrumbs-content":"","ast-featured-img":"","footer-sml-layout":"","ast-disable-related-posts":"","theme-transparent-header-meta":"default","adv-header-id-meta":"","stick-header-meta":"","header-above-stick-meta":"","header-main-stick-meta":"","header-below-stick-meta":"","astra-migrate-meta-layouts":"set","ast-page-background-enabled":"default","ast-page-background-meta":{"desktop":{"background-color":"var(--ast-global-color-4)","background-image":"","background-repeat":"repeat","background-position":"center center","background-size":"auto","background-attachment":"scroll","background-type":"","background-media":"","overlay-type":"","overlay-color":"","overlay-opacity":"","overlay-gradient":""},"tablet":{"background-color":"","background-image":"","background-repeat":"repeat","background-position":"center center","background-size":"auto","background-attachment":"scroll","background-type":"","background-media":"","overlay-type":"","overlay-color":"","overlay-opacity":"","overlay-gradient":""},"mobile":{"background-color":"","background-image":"","background-repeat":"repeat","background-position":"center center","background-size":"auto","background-attachment":"scroll","background-type":"","background-media":"","overlay-type":"","overlay-color":"","overlay-opacity":"","overlay-gradient":""}},"ast-content-background-meta":{"desktop":{"background-color":"var(--ast-global-color-5)","background-image":"","background-repeat":"repeat","background-position":"center center","background-size":"auto","background-attachment":"scroll","background-type":"","background-media":"","overlay-type":"","overlay-color":"","overlay-opacity":"","overlay-gradient":""},"tablet":{"background-color":"var(--ast-global-color-5)","background-image":"","background-repeat":"repeat","background-position":"center center","background-size":"auto","background-attachment":"scroll","background-type":"","background-media":"","overlay-type":"","overlay-color":"","overlay-opacity":"","overlay-gradient":""},"mobile":{"background-color":"var(--ast-global-color-5)","background-image":"","background-repeat":"repeat","background-position":"center center","background-size":"auto","background-attachment":"scroll","background-type":"","background-media":"","overlay-type":"","overlay-color":"","overlay-opacity":"","overlay-gradient":""}},"jetpack_publicize_message":"","jetpack_publicize_feature_enabled":true,"jetpack_social_post_already_shared":false,"jetpack_social_options":{"image_generator_settings":{"template":"highway","default_image_id":0,"font":"","enabled":false},"version":2}},"product_brand":[],"product_cat":[83],"product_tag":[1035],"class_list":{"0":"post-70438","1":"product","2":"type-product","3":"status-publish","4":"has-post-thumbnail","6":"product_cat-semen-brahmangris","7":"product_tag-certificados-para-exportacion","8":"desktop-align-left","9":"tablet-align-left","10":"mobile-align-left","12":"first","13":"instock","14":"shipping-taxable","15":"product-type-simple"},"acf":{"laboratorio":"","principio_activo":"","indicaciones":"","concentracion":"","dosis_y_modo_de_empleo":"","precauciones":"","tiempo_de_retiro":"","via_de_administracion1":[]},"jetpack_publicize_connections":[],"jetpack_sharing_enabled":true,"_links":{"self":[{"href":"https:\/\/geneticatricolor.com\/home\/wp-json\/wp\/v2\/product\/70438","targetHints":{"allow":["GET"]}}],"collection":[{"href":"https:\/\/geneticatricolor.com\/home\/wp-json\/wp\/v2\/product"}],"about":[{"href":"https:\/\/geneticatricolor.com\/home\/wp-json\/wp\/v2\/types\/product"}],"author":[{"embeddable":true,"href":"https:\/\/geneticatricolor.com\/home\/wp-json\/wp\/v2\/users\/1"}],"replies":[{"embeddable":true,"href":"https:\/\/geneticatricolor.com\/home\/wp-json\/wp\/v2\/comments?post=70438"}],"wp:featuredmedia":[{"embeddable":true,"href":"https:\/\/geneticatricolor.com\/home\/wp-json\/wp\/v2\/media\/74550"}],"wp:attachment":[{"href":"https:\/\/geneticatricolor.com\/home\/wp-json\/wp\/v2\/media?parent=70438"}],"wp:term":[{"taxonomy":"product_brand","embeddable":true,"href":"https:\/\/geneticatricolor.com\/home\/wp-json\/wp\/v2\/product_brand?post=70438"},{"taxonomy":"product_cat","embeddable":true,"href":"https:\/\/geneticatricolor.com\/home\/wp-json\/wp\/v2\/product_cat?post=70438"},{"taxonomy":"product_tag","embeddable":true,"href":"https:\/\/geneticatricolor.com\/home\/wp-json\/wp\/v2\/product_tag?post=70438"}],"curies":[{"name":"wp","href":"https:\/\/api.w.org\/{rel}","templated":true}]}}