{"id":70915,"date":"2023-11-09T09:36:21","date_gmt":"2023-11-09T14:36:21","guid":{"rendered":"https:\/\/geneticatricolor.com\/home\/?post_type=product&#038;p=70915"},"modified":"2025-04-02T17:42:08","modified_gmt":"2025-04-02T22:42:08","slug":"termo-et-20","status":"publish","type":"product","link":"https:\/\/geneticatricolor.com\/home\/tienda\/implementos-ganaderos\/tanques-termos\/tanques-alm\/termo-et-20\/","title":{"rendered":"Termo MVE ET-20"},"content":{"rendered":"<h4>Caracter\u00edsticas principales<\/h4>\n<ul>\n<li>Dise\u00f1ado espec\u00edficamente para uso agr\u00edcola.<\/li>\n<li>Mantiene el nitr\u00f3geno l\u00edquido durante un ciclo de 8 a 12 semanas<\/li>\n<li>Tecnolog\u00eda de vac\u00edo avanzada y m\u00e9todo de uni\u00f3n de cuello<\/li>\n<li>Bajo consumo de nitr\u00f3geno l\u00edquido<\/li>\n<\/ul>\n<h4>Especificaciones<\/h4>\n<ul>\n<li>M\u00e1xima capacidad de almacenamiento<\/li>\n<li>No de canister 6<\/li>\n<li>No de pajillas de 0.5 ml (10 \/ bast\u00f3n) 1296<\/li>\n<li>Capacidad LN2 sin inventario L est 20.5<\/li>\n<li>Velocidad de evaporaci\u00f3n est\u00e1tica L \/ d\u00eda 0,115<\/li>\n<li>Duraci\u00f3n de trabajo (d\u00edas completos) 178<\/li>\n<li>Dimensiones de la unidad<\/li>\n<li>Abertura del cuello en (mm 55)<\/li>\n<li>Sobre Altura en (mm 627)Di\u00e1metro exterior en (mm 368)<\/li>\n<li>Altura del recipiente en (mm 279)<\/li>\n<li>Di\u00e1metro del recipiente en (mm 38)<\/li>\n<li>Peso vac\u00edo lb (kg 9.6)<\/li>\n<li>Peso L\u00edquido completo lb (kg 26)<\/li>\n<\/ul>\n<div id=\"gt-res-content\">\n<h6 id=\"gt-res-dir-ctr\" class=\"trans-verified-button-small\" dir=\"ltr\"><span id=\"result_box\" class=\"\" lang=\"es\"><span class=\"\">*La tasa de evaporaci\u00f3n est\u00e1tica y el tiempo de retenci\u00f3n est\u00e1tico son nominales.<\/span> <span class=\"\">La tasa real y el tiempo de retenci\u00f3n se ver\u00e1n afectados por el uso del contenedor, las condiciones atmosf\u00e9ricas y las tolerancias de fabricaci\u00f3n.<\/span><br \/>\n** Duraci\u00f3n de trabajo es una referencia arbitraria, para estimar el rendimiento del contenedor en condiciones normales de operaci\u00f3n en almacenamiento de l\u00edquidos. El tiempo de trabajo real puede variar debido a las condiciones atmosf\u00e9ricas actuales, el historial del contenedor, las tolerancias de fabricaci\u00f3n y los patrones de uso.<\/span><\/h6>\n<\/div>\n","protected":false},"excerpt":{"rendered":"<p>Caracter\u00edsticas principales Dise\u00f1ado espec\u00edficamente para uso agr\u00edcola. Mantiene el nitr\u00f3geno l\u00edquido durante un ciclo de 8 a 12 semanas Tecnolog\u00eda de vac\u00edo avanzada y m\u00e9todo de uni\u00f3n de cuello Bajo [&hellip;]<\/p>\n","protected":false},"author":1,"featured_media":70917,"comment_status":"open","ping_status":"closed","template":"","meta":{"_acf_changed":false,"inline_featured_image":false,"_monsterinsights_skip_tracking":false,"_monsterinsights_sitenote_active":false,"_monsterinsights_sitenote_note":"","_monsterinsights_sitenote_category":0,"site-sidebar-layout":"default","site-content-layout":"default","ast-site-content-layout":"default","site-content-style":"default","site-sidebar-style":"default","ast-global-header-display":"","ast-banner-title-visibility":"","ast-main-header-display":"","ast-hfb-above-header-display":"","ast-hfb-below-header-display":"","ast-hfb-mobile-header-display":"","site-post-title":"","ast-breadcrumbs-content":"","ast-featured-img":"","footer-sml-layout":"","ast-disable-related-posts":"","theme-transparent-header-meta":"default","adv-header-id-meta":"","stick-header-meta":"","header-above-stick-meta":"","header-main-stick-meta":"","header-below-stick-meta":"","astra-migrate-meta-layouts":"set","ast-page-background-enabled":"default","ast-page-background-meta":{"desktop":{"background-color":"var(--ast-global-color-4)","background-image":"","background-repeat":"repeat","background-position":"center center","background-size":"auto","background-attachment":"scroll","background-type":"","background-media":"","overlay-type":"","overlay-color":"","overlay-opacity":"","overlay-gradient":""},"tablet":{"background-color":"","background-image":"","background-repeat":"repeat","background-position":"center center","background-size":"auto","background-attachment":"scroll","background-type":"","background-media":"","overlay-type":"","overlay-color":"","overlay-opacity":"","overlay-gradient":""},"mobile":{"background-color":"","background-image":"","background-repeat":"repeat","background-position":"center center","background-size":"auto","background-attachment":"scroll","background-type":"","background-media":"","overlay-type":"","overlay-color":"","overlay-opacity":"","overlay-gradient":""}},"ast-content-background-meta":{"desktop":{"background-color":"var(--ast-global-color-5)","background-image":"","background-repeat":"repeat","background-position":"center center","background-size":"auto","background-attachment":"scroll","background-type":"","background-media":"","overlay-type":"","overlay-color":"","overlay-opacity":"","overlay-gradient":""},"tablet":{"background-color":"var(--ast-global-color-5)","background-image":"","background-repeat":"repeat","background-position":"center center","background-size":"auto","background-attachment":"scroll","background-type":"","background-media":"","overlay-type":"","overlay-color":"","overlay-opacity":"","overlay-gradient":""},"mobile":{"background-color":"var(--ast-global-color-5)","background-image":"","background-repeat":"repeat","background-position":"center center","background-size":"auto","background-attachment":"scroll","background-type":"","background-media":"","overlay-type":"","overlay-color":"","overlay-opacity":"","overlay-gradient":""}},"jetpack_publicize_message":"","jetpack_publicize_feature_enabled":true,"jetpack_social_post_already_shared":true,"jetpack_social_options":{"image_generator_settings":{"template":"highway","default_image_id":0,"font":"","enabled":false},"version":2}},"product_brand":[],"product_cat":[507],"product_tag":[],"class_list":{"0":"post-70915","1":"product","2":"type-product","3":"status-publish","4":"has-post-thumbnail","6":"product_cat-tanques-alm","7":"desktop-align-left","8":"tablet-align-left","9":"mobile-align-left","11":"first","12":"instock","13":"featured","14":"shipping-taxable","15":"product-type-simple"},"acf":{"laboratorio":"","principio_activo":"","indicaciones":"","concentracion":"","dosis_y_modo_de_empleo":"","precauciones":"","tiempo_de_retiro":"","via_de_administracion1":[""]},"jetpack_publicize_connections":[],"jetpack_sharing_enabled":true,"_links":{"self":[{"href":"https:\/\/geneticatricolor.com\/home\/wp-json\/wp\/v2\/product\/70915","targetHints":{"allow":["GET"]}}],"collection":[{"href":"https:\/\/geneticatricolor.com\/home\/wp-json\/wp\/v2\/product"}],"about":[{"href":"https:\/\/geneticatricolor.com\/home\/wp-json\/wp\/v2\/types\/product"}],"author":[{"embeddable":true,"href":"https:\/\/geneticatricolor.com\/home\/wp-json\/wp\/v2\/users\/1"}],"replies":[{"embeddable":true,"href":"https:\/\/geneticatricolor.com\/home\/wp-json\/wp\/v2\/comments?post=70915"}],"wp:featuredmedia":[{"embeddable":true,"href":"https:\/\/geneticatricolor.com\/home\/wp-json\/wp\/v2\/media\/70917"}],"wp:attachment":[{"href":"https:\/\/geneticatricolor.com\/home\/wp-json\/wp\/v2\/media?parent=70915"}],"wp:term":[{"taxonomy":"product_brand","embeddable":true,"href":"https:\/\/geneticatricolor.com\/home\/wp-json\/wp\/v2\/product_brand?post=70915"},{"taxonomy":"product_cat","embeddable":true,"href":"https:\/\/geneticatricolor.com\/home\/wp-json\/wp\/v2\/product_cat?post=70915"},{"taxonomy":"product_tag","embeddable":true,"href":"https:\/\/geneticatricolor.com\/home\/wp-json\/wp\/v2\/product_tag?post=70915"}],"curies":[{"name":"wp","href":"https:\/\/api.w.org\/{rel}","templated":true}]}}