{"id":70966,"date":"2023-12-08T18:08:11","date_gmt":"2023-12-08T23:08:11","guid":{"rendered":"https:\/\/geneticatricolor.com\/home\/tienda\/sin%20categor\u00eda\/manantials-carmen-t-e\/"},"modified":"2026-02-13T03:14:29","modified_gmt":"2026-02-13T08:14:29","slug":"manantials-carmen-t-e","status":"publish","type":"product","link":"https:\/\/geneticatricolor.com\/home\/tienda\/donadoras-de-embriones\/donadoras-gyr\/manantials-carmen-t-e\/","title":{"rendered":"MANANTIALES CARMEN"},"content":{"rendered":"<h1>Informaci\u00f3n General<\/h1>\n<ul>\n<li><strong>Lactancia:<\/strong> Tiene una proyecci\u00f3n de 4776 litros en un periodo de 305 d\u00edas.<\/li>\n<li><strong>Pico de Producci\u00f3n Oficial:<\/strong> 27.8 litros.<\/li>\n<li><strong>N\u00famero de Lactancia:<\/strong> 2.<\/li>\n<li><strong>Clasificaci\u00f3n:<\/strong> B+86<\/li>\n<\/ul>\n<h2>Caracter\u00edsticas<\/h2>\n<ul>\n<li style=\"list-style-type: none;\">\n<ul>\n<li><strong>Velocidad de orde\u00f1o:<\/strong> Vaca que se orde\u00f1a f\u00e1cilmente en corto tiempo siendo ideal para lecher\u00edas tropicales especializadas.<\/li>\n<li><strong>Volumen de Producci\u00f3n:<\/strong> Vaca de alto potencial gen\u00e9tico en producci\u00f3n.<\/li>\n<li><strong>Beta-Cas\u00e9ina A2A2:<\/strong> Se\u00f1ala las vacas que producen una variante espec\u00edfica de beta-cas\u00e9ina, considerada m\u00e1s beneficiosa.<\/li>\n<li><strong>Ubre de Calidad: <\/strong> Vaca de excelente conformaci\u00f3n de la ubre, crucial para la salud y la producci\u00f3n de leche<\/li>\n<\/ul>\n<\/li>\n<\/ul>\n","protected":false},"excerpt":{"rendered":"<p>Informaci\u00f3n General Lactancia: Tiene una proyecci\u00f3n de 4776 litros en un periodo de 305 d\u00edas. Pico de Producci\u00f3n Oficial: 27.8 litros. N\u00famero de Lactancia: 2. Clasificaci\u00f3n: B+86 Caracter\u00edsticas Velocidad de [&hellip;]<\/p>\n","protected":false},"author":1,"featured_media":79026,"comment_status":"open","ping_status":"closed","template":"","meta":{"_acf_changed":false,"inline_featured_image":false,"_monsterinsights_skip_tracking":false,"_monsterinsights_sitenote_active":false,"_monsterinsights_sitenote_note":"","_monsterinsights_sitenote_category":0,"site-sidebar-layout":"default","site-content-layout":"","ast-site-content-layout":"default","site-content-style":"default","site-sidebar-style":"default","ast-global-header-display":"","ast-banner-title-visibility":"","ast-main-header-display":"","ast-hfb-above-header-display":"","ast-hfb-below-header-display":"","ast-hfb-mobile-header-display":"","site-post-title":"","ast-breadcrumbs-content":"","ast-featured-img":"","footer-sml-layout":"","ast-disable-related-posts":"","theme-transparent-header-meta":"default","adv-header-id-meta":"","stick-header-meta":"","header-above-stick-meta":"","header-main-stick-meta":"","header-below-stick-meta":"","astra-migrate-meta-layouts":"set","ast-page-background-enabled":"default","ast-page-background-meta":{"desktop":{"background-color":"var(--ast-global-color-4)","background-image":"","background-repeat":"repeat","background-position":"center center","background-size":"auto","background-attachment":"scroll","background-type":"","background-media":"","overlay-type":"","overlay-color":"","overlay-opacity":"","overlay-gradient":""},"tablet":{"background-color":"","background-image":"","background-repeat":"repeat","background-position":"center center","background-size":"auto","background-attachment":"scroll","background-type":"","background-media":"","overlay-type":"","overlay-color":"","overlay-opacity":"","overlay-gradient":""},"mobile":{"background-color":"","background-image":"","background-repeat":"repeat","background-position":"center center","background-size":"auto","background-attachment":"scroll","background-type":"","background-media":"","overlay-type":"","overlay-color":"","overlay-opacity":"","overlay-gradient":""}},"ast-content-background-meta":{"desktop":{"background-color":"var(--ast-global-color-5)","background-image":"","background-repeat":"repeat","background-position":"center center","background-size":"auto","background-attachment":"scroll","background-type":"","background-media":"","overlay-type":"","overlay-color":"","overlay-opacity":"","overlay-gradient":""},"tablet":{"background-color":"var(--ast-global-color-5)","background-image":"","background-repeat":"repeat","background-position":"center center","background-size":"auto","background-attachment":"scroll","background-type":"","background-media":"","overlay-type":"","overlay-color":"","overlay-opacity":"","overlay-gradient":""},"mobile":{"background-color":"var(--ast-global-color-5)","background-image":"","background-repeat":"repeat","background-position":"center center","background-size":"auto","background-attachment":"scroll","background-type":"","background-media":"","overlay-type":"","overlay-color":"","overlay-opacity":"","overlay-gradient":""}},"jetpack_publicize_message":"","jetpack_publicize_feature_enabled":true,"jetpack_social_post_already_shared":true,"jetpack_social_options":{"image_generator_settings":{"template":"highway","default_image_id":0,"font":"","enabled":false},"version":2}},"product_brand":[],"product_cat":[772],"product_tag":[1139,1143,1144,1140],"class_list":{"0":"post-70966","1":"product","2":"type-product","3":"status-publish","4":"has-post-thumbnail","6":"product_cat-donadoras-gyr","7":"product_tag-beta-caseina-a2a2","8":"product_tag-ubre-de-calidad","9":"product_tag-velocidad-de-ordeno","10":"product_tag-volumen-de-produccion","11":"pa_tipo-de-embrion-prenez-aspiracion","12":"pa_tipo-de-embrion-prenez-cria-viva","13":"pa_tipo-de-embrion-prenez-embrion-congelado","14":"pa_tipo-de-embrion-prenez-embriones-frescos","15":"pa_tipo-de-embrion-prenez-preneces-en-sus-receptoras","16":"pa_tipo-de-embrion-prenez-receptoras-prenadas","17":"desktop-align-left","18":"tablet-align-left","19":"mobile-align-left","21":"first","22":"instock","23":"shipping-taxable","24":"purchasable","25":"product-type-variable"},"acf":{"laboratorio":"","principio_activo":"","indicaciones":"","concentracion":"","dosis_y_modo_de_empleo":"","precauciones":"","tiempo_de_retiro":"","via_de_administracion1":[]},"jetpack_publicize_connections":[],"jetpack_sharing_enabled":true,"_links":{"self":[{"href":"https:\/\/geneticatricolor.com\/home\/wp-json\/wp\/v2\/product\/70966","targetHints":{"allow":["GET"]}}],"collection":[{"href":"https:\/\/geneticatricolor.com\/home\/wp-json\/wp\/v2\/product"}],"about":[{"href":"https:\/\/geneticatricolor.com\/home\/wp-json\/wp\/v2\/types\/product"}],"author":[{"embeddable":true,"href":"https:\/\/geneticatricolor.com\/home\/wp-json\/wp\/v2\/users\/1"}],"replies":[{"embeddable":true,"href":"https:\/\/geneticatricolor.com\/home\/wp-json\/wp\/v2\/comments?post=70966"}],"wp:featuredmedia":[{"embeddable":true,"href":"https:\/\/geneticatricolor.com\/home\/wp-json\/wp\/v2\/media\/79026"}],"wp:attachment":[{"href":"https:\/\/geneticatricolor.com\/home\/wp-json\/wp\/v2\/media?parent=70966"}],"wp:term":[{"taxonomy":"product_brand","embeddable":true,"href":"https:\/\/geneticatricolor.com\/home\/wp-json\/wp\/v2\/product_brand?post=70966"},{"taxonomy":"product_cat","embeddable":true,"href":"https:\/\/geneticatricolor.com\/home\/wp-json\/wp\/v2\/product_cat?post=70966"},{"taxonomy":"product_tag","embeddable":true,"href":"https:\/\/geneticatricolor.com\/home\/wp-json\/wp\/v2\/product_tag?post=70966"}],"curies":[{"name":"wp","href":"https:\/\/api.w.org\/{rel}","templated":true}]}}