{"id":71081,"date":"2024-01-12T17:20:12","date_gmt":"2024-01-12T22:20:12","guid":{"rendered":"https:\/\/geneticatricolor.com\/home\/?post_type=product&#038;p=71081"},"modified":"2025-03-17T13:14:21","modified_gmt":"2025-03-17T18:14:21","slug":"acid-lac","status":"publish","type":"product","link":"https:\/\/geneticatricolor.com\/home\/tienda\/farmacia-veterinaria\/detergentes\/acid-lac\/","title":{"rendered":"Acid LAC"},"content":{"rendered":"","protected":false},"excerpt":{"rendered":"","protected":false},"author":1,"featured_media":71084,"comment_status":"open","ping_status":"closed","template":"","meta":{"_acf_changed":false,"inline_featured_image":false,"_monsterinsights_skip_tracking":false,"_monsterinsights_sitenote_active":false,"_monsterinsights_sitenote_note":"","_monsterinsights_sitenote_category":0,"site-sidebar-layout":"default","site-content-layout":"","ast-site-content-layout":"default","site-content-style":"default","site-sidebar-style":"default","ast-global-header-display":"","ast-banner-title-visibility":"","ast-main-header-display":"","ast-hfb-above-header-display":"","ast-hfb-below-header-display":"","ast-hfb-mobile-header-display":"","site-post-title":"","ast-breadcrumbs-content":"","ast-featured-img":"","footer-sml-layout":"","ast-disable-related-posts":"","theme-transparent-header-meta":"default","adv-header-id-meta":"","stick-header-meta":"","header-above-stick-meta":"","header-main-stick-meta":"","header-below-stick-meta":"","astra-migrate-meta-layouts":"set","ast-page-background-enabled":"default","ast-page-background-meta":{"desktop":{"background-color":"var(--ast-global-color-4)","background-image":"","background-repeat":"repeat","background-position":"center center","background-size":"auto","background-attachment":"scroll","background-type":"","background-media":"","overlay-type":"","overlay-color":"","overlay-opacity":"","overlay-gradient":""},"tablet":{"background-color":"","background-image":"","background-repeat":"repeat","background-position":"center center","background-size":"auto","background-attachment":"scroll","background-type":"","background-media":"","overlay-type":"","overlay-color":"","overlay-opacity":"","overlay-gradient":""},"mobile":{"background-color":"","background-image":"","background-repeat":"repeat","background-position":"center center","background-size":"auto","background-attachment":"scroll","background-type":"","background-media":"","overlay-type":"","overlay-color":"","overlay-opacity":"","overlay-gradient":""}},"ast-content-background-meta":{"desktop":{"background-color":"var(--ast-global-color-5)","background-image":"","background-repeat":"repeat","background-position":"center center","background-size":"auto","background-attachment":"scroll","background-type":"","background-media":"","overlay-type":"","overlay-color":"","overlay-opacity":"","overlay-gradient":""},"tablet":{"background-color":"var(--ast-global-color-5)","background-image":"","background-repeat":"repeat","background-position":"center center","background-size":"auto","background-attachment":"scroll","background-type":"","background-media":"","overlay-type":"","overlay-color":"","overlay-opacity":"","overlay-gradient":""},"mobile":{"background-color":"var(--ast-global-color-5)","background-image":"","background-repeat":"repeat","background-position":"center center","background-size":"auto","background-attachment":"scroll","background-type":"","background-media":"","overlay-type":"","overlay-color":"","overlay-opacity":"","overlay-gradient":""}},"jetpack_publicize_message":"","jetpack_publicize_feature_enabled":true,"jetpack_social_post_already_shared":true,"jetpack_social_options":{"image_generator_settings":{"template":"highway","default_image_id":0,"font":"","enabled":false},"version":2}},"product_brand":[],"product_cat":[1001],"product_tag":[],"class_list":{"0":"post-71081","1":"product","2":"type-product","3":"status-publish","4":"has-post-thumbnail","6":"product_cat-detergentes","7":"desktop-align-left","8":"tablet-align-left","9":"mobile-align-left","11":"first","12":"instock","13":"shipping-taxable","14":"purchasable","15":"product-type-variable"},"acf":{"laboratorio":"Carval","principio_activo":"\u00c1cidos Minerales Inhibidos 37 %<br>Surfactantes 1,1%<br> Inhibidores de Corrosi\u00f3n 0,2% <br>Ingredientes Inertes 5.7%","indicaciones":"ACID LAC es un producto detergente, \u00e1cido, l\u00edquido de baja espuma, altamente concentrado, con base en tensoactivos y secuestrantes de mugre, en forma balanceada. ACID LAC est\u00e1 indicado para impedir la formaci\u00f3n de piedra de leche en procesadoras l\u00e1cteas y en general, para el lavado \u00e1cido en sistemas por circulaci\u00f3n, como pasteurizadoras, equipos mec\u00e1nicos de orde\u00f1o, empacadoras, embotelladoras, etc. ACID LAC controla minerales de aguas duras y su enjuague es f\u00e1cil de realizar.","concentracion":"","dosis_y_modo_de_empleo":"ACID LAC tiene una soluci\u00f3n de uso est\u00e1ndar, de una parte del producto por cada 160 partes de agua, equivalente a una concentraci\u00f3n con base en volumen del 0.62%. Como recomendaci\u00f3n especializada, seg\u00fan las caracter\u00edsticas de dureza del agua, c\u00ed\u00f1ase a la siguiente tabla:\n \n \n \n Concentraci\u00f3n de ACID LAC con base en volumen %\n \n Aguas Blandas 0,5 (5 mL por Litro)\n \n Aguas Semiduras 0,62 (6,2 mL por Litro)\n \n Aguas Duras 1 (10 mL por Litro)\n \n \n \n Para el lavado \u00e1cido de pasteurizadoras HTST, se recomienda una concentraci\u00f3n con base en volumen 3 a 4% seg\u00fan el tiempo de retenci\u00f3n de la leche y el volumen de leche a pasteurizar en el d\u00eda. Recircule el producto en el momento el lavado, por espacio de 30 minutos. El tiempo de recirculaci\u00f3n para equipos mec\u00e1nicos de orde\u00f1o, deber\u00e1 ser de 10 o 15 minutos","precauciones":"Material corrosivo. Utilizar elementos de protecci\u00f3n personal para la manipulaci\u00f3n del producto. En caso de derrame, enjuague con abundante agua. Mant\u00e9ngase fuera del alcance de los ni\u00f1os","tiempo_de_retiro":"","via_de_administracion1":[""]},"jetpack_publicize_connections":[],"jetpack_sharing_enabled":true,"_links":{"self":[{"href":"https:\/\/geneticatricolor.com\/home\/wp-json\/wp\/v2\/product\/71081","targetHints":{"allow":["GET"]}}],"collection":[{"href":"https:\/\/geneticatricolor.com\/home\/wp-json\/wp\/v2\/product"}],"about":[{"href":"https:\/\/geneticatricolor.com\/home\/wp-json\/wp\/v2\/types\/product"}],"author":[{"embeddable":true,"href":"https:\/\/geneticatricolor.com\/home\/wp-json\/wp\/v2\/users\/1"}],"replies":[{"embeddable":true,"href":"https:\/\/geneticatricolor.com\/home\/wp-json\/wp\/v2\/comments?post=71081"}],"wp:featuredmedia":[{"embeddable":true,"href":"https:\/\/geneticatricolor.com\/home\/wp-json\/wp\/v2\/media\/71084"}],"wp:attachment":[{"href":"https:\/\/geneticatricolor.com\/home\/wp-json\/wp\/v2\/media?parent=71081"}],"wp:term":[{"taxonomy":"product_brand","embeddable":true,"href":"https:\/\/geneticatricolor.com\/home\/wp-json\/wp\/v2\/product_brand?post=71081"},{"taxonomy":"product_cat","embeddable":true,"href":"https:\/\/geneticatricolor.com\/home\/wp-json\/wp\/v2\/product_cat?post=71081"},{"taxonomy":"product_tag","embeddable":true,"href":"https:\/\/geneticatricolor.com\/home\/wp-json\/wp\/v2\/product_tag?post=71081"}],"curies":[{"name":"wp","href":"https:\/\/api.w.org\/{rel}","templated":true}]}}