{"id":71670,"date":"2024-03-09T14:06:56","date_gmt":"2024-03-09T19:06:56","guid":{"rendered":"https:\/\/geneticatricolor.com\/home\/tienda\/sin%20categor\u00eda\/a-z-5\/"},"modified":"2025-03-17T13:14:28","modified_gmt":"2025-03-17T18:14:28","slug":"a-z-5","status":"publish","type":"product","link":"https:\/\/geneticatricolor.com\/home\/tienda\/farmacia-veterinaria\/multivitaminicos\/a-z-5\/","title":{"rendered":"A-Z-5"},"content":{"rendered":"<p>Prevenci\u00f3n y tratamiento de hipocalcemias, hipomagnesemias, hipofosfatemias, afosforosis, hipocuprosis y raquitismo. Mejoramiento de la fertilidad y actividad sexual de los machos, regularizaci\u00f3n de los celos, prevenci\u00f3n de abortos. Aumento de la producci\u00f3n l\u00e1ctea, activaci\u00f3n del crecimiento y desarrollo. Recuperaci\u00f3n de animales convalecientes y desnutridos. Elevaci\u00f3n de las defensas naturales e incremento de la respuesta inmunitaria.<\/p>\n","protected":false},"excerpt":{"rendered":"<p>Prevenci\u00f3n y tratamiento de hipocalcemias, hipomagnesemias, hipofosfatemias, afosforosis, hipocuprosis y raquitismo. Mejoramiento de la fertilidad y actividad sexual de los machos, regularizaci\u00f3n de los celos, prevenci\u00f3n de abortos. Aumento de [&hellip;]<\/p>\n","protected":false},"author":1,"featured_media":71667,"comment_status":"open","ping_status":"closed","template":"","meta":{"_acf_changed":false,"inline_featured_image":false,"_monsterinsights_skip_tracking":false,"_monsterinsights_sitenote_active":false,"_monsterinsights_sitenote_note":"","_monsterinsights_sitenote_category":0,"site-sidebar-layout":"default","site-content-layout":"","ast-site-content-layout":"default","site-content-style":"default","site-sidebar-style":"default","ast-global-header-display":"","ast-banner-title-visibility":"","ast-main-header-display":"","ast-hfb-above-header-display":"","ast-hfb-below-header-display":"","ast-hfb-mobile-header-display":"","site-post-title":"","ast-breadcrumbs-content":"","ast-featured-img":"","footer-sml-layout":"","ast-disable-related-posts":"","theme-transparent-header-meta":"default","adv-header-id-meta":"","stick-header-meta":"","header-above-stick-meta":"","header-main-stick-meta":"","header-below-stick-meta":"","astra-migrate-meta-layouts":"set","ast-page-background-enabled":"default","ast-page-background-meta":{"desktop":{"background-color":"var(--ast-global-color-4)","background-image":"","background-repeat":"repeat","background-position":"center center","background-size":"auto","background-attachment":"scroll","background-type":"","background-media":"","overlay-type":"","overlay-color":"","overlay-opacity":"","overlay-gradient":""},"tablet":{"background-color":"","background-image":"","background-repeat":"repeat","background-position":"center center","background-size":"auto","background-attachment":"scroll","background-type":"","background-media":"","overlay-type":"","overlay-color":"","overlay-opacity":"","overlay-gradient":""},"mobile":{"background-color":"","background-image":"","background-repeat":"repeat","background-position":"center center","background-size":"auto","background-attachment":"scroll","background-type":"","background-media":"","overlay-type":"","overlay-color":"","overlay-opacity":"","overlay-gradient":""}},"ast-content-background-meta":{"desktop":{"background-color":"var(--ast-global-color-5)","background-image":"","background-repeat":"repeat","background-position":"center center","background-size":"auto","background-attachment":"scroll","background-type":"","background-media":"","overlay-type":"","overlay-color":"","overlay-opacity":"","overlay-gradient":""},"tablet":{"background-color":"var(--ast-global-color-5)","background-image":"","background-repeat":"repeat","background-position":"center center","background-size":"auto","background-attachment":"scroll","background-type":"","background-media":"","overlay-type":"","overlay-color":"","overlay-opacity":"","overlay-gradient":""},"mobile":{"background-color":"var(--ast-global-color-5)","background-image":"","background-repeat":"repeat","background-position":"center center","background-size":"auto","background-attachment":"scroll","background-type":"","background-media":"","overlay-type":"","overlay-color":"","overlay-opacity":"","overlay-gradient":""}},"jetpack_publicize_message":"","jetpack_publicize_feature_enabled":true,"jetpack_social_post_already_shared":true,"jetpack_social_options":{"image_generator_settings":{"template":"highway","default_image_id":0,"font":"","enabled":false},"version":2}},"product_brand":[],"product_cat":[958],"product_tag":[],"class_list":{"0":"post-71670","1":"product","2":"type-product","3":"status-publish","4":"has-post-thumbnail","6":"product_cat-multivitaminicos","7":"desktop-align-left","8":"tablet-align-left","9":"mobile-align-left","11":"first","12":"instock","13":"shipping-taxable","14":"purchasable","15":"product-type-variable"},"acf":{"laboratorio":"","principio_activo":"","indicaciones":"","concentracion":"Hipofosfito de Magnesio hexahidrato  10,000 g\r\nCloruro de Calcio dihidrato           3,300 g\r\nGluconato de Cobalto                  0,320 g\r\nGluconato de Cobre                    0,440 g\r\nIodo                                  0,375 g\r\nVitamina D                     30.000.000 U.I\r\nExcipientes c.s.p                  100,000 ml","dosis_y_modo_de_empleo":"Aplicar por v\u00eda intramuscular o subcut\u00e1nea.\r\n\r\nBovinos y equinos adultos: 10 a 20 ml.\r\nPotrillos, ovinos y porcinos adultos: 5 a 10 ml.\r\nCorderos y lechones: 1 a 5 ml.\r\nAplicar por v\u00eda intramuscular o subcut\u00e1nea.","precauciones":"","tiempo_de_retiro":"No tiene","via_de_administracion1":["Via subcut\u00e1nea","Via intramuscular"]},"jetpack_publicize_connections":[],"jetpack_sharing_enabled":true,"_links":{"self":[{"href":"https:\/\/geneticatricolor.com\/home\/wp-json\/wp\/v2\/product\/71670","targetHints":{"allow":["GET"]}}],"collection":[{"href":"https:\/\/geneticatricolor.com\/home\/wp-json\/wp\/v2\/product"}],"about":[{"href":"https:\/\/geneticatricolor.com\/home\/wp-json\/wp\/v2\/types\/product"}],"author":[{"embeddable":true,"href":"https:\/\/geneticatricolor.com\/home\/wp-json\/wp\/v2\/users\/1"}],"replies":[{"embeddable":true,"href":"https:\/\/geneticatricolor.com\/home\/wp-json\/wp\/v2\/comments?post=71670"}],"wp:featuredmedia":[{"embeddable":true,"href":"https:\/\/geneticatricolor.com\/home\/wp-json\/wp\/v2\/media\/71667"}],"wp:attachment":[{"href":"https:\/\/geneticatricolor.com\/home\/wp-json\/wp\/v2\/media?parent=71670"}],"wp:term":[{"taxonomy":"product_brand","embeddable":true,"href":"https:\/\/geneticatricolor.com\/home\/wp-json\/wp\/v2\/product_brand?post=71670"},{"taxonomy":"product_cat","embeddable":true,"href":"https:\/\/geneticatricolor.com\/home\/wp-json\/wp\/v2\/product_cat?post=71670"},{"taxonomy":"product_tag","embeddable":true,"href":"https:\/\/geneticatricolor.com\/home\/wp-json\/wp\/v2\/product_tag?post=71670"}],"curies":[{"name":"wp","href":"https:\/\/api.w.org\/{rel}","templated":true}]}}