{"id":71772,"date":"2024-03-18T15:32:38","date_gmt":"2024-03-18T20:32:38","guid":{"rendered":"https:\/\/geneticatricolor.com\/home\/tienda\/sin%20categor\u00eda\/novillas-prenadas\/"},"modified":"2025-04-04T16:09:50","modified_gmt":"2025-04-04T21:09:50","slug":"novillas-prenadas","status":"publish","type":"product","link":"https:\/\/geneticatricolor.com\/home\/tienda\/ganado-en-venta\/novillas\/novillas-prenadas\/","title":{"rendered":"Novillas Pre\u00f1adas"},"content":{"rendered":"<p>Girolandas plus Pre\u00f1adas de embrion Girolando Plus (13 millones c\/u)<\/p>\n<p>030\/22 Recoil x Exponente<br \/>\n15\/03\/2024 83 d\u00edas<br \/>\nEmbri\u00f3n Girolando Plus Odana x Ph Uisque<\/p>\n<p>052\/22 Recoil x Juanes<br \/>\n15\/03\/24 125d\u00edas<br \/>\nEmbri\u00f3n Girolando Plus Odana x Sansao x Dalton<\/p>\n<p>070\/22 Recoil x Gabinete<br \/>\n15\/03\/2023 83 d\u00edas<br \/>\nEmbri\u00f3n Girolando Plus Odana x Sansao x Dalton<\/p>\n<p>074\/22 Recoil x Exponente<br \/>\n15\/03\/2024 125 dias<br \/>\nEmbri\u00f3n Girolando Plus Odana x Sansao x Dalton<\/p>\n<p>072\/22 Recoil x Gabinete<br \/>\n15\/03\/2024 62 d\u00edas<br \/>\nEmbri\u00f3n Girolando plus Renegade x Sarahido &#8211; Sansao<\/p>\n<p>Girolandas plus Pre\u00f1adas de embrion Girolando Plus (15 millones)<\/p>\n<p>032\/22 Recoil x Sansao x Radar (pre\u00f1ada de puro Escalado x Saltina &#8211; Sarahido &#8211; Sansao 190 d\u00edas de gestaci\u00f3n)<br \/>\n15\/03\/2024<\/p>\n","protected":false},"excerpt":{"rendered":"<p>Girolandas plus Pre\u00f1adas de embrion Girolando Plus (13 millones c\/u) 030\/22 Recoil x Exponente 15\/03\/2024 83 d\u00edas Embri\u00f3n Girolando Plus Odana x Ph Uisque 052\/22 Recoil x Juanes 15\/03\/24 125d\u00edas [&hellip;]<\/p>\n","protected":false},"author":1,"featured_media":71771,"comment_status":"open","ping_status":"closed","template":"","meta":{"_acf_changed":false,"inline_featured_image":false,"_monsterinsights_skip_tracking":false,"_monsterinsights_sitenote_active":false,"_monsterinsights_sitenote_note":"","_monsterinsights_sitenote_category":0,"site-sidebar-layout":"default","site-content-layout":"","ast-site-content-layout":"default","site-content-style":"default","site-sidebar-style":"default","ast-global-header-display":"","ast-banner-title-visibility":"","ast-main-header-display":"","ast-hfb-above-header-display":"","ast-hfb-below-header-display":"","ast-hfb-mobile-header-display":"","site-post-title":"","ast-breadcrumbs-content":"","ast-featured-img":"","footer-sml-layout":"","ast-disable-related-posts":"","theme-transparent-header-meta":"default","adv-header-id-meta":"","stick-header-meta":"","header-above-stick-meta":"","header-main-stick-meta":"","header-below-stick-meta":"","astra-migrate-meta-layouts":"set","ast-page-background-enabled":"default","ast-page-background-meta":{"desktop":{"background-color":"var(--ast-global-color-4)","background-image":"","background-repeat":"repeat","background-position":"center center","background-size":"auto","background-attachment":"scroll","background-type":"","background-media":"","overlay-type":"","overlay-color":"","overlay-opacity":"","overlay-gradient":""},"tablet":{"background-color":"","background-image":"","background-repeat":"repeat","background-position":"center center","background-size":"auto","background-attachment":"scroll","background-type":"","background-media":"","overlay-type":"","overlay-color":"","overlay-opacity":"","overlay-gradient":""},"mobile":{"background-color":"","background-image":"","background-repeat":"repeat","background-position":"center center","background-size":"auto","background-attachment":"scroll","background-type":"","background-media":"","overlay-type":"","overlay-color":"","overlay-opacity":"","overlay-gradient":""}},"ast-content-background-meta":{"desktop":{"background-color":"var(--ast-global-color-5)","background-image":"","background-repeat":"repeat","background-position":"center center","background-size":"auto","background-attachment":"scroll","background-type":"","background-media":"","overlay-type":"","overlay-color":"","overlay-opacity":"","overlay-gradient":""},"tablet":{"background-color":"var(--ast-global-color-5)","background-image":"","background-repeat":"repeat","background-position":"center center","background-size":"auto","background-attachment":"scroll","background-type":"","background-media":"","overlay-type":"","overlay-color":"","overlay-opacity":"","overlay-gradient":""},"mobile":{"background-color":"var(--ast-global-color-5)","background-image":"","background-repeat":"repeat","background-position":"center center","background-size":"auto","background-attachment":"scroll","background-type":"","background-media":"","overlay-type":"","overlay-color":"","overlay-opacity":"","overlay-gradient":""}},"jetpack_publicize_message":"","jetpack_publicize_feature_enabled":true,"jetpack_social_post_already_shared":true,"jetpack_social_options":{"image_generator_settings":{"template":"highway","default_image_id":0,"font":"","enabled":false},"version":2}},"product_brand":[],"product_cat":[963],"product_tag":[1014],"class_list":{"0":"post-71772","1":"product","2":"type-product","3":"status-publish","4":"has-post-thumbnail","6":"product_cat-novillas","7":"product_tag-gyrolando-plus","8":"pa_comercial-puro-puro_registrado","9":"pa_ubicacion-risaralda","10":"desktop-align-left","11":"tablet-align-left","12":"mobile-align-left","14":"first","15":"instock","16":"shipping-taxable","17":"product-type-simple"},"acf":{"laboratorio":"","principio_activo":"","indicaciones":"","concentracion":"","dosis_y_modo_de_empleo":"","precauciones":"","tiempo_de_retiro":"","via_de_administracion1":[]},"jetpack_publicize_connections":[],"jetpack_sharing_enabled":true,"_links":{"self":[{"href":"https:\/\/geneticatricolor.com\/home\/wp-json\/wp\/v2\/product\/71772","targetHints":{"allow":["GET"]}}],"collection":[{"href":"https:\/\/geneticatricolor.com\/home\/wp-json\/wp\/v2\/product"}],"about":[{"href":"https:\/\/geneticatricolor.com\/home\/wp-json\/wp\/v2\/types\/product"}],"author":[{"embeddable":true,"href":"https:\/\/geneticatricolor.com\/home\/wp-json\/wp\/v2\/users\/1"}],"replies":[{"embeddable":true,"href":"https:\/\/geneticatricolor.com\/home\/wp-json\/wp\/v2\/comments?post=71772"}],"wp:featuredmedia":[{"embeddable":true,"href":"https:\/\/geneticatricolor.com\/home\/wp-json\/wp\/v2\/media\/71771"}],"wp:attachment":[{"href":"https:\/\/geneticatricolor.com\/home\/wp-json\/wp\/v2\/media?parent=71772"}],"wp:term":[{"taxonomy":"product_brand","embeddable":true,"href":"https:\/\/geneticatricolor.com\/home\/wp-json\/wp\/v2\/product_brand?post=71772"},{"taxonomy":"product_cat","embeddable":true,"href":"https:\/\/geneticatricolor.com\/home\/wp-json\/wp\/v2\/product_cat?post=71772"},{"taxonomy":"product_tag","embeddable":true,"href":"https:\/\/geneticatricolor.com\/home\/wp-json\/wp\/v2\/product_tag?post=71772"}],"curies":[{"name":"wp","href":"https:\/\/api.w.org\/{rel}","templated":true}]}}